{"id":7194,"date":"2024-01-18T17:01:37","date_gmt":"2024-01-18T17:01:37","guid":{"rendered":"https:\/\/radros.org\/accueil\/les-partenariats-internationaux\/"},"modified":"2025-06-03T15:16:01","modified_gmt":"2025-06-03T15:16:01","slug":"les-partenariats-internationaux","status":"publish","type":"page","link":"https:\/\/radros.org\/fr\/accueil\/les-partenariats-internationaux\/","title":{"rendered":"Les partenariats internationaux"},"content":{"rendered":"\t\t<div data-elementor-type=\"wp-page\" data-elementor-id=\"7194\" class=\"elementor elementor-7194 elementor-3340\" data-elementor-settings=\"{&quot;ha_cmc_init_switcher&quot;:&quot;no&quot;}\" data-elementor-post-type=\"page\">\n\t\t\t\t<div class=\"elementor-element elementor-element-29cd629 e-con-full e-flex e-con e-parent\" data-id=\"29cd629\" data-element_type=\"container\" data-settings=\"{&quot;background_background&quot;:&quot;slideshow&quot;,&quot;background_slideshow_gallery&quot;:[{&quot;id&quot;:2705,&quot;url&quot;:&quot;https:\\\/\\\/radros.org\\\/wp-content\\\/uploads\\\/2024\\\/01\\\/IMG_0863-1.gif&quot;}],&quot;background_slideshow_loop&quot;:&quot;yes&quot;,&quot;background_slideshow_slide_duration&quot;:5000,&quot;background_slideshow_slide_transition&quot;:&quot;fade&quot;,&quot;background_slideshow_transition_duration&quot;:500,&quot;_ha_eqh_enable&quot;:false}\">\n\t\t\t\t<div class=\"elementor-element elementor-element-38b4ec8 elementor-widget elementor-widget-spacer\" data-id=\"38b4ec8\" data-element_type=\"widget\" data-widget_type=\"spacer.default\">\n\t\t\t\t<div class=\"elementor-widget-container\">\n\t\t\t\t\t\t\t<div class=\"elementor-spacer\">\n\t\t\t<div class=\"elementor-spacer-inner\"><\/div>\n\t\t<\/div>\n\t\t\t\t\t\t<\/div>\n\t\t\t\t<\/div>\n\t\t\t\t<div class=\"elementor-element elementor-element-7dbcec8 elementor-widget elementor-widget-heading\" data-id=\"7dbcec8\" data-element_type=\"widget\" data-widget_type=\"heading.default\">\n\t\t\t\t<div class=\"elementor-widget-container\">\n\t\t\t\t\t<h1 class=\"elementor-heading-title elementor-size-default\">Le r\u00e9seau des associations de d\u00e9veloppement ''rameau d'olive''<\/h1>\t\t\t\t<\/div>\n\t\t\t\t<\/div>\n\t\t\t\t<div class=\"elementor-element elementor-element-479f906 elementor-widget elementor-widget-heading\" data-id=\"479f906\" data-element_type=\"widget\" data-widget_type=\"heading.default\">\n\t\t\t\t<div class=\"elementor-widget-container\">\n\t\t\t\t\t<h1 class=\"elementor-heading-title elementor-size-default\">Nous construisons la Tunisie de nos propres mains<br>\nNous investissons votre confiance dans le bien<\/h1>\t\t\t\t<\/div>\n\t\t\t\t<\/div>\n\t\t\t\t<\/div>\n\t\t<div class=\"elementor-element elementor-element-4987348 e-con-full e-flex e-con e-parent\" data-id=\"4987348\" data-element_type=\"container\" data-settings=\"{&quot;_ha_eqh_enable&quot;:false}\">\n\t\t<div class=\"elementor-element elementor-element-5dd5e72 e-con-full e-flex e-con e-child\" data-id=\"5dd5e72\" data-element_type=\"container\" data-settings=\"{&quot;_ha_eqh_enable&quot;:false}\">\n\t\t<div class=\"elementor-element elementor-element-05b92cd e-con-full e-flex e-con e-child\" data-id=\"05b92cd\" data-element_type=\"container\" data-settings=\"{&quot;_ha_eqh_enable&quot;:false}\">\n\t\t\t\t<div class=\"elementor-element elementor-element-f177016 elementor-widget elementor-widget-spacer\" data-id=\"f177016\" data-element_type=\"widget\" data-widget_type=\"spacer.default\">\n\t\t\t\t<div class=\"elementor-widget-container\">\n\t\t\t\t\t\t\t<div class=\"elementor-spacer\">\n\t\t\t<div class=\"elementor-spacer-inner\"><\/div>\n\t\t<\/div>\n\t\t\t\t\t\t<\/div>\n\t\t\t\t<\/div>\n\t\t<div class=\"elementor-element elementor-element-a218373 e-flex e-con-boxed e-con e-child\" data-id=\"a218373\" data-element_type=\"container\" data-settings=\"{&quot;_ha_eqh_enable&quot;:false}\">\n\t\t\t\t\t<div class=\"e-con-inner\">\n\t\t<div class=\"elementor-element elementor-element-4e0b218 e-con-full e-flex e-con e-child\" data-id=\"4e0b218\" data-element_type=\"container\" data-settings=\"{&quot;_ha_eqh_enable&quot;:false}\">\n\t\t\t\t<div class=\"elementor-element elementor-element-3376428 elementor-widget-divider--view-line elementor-widget elementor-widget-divider\" data-id=\"3376428\" data-element_type=\"widget\" data-widget_type=\"divider.default\">\n\t\t\t\t<div class=\"elementor-widget-container\">\n\t\t\t\t\t\t\t<div class=\"elementor-divider\">\n\t\t\t<span class=\"elementor-divider-separator\">\n\t\t\t\t\t\t<\/span>\n\t\t<\/div>\n\t\t\t\t\t\t<\/div>\n\t\t\t\t<\/div>\n\t\t\t\t<\/div>\n\t\t<div class=\"elementor-element elementor-element-a3ea273 e-con-full e-flex e-con e-child\" data-id=\"a3ea273\" data-element_type=\"container\" data-settings=\"{&quot;_ha_eqh_enable&quot;:false}\">\n\t\t\t\t<div class=\"elementor-element elementor-element-2f5cb03 elementor-widget elementor-widget-heading\" data-id=\"2f5cb03\" data-element_type=\"widget\" data-widget_type=\"heading.default\">\n\t\t\t\t<div class=\"elementor-widget-container\">\n\t\t\t\t\t<h2 class=\"elementor-heading-title elementor-size-default\">Les partenariats internationaux<\/h2>\t\t\t\t<\/div>\n\t\t\t\t<\/div>\n\t\t\t\t<\/div>\n\t\t<div class=\"elementor-element elementor-element-2db7012 e-con-full e-flex e-con e-child\" data-id=\"2db7012\" data-element_type=\"container\" data-settings=\"{&quot;_ha_eqh_enable&quot;:false}\">\n\t\t\t\t<div class=\"elementor-element elementor-element-1d7f7ac elementor-widget__width-initial elementor-widget-divider--view-line elementor-widget elementor-widget-divider\" data-id=\"1d7f7ac\" data-element_type=\"widget\" data-widget_type=\"divider.default\">\n\t\t\t\t<div class=\"elementor-widget-container\">\n\t\t\t\t\t\t\t<div class=\"elementor-divider\">\n\t\t\t<span class=\"elementor-divider-separator\">\n\t\t\t\t\t\t<\/span>\n\t\t<\/div>\n\t\t\t\t\t\t<\/div>\n\t\t\t\t<\/div>\n\t\t\t\t<\/div>\n\t\t\t\t\t<\/div>\n\t\t\t\t<\/div>\n\t\t\t\t<\/div>\n\t\t\t\t<\/div>\n\t\t\t\t<\/div>\n\t\t<div class=\"elementor-element elementor-element-610b2a7 e-flex e-con-boxed e-con e-parent\" data-id=\"610b2a7\" data-element_type=\"container\" data-settings=\"{&quot;_ha_eqh_enable&quot;:false}\">\n\t\t\t\t\t<div class=\"e-con-inner\">\n\t\t<div class=\"elementor-element elementor-element-a7a70d6 e-flex e-con-boxed e-con e-child\" data-id=\"a7a70d6\" data-element_type=\"container\" data-settings=\"{&quot;_ha_eqh_enable&quot;:false}\">\n\t\t\t\t\t<div class=\"e-con-inner\">\n\t\t\t\t<div class=\"elementor-element elementor-element-246388d elementor-widget elementor-widget-heading\" data-id=\"246388d\" data-element_type=\"widget\" data-widget_type=\"heading.default\">\n\t\t\t\t<div class=\"elementor-widget-container\">\n\t\t\t\t\t<h2 class=\"elementor-heading-title elementor-size-default\">RADROS a \u00e9tabli des partenariats internationaux, notamment<\/h2>\t\t\t\t<\/div>\n\t\t\t\t<\/div>\n\t\t\t\t<div class=\"elementor-element elementor-element-360efd6 elementor-widget elementor-widget-heading\" data-id=\"360efd6\" data-element_type=\"widget\" data-widget_type=\"heading.default\">\n\t\t\t\t<div class=\"elementor-widget-container\">\n\t\t\t\t\t<h2 class=\"elementor-heading-title elementor-size-default\">\n<\/h2>\t\t\t\t<\/div>\n\t\t\t\t<\/div>\n\t\t\t\t<div class=\"elementor-element elementor-element-c18e574 elementor-widget elementor-widget-text-editor\" data-id=\"c18e574\" data-element_type=\"widget\" data-widget_type=\"text-editor.default\">\n\t\t\t\t<div class=\"elementor-widget-container\">\n\t\t\t\t\t\t\t\t\t<h3>-Convention de communication civilis\u00e9e :<strong> <span style=\"text-decoration: underline;\"><span style=\"color: #ff0000;\"><a style=\"color: #ff0000; text-decoration: underline;\" href=\"https:\/\/radros.org\/wp-content\/uploads\/2024\/09\/%D8%A7%D9%84%D8%AA%D9%88%D8%A7%D8%B5%D9%84-%D8%A7%D9%84%D8%AD%D8%B6%D8%A7%D8%B1%D9%8A.pdf\">l&#8217;accord<\/a><\/span><\/span><\/strong><\/h3>\n<h3>&#8211;<span style=\"font-size: 1.5rem;\">Convention<\/span><span style=\"font-size: 1.5rem;\">&nbsp;<\/span><span style=\"font-size: 1.5rem;\">de la Mis\u00e9ricorde Mondiale : <\/span><span style=\"text-decoration: underline; color: #ff0000;\"><a style=\"font-size: 1.5rem; background-color: #ffffff; color: #ff0000; text-decoration: underline;\" href=\"https:\/\/radros.org\/wp-content\/uploads\/2024\/09\/%D8%A7%D9%84%D8%B1%D8%AD%D9%85%D8%A9-%D8%A7%D9%84%D8%B9%D8%A7%D9%84%D9%85%D9%8A%D8%A9.pdf\"><span style=\"text-decoration-line: underline;\">l&#8217;accord<\/span><\/a><\/span><\/h3>\n<h3><span style=\"font-size: 1.25rem;\">&#8211;<\/span><span style=\"font-size: 1.5rem;\">Convention<\/span><span style=\"font-size: 1.5rem;\">&nbsp;helping hand<\/span><span style=\"font-size: 1.25rem;\">: <\/span><span style=\"font-size: 1.25rem; text-decoration-line: underline; color: #ff0000;\"><a style=\"color: #ff0000;\" href=\"https:\/\/radros.org\/wp-content\/uploads\/2024\/09\/convention-helping-hand.pdf\">l&#8217;accord<\/a><\/span><\/h3>\n<h3><span style=\"font-size: 1.5rem;\">&#8211;<\/span><span style=\"font-size: 1.5rem;\">Convention<\/span><span style=\"font-size: 1.5rem;\">&nbsp;<\/span><span style=\"font-size: 1.5rem;\">de l&#8217;association caritative Al-Najat : <\/span><span style=\"font-size: 1.5rem;\"><span style=\"color: #ff0000;\"><a style=\"color: #ff0000;\" href=\"https:\/\/radros.org\/wp-content\/uploads\/2024\/09\/%D8%A7%D9%84%D9%86%D8%AC%D8%A7%D8%A9-%D8%A7%D9%84%D8%AE%D9%8A%D8%B1%D9%8A%D8%A9.pdf\"><u>l&#8217;accord<\/u><\/a><\/span><\/span><\/h3>\n<h3>-Convention&nbsp;<span style=\"font-size: 1.5rem;\">de d\u00e9veloppement : <\/span><span style=\"font-size: 1.5rem;\"><span style=\"color: #ff0000;\"><a style=\"color: #ff0000;\" href=\"https:\/\/radros.org\/wp-content\/uploads\/2024\/09\/%D8%AA%D9%86%D9%85%D9%8A%D8%A9.pdf\"><u>l&#8217;accord<\/u><\/a><\/span><\/span><\/h3>\n<div>\n<div>\n<div>\n<div>\n<h3>&#8211;<span style=\"font-size: 1.5rem;\">Convention<\/span><span style=\"font-size: 1.5rem;\">&nbsp;<\/span><span style=\"font-size: 1.5rem;\">Cheikh Abdullah Al-Nouri : <\/span><span style=\"font-size: 1.5rem;\"><span style=\"color: #ff0000;\"><a style=\"color: #ff0000;\" href=\"https:\/\/radros.org\/wp-content\/uploads\/2024\/09\/%D8%B4%D9%8A%D8%AE-%D8%B9%D8%A8%D8%AF-%D8%A7%D9%84%D9%84%D9%87-%D8%A7%D9%84%D9%86%D9%88%D8%B1%D9%8A.pdf\"><u>l&#8217;accord<\/u><\/a><\/span><\/span><\/h3>\n<div><span style=\"font-size: 1.5rem;\">&#8211;<\/span><span style=\"color: #202426; font-family: 'Chelsea Market', cursive; font-size: 1.5rem;\">Convention des tunisiens des deux rives france :<\/span><\/div>\n<div>&nbsp;<\/div>\n<\/div>\n<\/div>\n<\/div>\n<\/div>\t\t\t\t\t\t\t\t<\/div>\n\t\t\t\t<\/div>\n\t\t\t\t\t<\/div>\n\t\t\t\t<\/div>\n\t\t\t\t<div class=\"elementor-element elementor-element-84bb5cf elementor-widget elementor-widget-spacer\" data-id=\"84bb5cf\" data-element_type=\"widget\" data-widget_type=\"spacer.default\">\n\t\t\t\t<div class=\"elementor-widget-container\">\n\t\t\t\t\t\t\t<div class=\"elementor-spacer\">\n\t\t\t<div class=\"elementor-spacer-inner\"><\/div>\n\t\t<\/div>\n\t\t\t\t\t\t<\/div>\n\t\t\t\t<\/div>\n\t\t\t\t\t<\/div>\n\t\t\t\t<\/div>\n\t\t<div class=\"elementor-element elementor-element-2f30763 e-con-full e-flex e-con e-parent\" data-id=\"2f30763\" data-element_type=\"container\" data-settings=\"{&quot;_ha_eqh_enable&quot;:false}\">\n\t\t<div class=\"elementor-element elementor-element-e1fbb14 e-con-full e-flex e-con e-child\" data-id=\"e1fbb14\" data-element_type=\"container\" data-settings=\"{&quot;background_background&quot;:&quot;slideshow&quot;,&quot;background_slideshow_gallery&quot;:[{&quot;id&quot;:2698,&quot;url&quot;:&quot;https:\\\/\\\/radros.org\\\/wp-content\\\/uploads\\\/2024\\\/01\\\/IMG_0863.gif&quot;}],&quot;background_slideshow_loop&quot;:&quot;yes&quot;,&quot;background_slideshow_slide_duration&quot;:5000,&quot;background_slideshow_slide_transition&quot;:&quot;fade&quot;,&quot;background_slideshow_transition_duration&quot;:500,&quot;_ha_eqh_enable&quot;:false}\">\n\t\t\t\t<div class=\"elementor-element elementor-element-b2302c2 elementor-widget elementor-widget-heading\" data-id=\"b2302c2\" data-element_type=\"widget\" data-widget_type=\"heading.default\">\n\t\t\t\t<div class=\"elementor-widget-container\">\n\t\t\t\t\t<h1 class=\"elementor-heading-title elementor-size-default\">Nous construisons la Tunisie de nos propres mains<br>\nNous investissons votre confiance dans le bien<\/h1>\t\t\t\t<\/div>\n\t\t\t\t<\/div>\n\t\t\t\t<div class=\"elementor-element elementor-element-01ac72a elementor-widget elementor-widget-heading\" data-id=\"01ac72a\" data-element_type=\"widget\" data-widget_type=\"heading.default\">\n\t\t\t\t<div class=\"elementor-widget-container\">\n\t\t\t\t\t<h1 class=\"elementor-heading-title elementor-size-default\">Change ta vie aujourd\u2019hui<\/h1>\t\t\t\t<\/div>\n\t\t\t\t<\/div>\n\t\t\t\t<div class=\"elementor-element elementor-element-dc3009b ha-dual-button--align-center elementor-widget__width-initial ha-dual-button--layout-queue ha-dual-button--tablet-layout-queue ha-dual-button--mobile-layout-queue elementor-widget elementor-widget-ha-dual-button happy-addon ha-dual-button\" data-id=\"dc3009b\" data-element_type=\"widget\" data-widget_type=\"ha-dual-button.default\">\n\t\t\t\t<div class=\"elementor-widget-container\">\n\t\t\t\t\t        <div class=\"ha-dual-btn-wrapper\">\n            <a class=\"ha-dual-btn ha-dual-btn--left\" href=\"https:\/\/radros.org\/%d8%aa%d9%88%d8%a7%d8%b5%d9%84-%d9%85%d8%b9%d9%86%d8%a7\/%d8%aa%d8%a8%d8%b1%d8%b9\/\">\n                                                    <span >Faites un don maintenant <\/span>\n                                            <\/a>\n                    <\/div>\n        <div class=\"ha-dual-btn-wrapper\">\n            <a class=\"ha-dual-btn ha-dual-btn--right\" href=\"#elementor-action%3Aaction%3Dpopup%3Aopen%26settings%3DeyJpZCI6IjM1NDQiLCJ0b2dnbGUiOnRydWV9\">\n                                                    <span > Contactez-nous<\/span>\n                                            <\/a>\n        <\/div>\n        \t\t\t\t<\/div>\n\t\t\t\t<\/div>\n\t\t\t\t<\/div>\n\t\t\t\t<\/div>\n\t\t\t\t<\/div>\n\t\t","protected":false},"excerpt":{"rendered":"<p>Le r\u00e9seau des associations de d\u00e9veloppement &#8221;rameau d&#8217;olive&#8221; Nous construisons la Tunisie de nos propres mains Nous investissons votre confiance dans le bien Les partenariats internationaux RADROS a \u00e9tabli des partenariats internationaux, notamment -Convention de communication civilis\u00e9e : l&#8217;accord -Convention&nbsp;de la Mis\u00e9ricorde Mondiale : l&#8217;accord -Convention&nbsp;helping hand: l&#8217;accord -Convention&nbsp;de l&#8217;association caritative Al-Najat : l&#8217;accord -Convention&nbsp;de [&hellip;]<\/p>\n","protected":false},"author":1,"featured_media":0,"parent":1709,"menu_order":0,"comment_status":"closed","ping_status":"closed","template":"elementor_header_footer","meta":{"_acf_changed":false,"give_campaign_id":0,"footnotes":""},"class_list":["post-7194","page","type-page","status-publish","hentry"],"acf":[],"campaignId":"","_links":{"self":[{"href":"https:\/\/radros.org\/fr\/wp-json\/wp\/v2\/pages\/7194","targetHints":{"allow":["GET"]}}],"collection":[{"href":"https:\/\/radros.org\/fr\/wp-json\/wp\/v2\/pages"}],"about":[{"href":"https:\/\/radros.org\/fr\/wp-json\/wp\/v2\/types\/page"}],"author":[{"embeddable":true,"href":"https:\/\/radros.org\/fr\/wp-json\/wp\/v2\/users\/1"}],"replies":[{"embeddable":true,"href":"https:\/\/radros.org\/fr\/wp-json\/wp\/v2\/comments?post=7194"}],"version-history":[{"count":33,"href":"https:\/\/radros.org\/fr\/wp-json\/wp\/v2\/pages\/7194\/revisions"}],"predecessor-version":[{"id":9554,"href":"https:\/\/radros.org\/fr\/wp-json\/wp\/v2\/pages\/7194\/revisions\/9554"}],"up":[{"embeddable":true,"href":"https:\/\/radros.org\/fr\/wp-json\/wp\/v2\/pages\/1709"}],"wp:attachment":[{"href":"https:\/\/radros.org\/fr\/wp-json\/wp\/v2\/media?parent=7194"}],"curies":[{"name":"wp","href":"https:\/\/api.w.org\/{rel}","templated":true}]}}