{"id":7305,"date":"2024-01-18T16:54:22","date_gmt":"2024-01-18T16:54:22","guid":{"rendered":"https:\/\/radros.org\/accueil\/les-partenariats-nationaux\/"},"modified":"2025-06-03T15:26:03","modified_gmt":"2025-06-03T15:26:03","slug":"les-partenariats-nationaux","status":"publish","type":"page","link":"https:\/\/radros.org\/fr\/accueil\/les-partenariats-nationaux\/","title":{"rendered":"Les partenariats nationaux"},"content":{"rendered":"\t\t<div data-elementor-type=\"wp-page\" data-elementor-id=\"7305\" class=\"elementor elementor-7305 elementor-3335\" data-elementor-settings=\"{&quot;ha_cmc_init_switcher&quot;:&quot;no&quot;}\" data-elementor-post-type=\"page\">\n\t\t\t\t<div class=\"elementor-element elementor-element-156a2db e-con-full e-flex e-con e-parent\" data-id=\"156a2db\" data-element_type=\"container\" data-settings=\"{&quot;background_background&quot;:&quot;slideshow&quot;,&quot;background_slideshow_gallery&quot;:[{&quot;id&quot;:2705,&quot;url&quot;:&quot;https:\\\/\\\/radros.org\\\/wp-content\\\/uploads\\\/2024\\\/01\\\/IMG_0863-1.gif&quot;}],&quot;background_slideshow_loop&quot;:&quot;yes&quot;,&quot;background_slideshow_slide_duration&quot;:5000,&quot;background_slideshow_slide_transition&quot;:&quot;fade&quot;,&quot;background_slideshow_transition_duration&quot;:500,&quot;_ha_eqh_enable&quot;:false}\">\n\t\t<div class=\"elementor-element elementor-element-7cdb5ff e-con-full e-flex e-con e-child\" data-id=\"7cdb5ff\" data-element_type=\"container\" data-settings=\"{&quot;_ha_eqh_enable&quot;:false}\">\n\t\t<div class=\"elementor-element elementor-element-f64ad12 e-con-full e-flex e-con e-child\" data-id=\"f64ad12\" data-element_type=\"container\" data-settings=\"{&quot;background_background&quot;:&quot;slideshow&quot;,&quot;background_slideshow_gallery&quot;:[],&quot;background_slideshow_loop&quot;:&quot;yes&quot;,&quot;background_slideshow_slide_duration&quot;:5000,&quot;background_slideshow_slide_transition&quot;:&quot;fade&quot;,&quot;background_slideshow_transition_duration&quot;:500,&quot;_ha_eqh_enable&quot;:false}\">\n\t\t\t\t<div class=\"elementor-element elementor-element-6b4bbd8 elementor-widget elementor-widget-spacer\" data-id=\"6b4bbd8\" data-element_type=\"widget\" data-widget_type=\"spacer.default\">\n\t\t\t\t<div class=\"elementor-widget-container\">\n\t\t\t\t\t\t\t<div class=\"elementor-spacer\">\n\t\t\t<div class=\"elementor-spacer-inner\"><\/div>\n\t\t<\/div>\n\t\t\t\t\t\t<\/div>\n\t\t\t\t<\/div>\n\t\t\t\t<div class=\"elementor-element elementor-element-2b4a908 elementor-widget elementor-widget-heading\" data-id=\"2b4a908\" data-element_type=\"widget\" data-widget_type=\"heading.default\">\n\t\t\t\t<div class=\"elementor-widget-container\">\n\t\t\t\t\t<h1 class=\"elementor-heading-title elementor-size-default\">Le r\u00e9seau des associations de d\u00e9veloppement ''rameau d'olive''<\/h1>\t\t\t\t<\/div>\n\t\t\t\t<\/div>\n\t\t\t\t<div class=\"elementor-element elementor-element-e21db1b elementor-widget elementor-widget-heading\" data-id=\"e21db1b\" data-element_type=\"widget\" data-widget_type=\"heading.default\">\n\t\t\t\t<div class=\"elementor-widget-container\">\n\t\t\t\t\t<h1 class=\"elementor-heading-title elementor-size-default\">Nous construisons la Tunisie de nos propres mains<br>\nNous investissons votre confiance dans le bien<\/h1>\t\t\t\t<\/div>\n\t\t\t\t<\/div>\n\t\t\t\t<\/div>\n\t\t\t\t<\/div>\n\t\t\t\t<\/div>\n\t\t<div class=\"elementor-element elementor-element-99ed678 e-con-full e-flex e-con e-parent\" data-id=\"99ed678\" data-element_type=\"container\" data-settings=\"{&quot;_ha_eqh_enable&quot;:false}\">\n\t\t<div class=\"elementor-element elementor-element-21e1af9 e-con-full e-flex e-con e-child\" data-id=\"21e1af9\" data-element_type=\"container\" data-settings=\"{&quot;_ha_eqh_enable&quot;:false}\">\n\t\t\t\t<div class=\"elementor-element elementor-element-40f261d elementor-widget elementor-widget-spacer\" data-id=\"40f261d\" data-element_type=\"widget\" data-widget_type=\"spacer.default\">\n\t\t\t\t<div class=\"elementor-widget-container\">\n\t\t\t\t\t\t\t<div class=\"elementor-spacer\">\n\t\t\t<div class=\"elementor-spacer-inner\"><\/div>\n\t\t<\/div>\n\t\t\t\t\t\t<\/div>\n\t\t\t\t<\/div>\n\t\t\t\t<\/div>\n\t\t\t\t<\/div>\n\t\t<div class=\"elementor-element elementor-element-c92642f e-flex e-con-boxed e-con e-parent\" data-id=\"c92642f\" data-element_type=\"container\" data-settings=\"{&quot;_ha_eqh_enable&quot;:false}\">\n\t\t\t\t\t<div class=\"e-con-inner\">\n\t\t<div class=\"elementor-element elementor-element-5dfe713 e-flex e-con-boxed e-con e-child\" data-id=\"5dfe713\" data-element_type=\"container\" data-settings=\"{&quot;_ha_eqh_enable&quot;:false}\">\n\t\t\t\t\t<div class=\"e-con-inner\">\n\t\t<div class=\"elementor-element elementor-element-dc897ab e-con-full e-flex e-con e-child\" data-id=\"dc897ab\" data-element_type=\"container\" data-settings=\"{&quot;_ha_eqh_enable&quot;:false}\">\n\t\t\t\t<div class=\"elementor-element elementor-element-99fb950 elementor-widget-divider--view-line elementor-widget elementor-widget-divider\" data-id=\"99fb950\" data-element_type=\"widget\" data-widget_type=\"divider.default\">\n\t\t\t\t<div class=\"elementor-widget-container\">\n\t\t\t\t\t\t\t<div class=\"elementor-divider\">\n\t\t\t<span class=\"elementor-divider-separator\">\n\t\t\t\t\t\t<\/span>\n\t\t<\/div>\n\t\t\t\t\t\t<\/div>\n\t\t\t\t<\/div>\n\t\t\t\t<\/div>\n\t\t<div class=\"elementor-element elementor-element-1dc21c0 e-con-full e-flex e-con e-child\" data-id=\"1dc21c0\" data-element_type=\"container\" data-settings=\"{&quot;_ha_eqh_enable&quot;:false}\">\n\t\t\t\t<div class=\"elementor-element elementor-element-fd80a43 elementor-widget__width-initial elementor-widget elementor-widget-heading\" data-id=\"fd80a43\" data-element_type=\"widget\" data-widget_type=\"heading.default\">\n\t\t\t\t<div class=\"elementor-widget-container\">\n\t\t\t\t\t<h2 class=\"elementor-heading-title elementor-size-default\">Les partenariats nationaux<\/h2>\t\t\t\t<\/div>\n\t\t\t\t<\/div>\n\t\t\t\t<\/div>\n\t\t<div class=\"elementor-element elementor-element-db17e82 e-con-full e-flex e-con e-child\" data-id=\"db17e82\" data-element_type=\"container\" data-settings=\"{&quot;_ha_eqh_enable&quot;:false}\">\n\t\t\t\t<div class=\"elementor-element elementor-element-08cc6ff elementor-widget__width-initial elementor-widget-divider--view-line elementor-widget elementor-widget-divider\" data-id=\"08cc6ff\" data-element_type=\"widget\" data-widget_type=\"divider.default\">\n\t\t\t\t<div class=\"elementor-widget-container\">\n\t\t\t\t\t\t\t<div class=\"elementor-divider\">\n\t\t\t<span class=\"elementor-divider-separator\">\n\t\t\t\t\t\t<\/span>\n\t\t<\/div>\n\t\t\t\t\t\t<\/div>\n\t\t\t\t<\/div>\n\t\t\t\t<\/div>\n\t\t\t\t\t<\/div>\n\t\t\t\t<\/div>\n\t\t\t\t\t<\/div>\n\t\t\t\t<\/div>\n\t\t<div class=\"elementor-element elementor-element-1e9b529 e-flex e-con-boxed e-con e-parent\" data-id=\"1e9b529\" data-element_type=\"container\" data-settings=\"{&quot;_ha_eqh_enable&quot;:false}\">\n\t\t\t\t\t<div class=\"e-con-inner\">\n\t\t\t\t<div class=\"elementor-element elementor-element-bb7c8fc elementor-widget elementor-widget-heading\" data-id=\"bb7c8fc\" data-element_type=\"widget\" data-widget_type=\"heading.default\">\n\t\t\t\t<div class=\"elementor-widget-container\">\n\t\t\t\t\t<h2 class=\"elementor-heading-title elementor-size-default\">RADROS a \u00e9tabli des partenariats nationaux notamment :<\/h2>\t\t\t\t<\/div>\n\t\t\t\t<\/div>\n\t\t\t\t<div class=\"elementor-element elementor-element-368be43 elementor-widget elementor-widget-text-editor\" data-id=\"368be43\" data-element_type=\"widget\" data-widget_type=\"text-editor.default\">\n\t\t\t\t<div class=\"elementor-widget-container\">\n\t\t\t\t\t\t\t\t\t<div class=\"fusion-fullwidth fullwidth-box fusion-builder-row-1 fusion-flex-container nonhundred-percent-fullwidth non-hundred-percent-height-scrolling\"><div class=\"fusion-builder-row fusion-row fusion-flex-align-items-flex-start\"><div class=\"fusion-layout-column fusion_builder_column fusion-builder-column-0 fusion_builder_column_1_1 1_1 fusion-flex-column\"><div class=\"fusion-column-wrapper fusion-flex-justify-content-flex-start fusion-content-layout-column\"><div class=\"fusion-text fusion-text-2\"><h4 dir=\"RTL\">Convention avec le minist\u00e8re de l&#8217;\u00e9ducation : <strong><span style=\"text-decoration: underline; color: #e62525;\"><a style=\"color: #e62525; text-decoration: underline;\" href=\"https:\/\/radros.org\/wp-content\/uploads\/2024\/01\/%D8%A7%D8%AA%D9%81%D8%A7%D9%82%D9%8A%D8%A9-%D9%88%D8%B2%D8%A7%D8%B1%D8%A9-%D8%A7%D9%84%D8%AA%D8%B1%D8%A8%D9%8A%D8%A9.pdf\">l&#8217;accord<\/a><\/span><span style=\"color: #000000;\">&#8211;<\/span><\/strong><\/h4><\/div><\/div><\/div><\/div><\/div>\t\t\t\t\t\t\t\t<\/div>\n\t\t\t\t<\/div>\n\t\t\t\t<div class=\"elementor-element elementor-element-16aa819 elementor-widget elementor-widget-text-editor\" data-id=\"16aa819\" data-element_type=\"widget\" data-widget_type=\"text-editor.default\">\n\t\t\t\t<div class=\"elementor-widget-container\">\n\t\t\t\t\t\t\t\t\t<div class=\"fusion-fullwidth fullwidth-box fusion-builder-row-1 fusion-flex-container nonhundred-percent-fullwidth non-hundred-percent-height-scrolling\"><div class=\"fusion-layout-column fusion_builder_column fusion-builder-column-0 fusion_builder_column_1_1 1_1 fusion-flex-column\"><div class=\"fusion-column-wrapper fusion-flex-justify-content-flex-start fusion-content-layout-column\"><div class=\"fusion-text fusion-text-2\"><h4 dir=\"RTL\">Convention avec le minist\u00e8re des affaires sociales : <strong><span style=\"text-decoration: underline; color: #eb2121;\"><a style=\"color: #eb2121; text-decoration: underline;\" href=\"https:\/\/radros.org\/wp-content\/uploads\/2024\/01\/%D8%A7%D8%AA%D9%81%D8%A7%D9%82%D9%8A%D8%A9-%D9%88%D8%B2%D8%A7%D8%B1%D8%A9-%D8%A7%D9%84%D8%B4%D8%A4%D9%88%D9%86-%D8%A7%D9%84%D8%A7%D8%AC%D8%AA%D9%85%D8%A7%D8%B9%D9%8A%D8%A9-%D9%85%D9%85%D8%B6%D8%A7%D8%A9.pdf\">l&#8217;accord<\/a><\/span><span style=\"color: #000000;\">&#8211;<\/span><\/strong><\/h4><\/div><\/div><\/div><\/div>\t\t\t\t\t\t\t\t<\/div>\n\t\t\t\t<\/div>\n\t\t\t\t<div class=\"elementor-element elementor-element-615e86a elementor-widget elementor-widget-text-editor\" data-id=\"615e86a\" data-element_type=\"widget\" data-widget_type=\"text-editor.default\">\n\t\t\t\t<div class=\"elementor-widget-container\">\n\t\t\t\t\t\t\t\t\t<div class=\"fusion-fullwidth fullwidth-box fusion-builder-row-1 fusion-flex-container nonhundred-percent-fullwidth non-hundred-percent-height-scrolling\"><div class=\"fusion-layout-column fusion_builder_column fusion-builder-column-0 fusion_builder_column_1_1 1_1 fusion-flex-column\"><div class=\"fusion-column-wrapper fusion-flex-justify-content-flex-start fusion-content-layout-column\"><div class=\"fusion-text fusion-text-2\"><h4 dir=\"RTL\">Convention avec la d\u00e9l\u00e9gation r\u00e9gionale de l&#8217;artisanat : <strong><span style=\"text-decoration: underline; color: #e62525;\"><a style=\"color: #e62525; text-decoration: underline;\" href=\"https:\/\/radros.org\/wp-content\/uploads\/2024\/03\/%D8%A7%D9%84%D9%85%D9%86%D8%AF%D9%88%D8%A8%D9%8A%D8%A9-%D8%A7%D9%84%D8%AC%D9%87%D9%88%D9%8A%D8%A9-%D9%84%D9%84%D8%B5%D9%86%D8%A7%D8%B9%D8%A7%D8%AA-%D8%A7%D9%84%D8%AA%D9%82%D9%84%D8%AF%D9%8A%D8%A9.pdf\">l&#8217;accord<\/a><\/span><span style=\"color: #000000;\">&#8211;<\/span><\/strong><\/h4><\/div><\/div><\/div><\/div>\t\t\t\t\t\t\t\t<\/div>\n\t\t\t\t<\/div>\n\t\t\t\t<div class=\"elementor-element elementor-element-156f829 elementor-widget elementor-widget-text-editor\" data-id=\"156f829\" data-element_type=\"widget\" data-widget_type=\"text-editor.default\">\n\t\t\t\t<div class=\"elementor-widget-container\">\n\t\t\t\t\t\t\t\t\t<div class=\"fusion-fullwidth fullwidth-box fusion-builder-row-1 fusion-flex-container nonhundred-percent-fullwidth non-hundred-percent-height-scrolling\"><div class=\"fusion-builder-row fusion-row fusion-flex-align-items-flex-start\"><div class=\"fusion-layout-column fusion_builder_column fusion-builder-column-0 fusion_builder_column_1_1 1_1 fusion-flex-column\"><div class=\"fusion-column-wrapper fusion-flex-justify-content-flex-start fusion-content-layout-column\"><div class=\"fusion-text fusion-text-2\"><h4 dir=\"RTL\">Convention avec la commission r\u00e9gionale de solidarit\u00e9 sociale : <strong><span style=\"text-decoration: underline; color: #e62525;\"><a style=\"color: #e62525; text-decoration: underline;\" href=\"https:\/\/radros.org\/wp-content\/uploads\/2024\/03\/%D8%A7%D9%84%D9%84%D8%AC%D9%86%D8%A9-%D8%A7%D9%84%D8%AC%D9%87%D9%88%D9%8A%D8%A9-%D9%84%D9%84%D8%AA%D8%B6%D8%A7%D9%85%D9%86-%D8%A7%D9%84%D8%AC%D8%AA%D9%85%D8%A7%D8%B9%D9%8A.pdf\">l&#8217;accord<\/a><\/span><span style=\"color: #000000;\">&#8211;<\/span><\/strong><\/h4><\/div><\/div><\/div><\/div><\/div>\t\t\t\t\t\t\t\t<\/div>\n\t\t\t\t<\/div>\n\t\t\t\t<div class=\"elementor-element elementor-element-c00866d elementor-widget elementor-widget-text-editor\" data-id=\"c00866d\" data-element_type=\"widget\" data-widget_type=\"text-editor.default\">\n\t\t\t\t<div class=\"elementor-widget-container\">\n\t\t\t\t\t\t\t\t\t<div class=\"fusion-fullwidth fullwidth-box fusion-builder-row-1 fusion-flex-container nonhundred-percent-fullwidth non-hundred-percent-height-scrolling\"><div class=\"fusion-builder-row fusion-row fusion-flex-align-items-flex-start\"><div class=\"fusion-layout-column fusion_builder_column fusion-builder-column-0 fusion_builder_column_1_1 1_1 fusion-flex-column\"><div class=\"fusion-column-wrapper fusion-flex-justify-content-flex-start fusion-content-layout-column\"><div class=\"fusion-text fusion-text-2\"><h4 dir=\"RTL\">\u00a0: Convention cadre de coop\u00e9ration avec la D\u00e9l\u00e9gation R\u00e9gionale de la Sant\u00e9 \u00e0 Kasserine<strong><span style=\"color: #000000;\">&#8211;<\/span><\/strong><\/h4><\/div><\/div><\/div><\/div><\/div>\t\t\t\t\t\t\t\t<\/div>\n\t\t\t\t<\/div>\n\t\t\t\t<div class=\"elementor-element elementor-element-e92476e elementor-widget elementor-widget-spacer\" data-id=\"e92476e\" data-element_type=\"widget\" data-widget_type=\"spacer.default\">\n\t\t\t\t<div class=\"elementor-widget-container\">\n\t\t\t\t\t\t\t<div class=\"elementor-spacer\">\n\t\t\t<div class=\"elementor-spacer-inner\"><\/div>\n\t\t<\/div>\n\t\t\t\t\t\t<\/div>\n\t\t\t\t<\/div>\n\t\t\t\t<div class=\"elementor-element elementor-element-1a68790 elementor-widget elementor-widget-heading\" data-id=\"1a68790\" data-element_type=\"widget\" data-widget_type=\"heading.default\">\n\t\t\t\t<div class=\"elementor-widget-container\">\n\t\t\t\t\t<h2 class=\"elementor-heading-title elementor-size-default\">\n<\/h2>\t\t\t\t<\/div>\n\t\t\t\t<\/div>\n\t\t\t\t\t<\/div>\n\t\t\t\t<\/div>\n\t\t<div class=\"elementor-element elementor-element-9609f76 e-con-full e-flex e-con e-parent\" data-id=\"9609f76\" data-element_type=\"container\" data-settings=\"{&quot;_ha_eqh_enable&quot;:false}\">\n\t\t<div class=\"elementor-element elementor-element-3d0ce5f e-con-full e-flex e-con e-child\" data-id=\"3d0ce5f\" data-element_type=\"container\" data-settings=\"{&quot;background_background&quot;:&quot;slideshow&quot;,&quot;background_slideshow_gallery&quot;:[{&quot;id&quot;:2698,&quot;url&quot;:&quot;https:\\\/\\\/radros.org\\\/wp-content\\\/uploads\\\/2024\\\/01\\\/IMG_0863.gif&quot;}],&quot;background_slideshow_loop&quot;:&quot;yes&quot;,&quot;background_slideshow_slide_duration&quot;:5000,&quot;background_slideshow_slide_transition&quot;:&quot;fade&quot;,&quot;background_slideshow_transition_duration&quot;:500,&quot;_ha_eqh_enable&quot;:false}\">\n\t\t\t\t<div class=\"elementor-element elementor-element-c01d1d5 elementor-widget elementor-widget-heading\" data-id=\"c01d1d5\" data-element_type=\"widget\" data-widget_type=\"heading.default\">\n\t\t\t\t<div class=\"elementor-widget-container\">\n\t\t\t\t\t<h1 class=\"elementor-heading-title elementor-size-default\">Nous construisons la Tunisie de nos propres mains<br>\nNous investissons votre confiance dans le bien<\/h1>\t\t\t\t<\/div>\n\t\t\t\t<\/div>\n\t\t\t\t<div class=\"elementor-element elementor-element-36a2739 elementor-widget elementor-widget-heading\" data-id=\"36a2739\" data-element_type=\"widget\" data-widget_type=\"heading.default\">\n\t\t\t\t<div class=\"elementor-widget-container\">\n\t\t\t\t\t<h1 class=\"elementor-heading-title elementor-size-default\">Change ta vie aujourd\u2019hui<\/h1>\t\t\t\t<\/div>\n\t\t\t\t<\/div>\n\t\t\t\t<div class=\"elementor-element elementor-element-4f81a93 ha-dual-button--align-center elementor-widget__width-initial ha-dual-button--layout-queue ha-dual-button--tablet-layout-queue ha-dual-button--mobile-layout-queue elementor-widget elementor-widget-ha-dual-button happy-addon ha-dual-button\" data-id=\"4f81a93\" data-element_type=\"widget\" data-widget_type=\"ha-dual-button.default\">\n\t\t\t\t<div class=\"elementor-widget-container\">\n\t\t\t\t\t        <div class=\"ha-dual-btn-wrapper\">\n            <a class=\"ha-dual-btn ha-dual-btn--left\" href=\"https:\/\/radros.org\/%d8%aa%d9%88%d8%a7%d8%b5%d9%84-%d9%85%d8%b9%d9%86%d8%a7\/%d8%aa%d8%a8%d8%b1%d8%b9\/\">\n                                                    <span >Faites un don maintenant <\/span>\n                                            <\/a>\n                    <\/div>\n        <div class=\"ha-dual-btn-wrapper\">\n            <a class=\"ha-dual-btn ha-dual-btn--right\" href=\"#elementor-action%3Aaction%3Dpopup%3Aopen%26settings%3DeyJpZCI6IjM1NDQiLCJ0b2dnbGUiOnRydWV9\">\n                                                    <span > Contactez-nous<\/span>\n                                            <\/a>\n        <\/div>\n        \t\t\t\t<\/div>\n\t\t\t\t<\/div>\n\t\t\t\t<\/div>\n\t\t\t\t<\/div>\n\t\t\t\t<\/div>\n\t\t","protected":false},"excerpt":{"rendered":"<p>Le r\u00e9seau des associations de d\u00e9veloppement &#8221;rameau d&#8217;olive&#8221; Nous construisons la Tunisie de nos propres mains Nous investissons votre confiance dans le bien Les partenariats nationaux RADROS a \u00e9tabli des partenariats nationaux notamment : Convention avec le minist\u00e8re de l&#8217;\u00e9ducation : l&#8217;accord&#8211; Convention avec le minist\u00e8re des affaires sociales : l&#8217;accord&#8211; Convention avec la d\u00e9l\u00e9gation [&hellip;]<\/p>\n","protected":false},"author":1,"featured_media":0,"parent":1709,"menu_order":0,"comment_status":"closed","ping_status":"closed","template":"elementor_header_footer","meta":{"_acf_changed":false,"give_campaign_id":0,"footnotes":""},"class_list":["post-7305","page","type-page","status-publish","hentry"],"acf":[],"campaignId":"","_links":{"self":[{"href":"https:\/\/radros.org\/fr\/wp-json\/wp\/v2\/pages\/7305","targetHints":{"allow":["GET"]}}],"collection":[{"href":"https:\/\/radros.org\/fr\/wp-json\/wp\/v2\/pages"}],"about":[{"href":"https:\/\/radros.org\/fr\/wp-json\/wp\/v2\/types\/page"}],"author":[{"embeddable":true,"href":"https:\/\/radros.org\/fr\/wp-json\/wp\/v2\/users\/1"}],"replies":[{"embeddable":true,"href":"https:\/\/radros.org\/fr\/wp-json\/wp\/v2\/comments?post=7305"}],"version-history":[{"count":72,"href":"https:\/\/radros.org\/fr\/wp-json\/wp\/v2\/pages\/7305\/revisions"}],"predecessor-version":[{"id":9564,"href":"https:\/\/radros.org\/fr\/wp-json\/wp\/v2\/pages\/7305\/revisions\/9564"}],"up":[{"embeddable":true,"href":"https:\/\/radros.org\/fr\/wp-json\/wp\/v2\/pages\/1709"}],"wp:attachment":[{"href":"https:\/\/radros.org\/fr\/wp-json\/wp\/v2\/media?parent=7305"}],"curies":[{"name":"wp","href":"https:\/\/api.w.org\/{rel}","templated":true}]}}