{"id":7309,"date":"2024-01-18T11:23:07","date_gmt":"2024-01-18T11:23:07","guid":{"rendered":"https:\/\/radros.org\/qui-sommes-nous\/"},"modified":"2026-02-28T08:55:19","modified_gmt":"2026-02-28T08:55:19","slug":"qui-sommes-nous","status":"publish","type":"page","link":"https:\/\/radros.org\/fr\/presentation-de-reseau\/qui-sommes-nous\/","title":{"rendered":"Qui sommes-nous"},"content":{"rendered":"\t\t<div data-elementor-type=\"wp-page\" data-elementor-id=\"7309\" class=\"elementor elementor-7309 elementor-3144\" data-elementor-settings=\"{&quot;ha_cmc_init_switcher&quot;:&quot;no&quot;}\" data-elementor-post-type=\"page\">\n\t\t\t\t<div class=\"elementor-element elementor-element-2013607 e-con-full e-flex e-con e-parent\" data-id=\"2013607\" data-element_type=\"container\" data-settings=\"{&quot;background_background&quot;:&quot;gradient&quot;,&quot;_ha_eqh_enable&quot;:false}\">\n\t\t<div class=\"elementor-element elementor-element-2937efb e-con-full e-flex e-con e-child\" data-id=\"2937efb\" data-element_type=\"container\" data-settings=\"{&quot;background_background&quot;:&quot;gradient&quot;,&quot;_ha_eqh_enable&quot;:false}\">\n\t\t<div class=\"elementor-element elementor-element-1503f3c e-con-full e-flex e-con e-child\" data-id=\"1503f3c\" data-element_type=\"container\" data-settings=\"{&quot;background_background&quot;:&quot;slideshow&quot;,&quot;background_slideshow_gallery&quot;:[],&quot;background_slideshow_loop&quot;:&quot;yes&quot;,&quot;background_slideshow_slide_duration&quot;:5000,&quot;background_slideshow_slide_transition&quot;:&quot;fade&quot;,&quot;background_slideshow_transition_duration&quot;:500,&quot;_ha_eqh_enable&quot;:false}\">\n\t\t\t\t<div class=\"elementor-element elementor-element-25a6011 elementor-widget elementor-widget-spacer\" data-id=\"25a6011\" data-element_type=\"widget\" data-widget_type=\"spacer.default\">\n\t\t\t\t<div class=\"elementor-widget-container\">\n\t\t\t\t\t\t\t<div class=\"elementor-spacer\">\n\t\t\t<div class=\"elementor-spacer-inner\"><\/div>\n\t\t<\/div>\n\t\t\t\t\t\t<\/div>\n\t\t\t\t<\/div>\n\t\t\t\t<div class=\"elementor-element elementor-element-52f184d elementor-widget elementor-widget-spacer\" data-id=\"52f184d\" data-element_type=\"widget\" data-widget_type=\"spacer.default\">\n\t\t\t\t<div class=\"elementor-widget-container\">\n\t\t\t\t\t\t\t<div class=\"elementor-spacer\">\n\t\t\t<div class=\"elementor-spacer-inner\"><\/div>\n\t\t<\/div>\n\t\t\t\t\t\t<\/div>\n\t\t\t\t<\/div>\n\t\t\t\t<div class=\"elementor-element elementor-element-6d16d36 elementor-widget elementor-widget-spacer\" data-id=\"6d16d36\" data-element_type=\"widget\" data-widget_type=\"spacer.default\">\n\t\t\t\t<div class=\"elementor-widget-container\">\n\t\t\t\t\t\t\t<div class=\"elementor-spacer\">\n\t\t\t<div class=\"elementor-spacer-inner\"><\/div>\n\t\t<\/div>\n\t\t\t\t\t\t<\/div>\n\t\t\t\t<\/div>\n\t\t\t\t<div class=\"elementor-element elementor-element-b340f35 elementor-widget elementor-widget-spacer\" data-id=\"b340f35\" data-element_type=\"widget\" data-widget_type=\"spacer.default\">\n\t\t\t\t<div class=\"elementor-widget-container\">\n\t\t\t\t\t\t\t<div class=\"elementor-spacer\">\n\t\t\t<div class=\"elementor-spacer-inner\"><\/div>\n\t\t<\/div>\n\t\t\t\t\t\t<\/div>\n\t\t\t\t<\/div>\n\t\t\t\t<div class=\"elementor-element elementor-element-bddaf82 elementor-widget elementor-widget-heading\" data-id=\"bddaf82\" data-element_type=\"widget\" data-widget_type=\"heading.default\">\n\t\t\t\t<div class=\"elementor-widget-container\">\n\t\t\t\t\t<h1 class=\"elementor-heading-title elementor-size-default\">Nous construisons la Tunisie de nos propres mains,<br>\nNous investissons votre confiance dans le bien<\/h1>\t\t\t\t<\/div>\n\t\t\t\t<\/div>\n\t\t\t\t<div class=\"elementor-element elementor-element-274af81 elementor-widget elementor-widget-heading\" data-id=\"274af81\" data-element_type=\"widget\" data-widget_type=\"heading.default\">\n\t\t\t\t<div class=\"elementor-widget-container\">\n\t\t\t\t\t<h1 class=\"elementor-heading-title elementor-size-default\">Le r\u00e9seau des associations de d\u00e9veloppement ''Rameau d'olive'' \u00e0 Sfax<\/h1>\t\t\t\t<\/div>\n\t\t\t\t<\/div>\n\t\t\t\t<div class=\"elementor-element elementor-element-e06f3da elementor-widget elementor-widget-spacer\" data-id=\"e06f3da\" data-element_type=\"widget\" data-widget_type=\"spacer.default\">\n\t\t\t\t<div class=\"elementor-widget-container\">\n\t\t\t\t\t\t\t<div class=\"elementor-spacer\">\n\t\t\t<div class=\"elementor-spacer-inner\"><\/div>\n\t\t<\/div>\n\t\t\t\t\t\t<\/div>\n\t\t\t\t<\/div>\n\t\t\t\t<\/div>\n\t\t\t\t<\/div>\n\t\t\t\t<\/div>\n\t\t<div class=\"elementor-element elementor-element-f140eaa e-flex e-con-boxed e-con e-parent\" data-id=\"f140eaa\" data-element_type=\"container\" data-settings=\"{&quot;_ha_eqh_enable&quot;:false}\">\n\t\t\t\t\t<div class=\"e-con-inner\">\n\t\t\t\t<div class=\"elementor-element elementor-element-ccb4c49 elementor-widget elementor-widget-spacer\" data-id=\"ccb4c49\" data-element_type=\"widget\" data-widget_type=\"spacer.default\">\n\t\t\t\t<div class=\"elementor-widget-container\">\n\t\t\t\t\t\t\t<div class=\"elementor-spacer\">\n\t\t\t<div class=\"elementor-spacer-inner\"><\/div>\n\t\t<\/div>\n\t\t\t\t\t\t<\/div>\n\t\t\t\t<\/div>\n\t\t\t\t<div class=\"elementor-element elementor-element-4b37a64 elementor-widget elementor-widget-spacer\" data-id=\"4b37a64\" data-element_type=\"widget\" data-widget_type=\"spacer.default\">\n\t\t\t\t<div class=\"elementor-widget-container\">\n\t\t\t\t\t\t\t<div class=\"elementor-spacer\">\n\t\t\t<div class=\"elementor-spacer-inner\"><\/div>\n\t\t<\/div>\n\t\t\t\t\t\t<\/div>\n\t\t\t\t<\/div>\n\t\t<div class=\"elementor-element elementor-element-bc42031 e-flex e-con-boxed e-con e-child\" data-id=\"bc42031\" data-element_type=\"container\" data-settings=\"{&quot;_ha_eqh_enable&quot;:false}\">\n\t\t\t\t\t<div class=\"e-con-inner\">\n\t\t<div class=\"elementor-element elementor-element-55bfd8c e-con-full e-flex e-con e-child\" data-id=\"55bfd8c\" data-element_type=\"container\" data-settings=\"{&quot;_ha_eqh_enable&quot;:false}\">\n\t\t\t\t<div class=\"elementor-element elementor-element-138b283 elementor-widget-divider--view-line elementor-widget elementor-widget-divider\" data-id=\"138b283\" data-element_type=\"widget\" data-widget_type=\"divider.default\">\n\t\t\t\t<div class=\"elementor-widget-container\">\n\t\t\t\t\t\t\t<div class=\"elementor-divider\">\n\t\t\t<span class=\"elementor-divider-separator\">\n\t\t\t\t\t\t<\/span>\n\t\t<\/div>\n\t\t\t\t\t\t<\/div>\n\t\t\t\t<\/div>\n\t\t\t\t<\/div>\n\t\t<div class=\"elementor-element elementor-element-1cb2451 e-con-full e-flex e-con e-child\" data-id=\"1cb2451\" data-element_type=\"container\" data-settings=\"{&quot;_ha_eqh_enable&quot;:false}\">\n\t\t\t\t<div class=\"elementor-element elementor-element-3293043 elementor-widget elementor-widget-heading\" data-id=\"3293043\" data-element_type=\"widget\" data-widget_type=\"heading.default\">\n\t\t\t\t<div class=\"elementor-widget-container\">\n\t\t\t\t\t<h2 class=\"elementor-heading-title elementor-size-default\">Qui sommes-nous<\/h2>\t\t\t\t<\/div>\n\t\t\t\t<\/div>\n\t\t\t\t<\/div>\n\t\t<div class=\"elementor-element elementor-element-9de50b5 e-con-full e-flex e-con e-child\" data-id=\"9de50b5\" data-element_type=\"container\" data-settings=\"{&quot;_ha_eqh_enable&quot;:false}\">\n\t\t\t\t<div class=\"elementor-element elementor-element-9195303 elementor-widget-divider--view-line elementor-widget elementor-widget-divider\" data-id=\"9195303\" data-element_type=\"widget\" data-widget_type=\"divider.default\">\n\t\t\t\t<div class=\"elementor-widget-container\">\n\t\t\t\t\t\t\t<div class=\"elementor-divider\">\n\t\t\t<span class=\"elementor-divider-separator\">\n\t\t\t\t\t\t<\/span>\n\t\t<\/div>\n\t\t\t\t\t\t<\/div>\n\t\t\t\t<\/div>\n\t\t\t\t<\/div>\n\t\t\t\t\t<\/div>\n\t\t\t\t<\/div>\n\t\t\t\t<div class=\"elementor-element elementor-element-0769d74 elementor-widget elementor-widget-text-editor\" data-id=\"0769d74\" data-element_type=\"widget\" data-widget_type=\"text-editor.default\">\n\t\t\t\t<div class=\"elementor-widget-container\">\n\t\t\t\t\t\t\t\t\t<div><div><div>Le r\u00e9seau des associations de d\u00e9veloppement \u201dRameau d\u2019olive\u201d \u00e0 Sfax a \u00e9t\u00e9 fond\u00e9 en 2016, avec l&#8217;identifiant unique au registre national des entreprises 1479327H.<\/div><div>Il a \u00e9t\u00e9 officiellement publi\u00e9 au journal officiel le 16\/09\/2016 sous le num\u00e9ro 1X11625APSF201.<\/div><div>Ce r\u00e9seau est un tissu associatif actif dans les domaines caritatif et de d\u00e9veloppement, regroupant deux associations membres au sein de sa structure ainsi que plusieurs accords de partenariat et de coop\u00e9ration avec des institutions \u00e9tatiques. <br \/>Le r\u00e9seau vise \u00e0 fournir des services humanitaires vari\u00e9s dans les domaines social, sanitaire, de d\u00e9veloppement, environnemental et culturel, au profit de diff\u00e9rentes cat\u00e9gories de la soci\u00e9t\u00e9. Depuis sa cr\u00e9ation, il s&#8217;est engag\u00e9 avec d\u00e9vouement dans une d\u00e9marche d&#8217;entraide, et les efforts d\u00e9ploy\u00e9s au service du pays lui ont permis d&#8217;occuper une place de choix dans la soci\u00e9t\u00e9 civile, gagnant la confiance des donateurs et obtenant une accr\u00e9ditation officielle de l&#8217;\u00e9tat du Kowe\u00eft. Cela a ouvert de larges perspectives, permettant \u00e0 ses activit\u00e9s de s&#8217;\u00e9tendre \u00e0 la plupart des gouvernorats tunisiens, en particulier dans les r\u00e9gions souffrant d&#8217;un retard de d\u00e9veloppement. <br \/>Parmi les activit\u00e9s les plus marquantes du r\u00e9seau, qui ont eu un impact national en soutenant les citoyens et en appuyant les efforts de l&#8217;\u00e9tat de koweit, figure la lutte contre la crise sanitaire li\u00e9e \u00e0 la propagation du virus Corona en 2020. Le r\u00e9seau a mobilis\u00e9 toutes ses ressources mat\u00e9rielles et logistiques pour faire face \u00e0 la pand\u00e9mie et att\u00e9nuer ses r\u00e9percussions \u00e9conomiques et sociales sur les citoyens, en tant que partenaire authentique des institutions \u00e9tatiques et partie int\u00e9grante de celles-ci. <br \/>9 ann\u00e9es se sont \u00e9coul\u00e9es depuis la cr\u00e9ation du r\u00e9seau, une p\u00e9riode suffisante pour que ce jeune tissu associatif laisse des empreintes claires dans le travail humanitaire et de d\u00e9veloppement.<\/div><div>Gr\u00e2ce \u00e0 une exp\u00e9rience riche, il a mis en \u0153uvre plusieurs programmes, que nous pr\u00e9senterons successivement, class\u00e9s selon les domaines d&#8217;activit\u00e9 de chaque bureau du r\u00e9seau.<\/div><\/div><\/div>\t\t\t\t\t\t\t\t<\/div>\n\t\t\t\t<\/div>\n\t\t\t\t\t<\/div>\n\t\t\t\t<\/div>\n\t\t<div class=\"elementor-element elementor-element-08d715c e-flex e-con-boxed e-con e-parent\" data-id=\"08d715c\" data-element_type=\"container\" data-settings=\"{&quot;_ha_eqh_enable&quot;:false}\">\n\t\t\t\t\t<div class=\"e-con-inner\">\n\t\t<div class=\"elementor-element elementor-element-5c34c1a e-flex e-con-boxed e-con e-child\" data-id=\"5c34c1a\" data-element_type=\"container\" data-settings=\"{&quot;_ha_eqh_enable&quot;:false}\">\n\t\t\t\t\t<div class=\"e-con-inner\">\n\t\t<div class=\"elementor-element elementor-element-a804f1d e-con-full e-flex e-con e-child\" data-id=\"a804f1d\" data-element_type=\"container\" data-settings=\"{&quot;_ha_eqh_enable&quot;:false}\">\n\t\t\t\t<div class=\"elementor-element elementor-element-a6b12eb elementor-widget-divider--view-line elementor-widget elementor-widget-divider\" data-id=\"a6b12eb\" data-element_type=\"widget\" data-widget_type=\"divider.default\">\n\t\t\t\t<div class=\"elementor-widget-container\">\n\t\t\t\t\t\t\t<div class=\"elementor-divider\">\n\t\t\t<span class=\"elementor-divider-separator\">\n\t\t\t\t\t\t<\/span>\n\t\t<\/div>\n\t\t\t\t\t\t<\/div>\n\t\t\t\t<\/div>\n\t\t\t\t<\/div>\n\t\t<div class=\"elementor-element elementor-element-756e382 e-con-full e-flex e-con e-child\" data-id=\"756e382\" data-element_type=\"container\" data-settings=\"{&quot;_ha_eqh_enable&quot;:false}\">\n\t\t\t\t<div class=\"elementor-element elementor-element-2c70193 elementor-widget elementor-widget-heading\" data-id=\"2c70193\" data-element_type=\"widget\" data-widget_type=\"heading.default\">\n\t\t\t\t<div class=\"elementor-widget-container\">\n\t\t\t\t\t<h2 class=\"elementor-heading-title elementor-size-default\">Nos bureaux\n<\/h2>\t\t\t\t<\/div>\n\t\t\t\t<\/div>\n\t\t\t\t<\/div>\n\t\t<div class=\"elementor-element elementor-element-e747f2a e-con-full e-flex e-con e-child\" data-id=\"e747f2a\" data-element_type=\"container\" data-settings=\"{&quot;_ha_eqh_enable&quot;:false}\">\n\t\t\t\t<div class=\"elementor-element elementor-element-61b4a4f elementor-widget-divider--view-line elementor-widget elementor-widget-divider\" data-id=\"61b4a4f\" data-element_type=\"widget\" data-widget_type=\"divider.default\">\n\t\t\t\t<div class=\"elementor-widget-container\">\n\t\t\t\t\t\t\t<div class=\"elementor-divider\">\n\t\t\t<span class=\"elementor-divider-separator\">\n\t\t\t\t\t\t<\/span>\n\t\t<\/div>\n\t\t\t\t\t\t<\/div>\n\t\t\t\t<\/div>\n\t\t\t\t<\/div>\n\t\t\t\t\t<\/div>\n\t\t\t\t<\/div>\n\t\t\t\t\t<\/div>\n\t\t\t\t<\/div>\n\t\t<div class=\"elementor-element elementor-element-4b20da2 e-flex e-con-boxed e-con e-parent\" data-id=\"4b20da2\" data-element_type=\"container\" data-settings=\"{&quot;_ha_eqh_enable&quot;:false}\">\n\t\t\t\t\t<div class=\"e-con-inner\">\n\t\t<div class=\"elementor-element elementor-element-3da80f3 e-con-full e-flex e-con e-child\" data-id=\"3da80f3\" data-element_type=\"container\" data-settings=\"{&quot;background_background&quot;:&quot;classic&quot;,&quot;_ha_eqh_enable&quot;:false}\">\n\t\t\t\t<div class=\"elementor-element elementor-element-6c5fc98 elementor-widget elementor-widget-heading\" data-id=\"6c5fc98\" data-element_type=\"widget\" data-widget_type=\"heading.default\">\n\t\t\t\t<div class=\"elementor-widget-container\">\n\t\t\t\t\t<h3 class=\"elementor-heading-title elementor-size-default\"><a href=\"https:\/\/radros.org\/fr\/bureau-des-parrainages\/\">Bureau de l'action humanitaire\n<\/a><\/h3>\t\t\t\t<\/div>\n\t\t\t\t<\/div>\n\t\t\t\t<div class=\"elementor-element elementor-element-adceb3f elementor-widget elementor-widget-image\" data-id=\"adceb3f\" data-element_type=\"widget\" data-widget_type=\"image.default\">\n\t\t\t\t<div class=\"elementor-widget-container\">\n\t\t\t\t\t\t\t\t\t\t\t\t\t\t\t\t<a href=\"https:\/\/radros.org\/fr\/bureau-des-parrainages\/\">\n\t\t\t\t\t\t\t<img fetchpriority=\"high\" decoding=\"async\" width=\"750\" height=\"429\" src=\"https:\/\/radros.org\/wp-content\/uploads\/2024\/01\/IMG_0862-4.gif\" class=\"attachment-large size-large wp-image-2736\" alt=\"\" \/>\t\t\t\t\t\t\t\t<\/a>\n\t\t\t\t\t\t\t\t\t\t\t\t\t\t\t<\/div>\n\t\t\t\t<\/div>\n\t\t\t\t<div class=\"elementor-element elementor-element-c612cdc elementor-widget elementor-widget-spacer\" data-id=\"c612cdc\" data-element_type=\"widget\" data-widget_type=\"spacer.default\">\n\t\t\t\t<div class=\"elementor-widget-container\">\n\t\t\t\t\t\t\t<div class=\"elementor-spacer\">\n\t\t\t<div class=\"elementor-spacer-inner\"><\/div>\n\t\t<\/div>\n\t\t\t\t\t\t<\/div>\n\t\t\t\t<\/div>\n\t\t\t\t<\/div>\n\t\t<div class=\"elementor-element elementor-element-2961951 e-con-full e-flex e-con e-child\" data-id=\"2961951\" data-element_type=\"container\" data-settings=\"{&quot;background_background&quot;:&quot;classic&quot;,&quot;_ha_eqh_enable&quot;:false}\">\n\t\t\t\t<div class=\"elementor-element elementor-element-8f0dd28 elementor-widget elementor-widget-heading\" data-id=\"8f0dd28\" data-element_type=\"widget\" data-widget_type=\"heading.default\">\n\t\t\t\t<div class=\"elementor-widget-container\">\n\t\t\t\t\t<h3 class=\"elementor-heading-title elementor-size-default\"><a href=\"https:\/\/radros.org\/fr\/bureau-du-travail-de-developpement\/\">Bureau du travail de d\u00e9veloppement<\/a><\/h3>\t\t\t\t<\/div>\n\t\t\t\t<\/div>\n\t\t\t\t<div class=\"elementor-element elementor-element-f655e92 elementor-widget elementor-widget-image\" data-id=\"f655e92\" data-element_type=\"widget\" data-widget_type=\"image.default\">\n\t\t\t\t<div class=\"elementor-widget-container\">\n\t\t\t\t\t\t\t\t\t\t\t\t\t\t\t\t<a href=\"https:\/\/radros.org\/fr\/bureau-du-travail-de-developpement\/\">\n\t\t\t\t\t\t\t<img decoding=\"async\" width=\"1024\" height=\"682\" src=\"https:\/\/radros.org\/wp-content\/uploads\/2024\/10\/WhatsApp-Image-2024-10-28-a-13.41.05_4f69de13-1-1024x682.jpg\" class=\"attachment-large size-large wp-image-6450\" alt=\"\" srcset=\"https:\/\/radros.org\/wp-content\/uploads\/2024\/10\/WhatsApp-Image-2024-10-28-a-13.41.05_4f69de13-1-1024x682.jpg 1024w, https:\/\/radros.org\/wp-content\/uploads\/2024\/10\/WhatsApp-Image-2024-10-28-a-13.41.05_4f69de13-1-300x200.jpg 300w, https:\/\/radros.org\/wp-content\/uploads\/2024\/10\/WhatsApp-Image-2024-10-28-a-13.41.05_4f69de13-1-768x512.jpg 768w, https:\/\/radros.org\/wp-content\/uploads\/2024\/10\/WhatsApp-Image-2024-10-28-a-13.41.05_4f69de13-1.jpg 1280w\" sizes=\"(max-width: 1024px) 100vw, 1024px\" \/>\t\t\t\t\t\t\t\t<\/a>\n\t\t\t\t\t\t\t\t\t\t\t\t\t\t\t<\/div>\n\t\t\t\t<\/div>\n\t\t\t\t<\/div>\n\t\t<div class=\"elementor-element elementor-element-e0d940b e-con-full e-flex e-con e-child\" data-id=\"e0d940b\" data-element_type=\"container\" data-settings=\"{&quot;background_background&quot;:&quot;classic&quot;,&quot;_ha_eqh_enable&quot;:false}\">\n\t\t\t\t<div class=\"elementor-element elementor-element-0d08052 elementor-widget elementor-widget-heading\" data-id=\"0d08052\" data-element_type=\"widget\" data-widget_type=\"heading.default\">\n\t\t\t\t<div class=\"elementor-widget-container\">\n\t\t\t\t\t<h3 class=\"elementor-heading-title elementor-size-default\"><a href=\"https:\/\/radros.org\/fr\/bureau-des-projets-de-developpement-et-de-construction\/\">Bureau des travaux de construction<\/a><\/h3>\t\t\t\t<\/div>\n\t\t\t\t<\/div>\n\t\t\t\t<div class=\"elementor-element elementor-element-416a502 elementor-widget elementor-widget-image\" data-id=\"416a502\" data-element_type=\"widget\" data-widget_type=\"image.default\">\n\t\t\t\t<div class=\"elementor-widget-container\">\n\t\t\t\t\t\t\t\t\t\t\t\t\t\t\t\t<a href=\"https:\/\/radros.org\/fr\/bureau-des-projets-de-developpement-et-de-construction\/\">\n\t\t\t\t\t\t\t<img decoding=\"async\" width=\"1024\" height=\"576\" src=\"https:\/\/radros.org\/wp-content\/uploads\/2024\/10\/DSC06659-1024x576.jpg\" class=\"attachment-large size-large wp-image-6328\" alt=\"\" srcset=\"https:\/\/radros.org\/wp-content\/uploads\/2024\/10\/DSC06659-1024x576.jpg 1024w, https:\/\/radros.org\/wp-content\/uploads\/2024\/10\/DSC06659-300x169.jpg 300w, https:\/\/radros.org\/wp-content\/uploads\/2024\/10\/DSC06659-768x432.jpg 768w, https:\/\/radros.org\/wp-content\/uploads\/2024\/10\/DSC06659-1536x864.jpg 1536w, https:\/\/radros.org\/wp-content\/uploads\/2024\/10\/DSC06659-2048x1152.jpg 2048w, https:\/\/radros.org\/wp-content\/uploads\/2024\/10\/DSC06659-820x461.jpg 820w, https:\/\/radros.org\/wp-content\/uploads\/2024\/10\/DSC06659-1170x658.jpg 1170w, https:\/\/radros.org\/wp-content\/uploads\/2024\/10\/DSC06659-177x100.jpg 177w\" sizes=\"(max-width: 1024px) 100vw, 1024px\" \/>\t\t\t\t\t\t\t\t<\/a>\n\t\t\t\t\t\t\t\t\t\t\t\t\t\t\t<\/div>\n\t\t\t\t<\/div>\n\t\t\t\t<\/div>\n\t\t\t\t\t<\/div>\n\t\t\t\t<\/div>\n\t\t<div class=\"elementor-element elementor-element-766e7f1 e-con-full e-flex e-con e-parent\" data-id=\"766e7f1\" data-element_type=\"container\" data-settings=\"{&quot;background_background&quot;:&quot;gradient&quot;,&quot;_ha_eqh_enable&quot;:false}\">\n\t\t<div class=\"elementor-element elementor-element-346f89b e-con-full e-flex e-con e-child\" data-id=\"346f89b\" data-element_type=\"container\" data-settings=\"{&quot;background_background&quot;:&quot;gradient&quot;,&quot;_ha_eqh_enable&quot;:false}\">\n\t\t\t\t<div class=\"elementor-element elementor-element-eaf2b5f elementor-widget elementor-widget-heading\" data-id=\"eaf2b5f\" data-element_type=\"widget\" data-widget_type=\"heading.default\">\n\t\t\t\t<div class=\"elementor-widget-container\">\n\t\t\t\t\t<h1 class=\"elementor-heading-title elementor-size-default\">Nous construisons la Tunisie de nos propres mains,<br>\nNous investissons votre confiance dans le bien<\/h1>\t\t\t\t<\/div>\n\t\t\t\t<\/div>\n\t\t\t\t<div class=\"elementor-element elementor-element-cb4fdfc elementor-widget elementor-widget-heading\" data-id=\"cb4fdfc\" data-element_type=\"widget\" data-widget_type=\"heading.default\">\n\t\t\t\t<div class=\"elementor-widget-container\">\n\t\t\t\t\t<h1 class=\"elementor-heading-title elementor-size-default\">Change ta vie aujourd\u2019hui<\/h1>\t\t\t\t<\/div>\n\t\t\t\t<\/div>\n\t\t\t\t<div class=\"elementor-element elementor-element-7d5b073 ha-dual-button--align-center elementor-widget__width-initial ha-dual-button--layout-queue ha-dual-button--tablet-layout-queue ha-dual-button--mobile-layout-queue elementor-widget elementor-widget-ha-dual-button happy-addon ha-dual-button\" data-id=\"7d5b073\" data-element_type=\"widget\" data-widget_type=\"ha-dual-button.default\">\n\t\t\t\t<div class=\"elementor-widget-container\">\n\t\t\t\t\t        <div class=\"ha-dual-btn-wrapper\">\n            <a class=\"ha-dual-btn ha-dual-btn--left\" href=\"https:\/\/radros.org\/%d8%aa%d9%88%d8%a7%d8%b5%d9%84-%d9%85%d8%b9%d9%86%d8%a7\/%d8%aa%d8%a8%d8%b1%d8%b9\/\">\n                                                    <span >Faites un don maintenant<\/span>\n                                            <\/a>\n                    <\/div>\n        <div class=\"ha-dual-btn-wrapper\">\n            <a class=\"ha-dual-btn ha-dual-btn--right\" href=\"#elementor-action%3Aaction%3Dpopup%3Aopen%26settings%3DeyJpZCI6IjM1NDQiLCJ0b2dnbGUiOnRydWV9\">\n                                                    <span > Contactez-nous<\/span>\n                                            <\/a>\n        <\/div>\n        \t\t\t\t<\/div>\n\t\t\t\t<\/div>\n\t\t\t\t<\/div>\n\t\t\t\t<\/div>\n\t\t<div class=\"elementor-element elementor-element-7e4425a e-flex e-con-boxed e-con e-parent\" data-id=\"7e4425a\" data-element_type=\"container\" data-settings=\"{&quot;_ha_eqh_enable&quot;:false}\">\n\t\t\t\t\t<div class=\"e-con-inner\">\n\t\t<div class=\"elementor-element elementor-element-65b59eb e-con-full e-flex e-con e-child\" data-id=\"65b59eb\" data-element_type=\"container\" data-settings=\"{&quot;background_background&quot;:&quot;classic&quot;,&quot;_ha_eqh_enable&quot;:false}\">\n\t\t\t\t<\/div>\n\t\t\t\t\t<\/div>\n\t\t\t\t<\/div>\n\t\t\t\t<\/div>\n\t\t","protected":false},"excerpt":{"rendered":"<p>Nous construisons la Tunisie de nos propres mains, Nous investissons votre confiance dans le bien Le r\u00e9seau des associations de d\u00e9veloppement &#8221;Rameau d&#8217;olive&#8221; \u00e0 Sfax Qui sommes-nous Le r\u00e9seau des associations de d\u00e9veloppement \u201dRameau d\u2019olive\u201d \u00e0 Sfax a \u00e9t\u00e9 fond\u00e9 en 2016, avec l&#8217;identifiant unique au registre national des entreprises 1479327H.Il a \u00e9t\u00e9 officiellement publi\u00e9 [&hellip;]<\/p>\n","protected":false},"author":1,"featured_media":0,"parent":7371,"menu_order":0,"comment_status":"closed","ping_status":"closed","template":"elementor_header_footer","meta":{"_acf_changed":false,"give_campaign_id":0,"footnotes":""},"class_list":["post-7309","page","type-page","status-publish","hentry"],"acf":[],"campaignId":"","_links":{"self":[{"href":"https:\/\/radros.org\/fr\/wp-json\/wp\/v2\/pages\/7309","targetHints":{"allow":["GET"]}}],"collection":[{"href":"https:\/\/radros.org\/fr\/wp-json\/wp\/v2\/pages"}],"about":[{"href":"https:\/\/radros.org\/fr\/wp-json\/wp\/v2\/types\/page"}],"author":[{"embeddable":true,"href":"https:\/\/radros.org\/fr\/wp-json\/wp\/v2\/users\/1"}],"replies":[{"embeddable":true,"href":"https:\/\/radros.org\/fr\/wp-json\/wp\/v2\/comments?post=7309"}],"version-history":[{"count":164,"href":"https:\/\/radros.org\/fr\/wp-json\/wp\/v2\/pages\/7309\/revisions"}],"predecessor-version":[{"id":12414,"href":"https:\/\/radros.org\/fr\/wp-json\/wp\/v2\/pages\/7309\/revisions\/12414"}],"up":[{"embeddable":true,"href":"https:\/\/radros.org\/fr\/wp-json\/wp\/v2\/pages\/7371"}],"wp:attachment":[{"href":"https:\/\/radros.org\/fr\/wp-json\/wp\/v2\/media?parent=7309"}],"curies":[{"name":"wp","href":"https:\/\/api.w.org\/{rel}","templated":true}]}}