{"id":7314,"date":"2024-01-19T15:06:38","date_gmt":"2024-01-19T15:06:38","guid":{"rendered":"https:\/\/radros.org\/le-bureau-directeur\/"},"modified":"2026-02-28T10:48:28","modified_gmt":"2026-02-28T10:48:28","slug":"le-bureau-directeur","status":"publish","type":"page","link":"https:\/\/radros.org\/fr\/presentation-de-reseau\/le-bureau-directeur\/","title":{"rendered":"Le comit\u00e9 directeur"},"content":{"rendered":"\t\t<div data-elementor-type=\"wp-page\" data-elementor-id=\"7314\" class=\"elementor elementor-7314 elementor-3426\" data-elementor-settings=\"{&quot;ha_cmc_init_switcher&quot;:&quot;no&quot;}\" data-elementor-post-type=\"page\">\n\t\t\t\t<div class=\"elementor-element elementor-element-befe1d0 e-con-full e-flex e-con e-parent\" data-id=\"befe1d0\" data-element_type=\"container\" data-settings=\"{&quot;background_background&quot;:&quot;gradient&quot;,&quot;_ha_eqh_enable&quot;:false}\">\n\t\t\t\t<div class=\"elementor-element elementor-element-7a5ac76 elementor-widget elementor-widget-heading\" data-id=\"7a5ac76\" data-element_type=\"widget\" data-widget_type=\"heading.default\">\n\t\t\t\t<div class=\"elementor-widget-container\">\n\t\t\t\t\t<h1 class=\"elementor-heading-title elementor-size-default\">Le r\u00e9seau des associations de d\u00e9veloppement ''Rameau d'olive'' \u00e0 Sfax<\/h1>\t\t\t\t<\/div>\n\t\t\t\t<\/div>\n\t\t\t\t<div class=\"elementor-element elementor-element-7440b0f elementor-widget elementor-widget-heading\" data-id=\"7440b0f\" data-element_type=\"widget\" data-widget_type=\"heading.default\">\n\t\t\t\t<div class=\"elementor-widget-container\">\n\t\t\t\t\t<h1 class=\"elementor-heading-title elementor-size-default\">Nous construisons la Tunisie de nos propres mains,<br>\nNous investissons votre confiance dans le bien<\/h1>\t\t\t\t<\/div>\n\t\t\t\t<\/div>\n\t\t\t\t<\/div>\n\t\t<div class=\"elementor-element elementor-element-2a96406 e-flex e-con-boxed e-con e-parent\" data-id=\"2a96406\" data-element_type=\"container\" data-settings=\"{&quot;_ha_eqh_enable&quot;:false}\">\n\t\t\t\t\t<div class=\"e-con-inner\">\n\t\t\t\t\t<\/div>\n\t\t\t\t<\/div>\n\t\t<div class=\"elementor-element elementor-element-9d696cd e-flex e-con-boxed e-con e-parent\" data-id=\"9d696cd\" data-element_type=\"container\" data-settings=\"{&quot;_ha_eqh_enable&quot;:false}\">\n\t\t\t\t\t<div class=\"e-con-inner\">\n\t\t\t\t<div class=\"elementor-element elementor-element-21a22df elementor-widget elementor-widget-spacer\" data-id=\"21a22df\" data-element_type=\"widget\" data-widget_type=\"spacer.default\">\n\t\t\t\t<div class=\"elementor-widget-container\">\n\t\t\t\t\t\t\t<div class=\"elementor-spacer\">\n\t\t\t<div class=\"elementor-spacer-inner\"><\/div>\n\t\t<\/div>\n\t\t\t\t\t\t<\/div>\n\t\t\t\t<\/div>\n\t\t<div class=\"elementor-element elementor-element-7798cd6 e-con-full e-flex e-con e-child\" data-id=\"7798cd6\" data-element_type=\"container\" data-settings=\"{&quot;_ha_eqh_enable&quot;:false}\">\n\t\t<div class=\"elementor-element elementor-element-ac8aada e-flex e-con-boxed e-con e-child\" data-id=\"ac8aada\" data-element_type=\"container\" data-settings=\"{&quot;_ha_eqh_enable&quot;:false}\">\n\t\t\t\t\t<div class=\"e-con-inner\">\n\t\t<div class=\"elementor-element elementor-element-0820771 e-con-full e-flex e-con e-child\" data-id=\"0820771\" data-element_type=\"container\" data-settings=\"{&quot;_ha_eqh_enable&quot;:false}\">\n\t\t\t\t<div class=\"elementor-element elementor-element-778d1af elementor-widget-divider--view-line elementor-widget elementor-widget-divider\" data-id=\"778d1af\" data-element_type=\"widget\" data-widget_type=\"divider.default\">\n\t\t\t\t<div class=\"elementor-widget-container\">\n\t\t\t\t\t\t\t<div class=\"elementor-divider\">\n\t\t\t<span class=\"elementor-divider-separator\">\n\t\t\t\t\t\t<\/span>\n\t\t<\/div>\n\t\t\t\t\t\t<\/div>\n\t\t\t\t<\/div>\n\t\t\t\t<\/div>\n\t\t<div class=\"elementor-element elementor-element-d97c05b e-con-full e-flex e-con e-child\" data-id=\"d97c05b\" data-element_type=\"container\" data-settings=\"{&quot;_ha_eqh_enable&quot;:false}\">\n\t\t\t\t<div class=\"elementor-element elementor-element-d6c4168 elementor-widget elementor-widget-heading\" data-id=\"d6c4168\" data-element_type=\"widget\" data-widget_type=\"heading.default\">\n\t\t\t\t<div class=\"elementor-widget-container\">\n\t\t\t\t\t<h2 class=\"elementor-heading-title elementor-size-default\">Le comit\u00e9 directeur\n<\/h2>\t\t\t\t<\/div>\n\t\t\t\t<\/div>\n\t\t\t\t<\/div>\n\t\t<div class=\"elementor-element elementor-element-d58a708 e-con-full e-flex e-con e-child\" data-id=\"d58a708\" data-element_type=\"container\" data-settings=\"{&quot;_ha_eqh_enable&quot;:false}\">\n\t\t\t\t<div class=\"elementor-element elementor-element-c02918a elementor-widget-divider--view-line elementor-widget elementor-widget-divider\" data-id=\"c02918a\" data-element_type=\"widget\" data-widget_type=\"divider.default\">\n\t\t\t\t<div class=\"elementor-widget-container\">\n\t\t\t\t\t\t\t<div class=\"elementor-divider\">\n\t\t\t<span class=\"elementor-divider-separator\">\n\t\t\t\t\t\t<\/span>\n\t\t<\/div>\n\t\t\t\t\t\t<\/div>\n\t\t\t\t<\/div>\n\t\t\t\t<\/div>\n\t\t\t\t\t<\/div>\n\t\t\t\t<\/div>\n\t\t\t\t<\/div>\n\t\t\t\t\t<\/div>\n\t\t\t\t<\/div>\n\t\t<div class=\"elementor-element elementor-element-97aac5d e-flex e-con-boxed e-con e-parent\" data-id=\"97aac5d\" data-element_type=\"container\" data-settings=\"{&quot;_ha_eqh_enable&quot;:false}\">\n\t\t\t\t\t<div class=\"e-con-inner\">\n\t\t<div class=\"elementor-element elementor-element-6ffecaa e-con-full e-flex e-con e-child\" data-id=\"6ffecaa\" data-element_type=\"container\" data-settings=\"{&quot;_ha_eqh_enable&quot;:false}\">\n\t\t\t\t<\/div>\n\t\t<div class=\"elementor-element elementor-element-0bc6140 e-con-full e-flex e-con e-child\" data-id=\"0bc6140\" data-element_type=\"container\" data-settings=\"{&quot;_ha_eqh_enable&quot;:false}\">\n\t\t\t\t<div class=\"elementor-element elementor-element-9f3da13 elementor-widget elementor-widget-image\" data-id=\"9f3da13\" data-element_type=\"widget\" data-settings=\"{&quot;ha_floating_fx&quot;:&quot;yes&quot;}\" data-widget_type=\"image.default\">\n\t\t\t\t<div class=\"elementor-widget-container\">\n\t\t\t\t\t\t\t\t\t\t\t\t\t\t\t<img fetchpriority=\"high\" decoding=\"async\" width=\"1024\" height=\"1022\" src=\"https:\/\/radros.org\/wp-content\/uploads\/2024\/03\/Hatem-ayadi-1024x1022.jpeg\" class=\"attachment-large size-large wp-image-5327\" alt=\"\" srcset=\"https:\/\/radros.org\/wp-content\/uploads\/2024\/03\/Hatem-ayadi-1024x1022.jpeg 1024w, https:\/\/radros.org\/wp-content\/uploads\/2024\/03\/Hatem-ayadi-300x300.jpeg 300w, https:\/\/radros.org\/wp-content\/uploads\/2024\/03\/Hatem-ayadi-150x150.jpeg 150w, https:\/\/radros.org\/wp-content\/uploads\/2024\/03\/Hatem-ayadi-768x766.jpeg 768w, https:\/\/radros.org\/wp-content\/uploads\/2024\/03\/Hatem-ayadi.jpeg 1280w\" sizes=\"(max-width: 1024px) 100vw, 1024px\" \/>\t\t\t\t\t\t\t\t\t\t\t\t\t\t\t<\/div>\n\t\t\t\t<\/div>\n\t\t\t\t<div class=\"elementor-element elementor-element-ce61095 elementor-widget elementor-widget-heading\" data-id=\"ce61095\" data-element_type=\"widget\" data-widget_type=\"heading.default\">\n\t\t\t\t<div class=\"elementor-widget-container\">\n\t\t\t\t\t<h2 class=\"elementor-heading-title elementor-size-default\">Ayadi Hatem<\/h2>\t\t\t\t<\/div>\n\t\t\t\t<\/div>\n\t\t\t\t<div class=\"elementor-element elementor-element-aa853db elementor-widget elementor-widget-heading\" data-id=\"aa853db\" data-element_type=\"widget\" data-widget_type=\"heading.default\">\n\t\t\t\t<div class=\"elementor-widget-container\">\n\t\t\t\t\t<h2 class=\"elementor-heading-title elementor-size-default\">Pr\u00e9sident du r\u00e9seau des associations de d\u00e9veloppement \u201dRameau d\u2019olive\u201d \u00e0 Sfax<\/h2>\t\t\t\t<\/div>\n\t\t\t\t<\/div>\n\t\t\t\t<\/div>\n\t\t<div class=\"elementor-element elementor-element-31201bf e-con-full e-flex e-con e-child\" data-id=\"31201bf\" data-element_type=\"container\" data-settings=\"{&quot;_ha_eqh_enable&quot;:false}\">\n\t\t\t\t<\/div>\n\t\t\t\t\t<\/div>\n\t\t\t\t<\/div>\n\t\t<div class=\"elementor-element elementor-element-2853a56 e-flex e-con-boxed e-con e-parent\" data-id=\"2853a56\" data-element_type=\"container\" data-settings=\"{&quot;_ha_eqh_enable&quot;:false}\">\n\t\t\t\t\t<div class=\"e-con-inner\">\n\t\t\t\t<div class=\"elementor-element elementor-element-69e33d3 elementor-widget elementor-widget-spacer\" data-id=\"69e33d3\" data-element_type=\"widget\" data-widget_type=\"spacer.default\">\n\t\t\t\t<div class=\"elementor-widget-container\">\n\t\t\t\t\t\t\t<div class=\"elementor-spacer\">\n\t\t\t<div class=\"elementor-spacer-inner\"><\/div>\n\t\t<\/div>\n\t\t\t\t\t\t<\/div>\n\t\t\t\t<\/div>\n\t\t\t\t<div class=\"elementor-element elementor-element-39386ad elementor-widget elementor-widget-modina_team\" data-id=\"39386ad\" data-element_type=\"widget\" data-widget_type=\"modina_team.default\">\n\t\t\t\t<div class=\"elementor-widget-container\">\n\t\t\t\t\t    \r\n        <div class=\"row no-padding\">\r\n             \r\n            <div class=\"col-lg-3 col-md-6 col-12 text-center\">\r\n                <div class=\"single-team-member  active \">\r\n                    <div class=\"member-img\">\r\n                        <img decoding=\"async\" src=\"https:\/\/radros.org\/wp-content\/uploads\/2025\/02\/WhatsApp-Image-2025-02-11-at-15.17.13_335afab9.jpg\" alt=\"Dr.Ben amor rania\">\r\n                        <div class=\"small-element\"><\/div>\r\n                    <\/div>\r\n                    <div class=\"member-details\">                            \r\n                        <h3>Dr.Ben amor rania<\/h3>\r\n                        <span>Secr\u00e9taire g\u00e9n\u00e9ral<\/span>\r\n                    <\/div>                        \r\n                <\/div>                    \r\n            <\/div>\r\n             \r\n            <div class=\"col-lg-3 col-md-6 col-12 text-center\">\r\n                <div class=\"single-team-member  active \">\r\n                    <div class=\"member-img\">\r\n                        <img decoding=\"async\" src=\"https:\/\/radros.org\/wp-content\/uploads\/2024\/07\/image-4.jpg\" alt=\"Dr.Rouis souad\">\r\n                        <div class=\"small-element\"><\/div>\r\n                    <\/div>\r\n                    <div class=\"member-details\">                            \r\n                        <h3>Dr.Rouis souad<\/h3>\r\n                        <span>Tr\u00e9sorier<\/span>\r\n                    <\/div>                        \r\n                <\/div>                    \r\n            <\/div>\r\n             \r\n            <div class=\"col-lg-3 col-md-6 col-12 text-center\">\r\n                <div class=\"single-team-member  active \">\r\n                    <div class=\"member-img\">\r\n                        <img decoding=\"async\" src=\"https:\/\/radros.org\/wp-content\/uploads\/2025\/06\/User-Profile-PNG-Clipart.png\" alt=\"Dr.Hadrich salma\">\r\n                        <div class=\"small-element\"><\/div>\r\n                    <\/div>\r\n                    <div class=\"member-details\">                            \r\n                        <h3>Dr.Hadrich salma<\/h3>\r\n                        <span>Membre<\/span>\r\n                    <\/div>                        \r\n                <\/div>                    \r\n            <\/div>\r\n             \r\n            <div class=\"col-lg-3 col-md-6 col-12 text-center\">\r\n                <div class=\"single-team-member  active \">\r\n                    <div class=\"member-img\">\r\n                        <img decoding=\"async\" src=\"https:\/\/radros.org\/wp-content\/uploads\/2024\/07\/image-3.jpg\" alt=\" Dr.Belaid islem\">\r\n                        <div class=\"small-element\"><\/div>\r\n                    <\/div>\r\n                    <div class=\"member-details\">                            \r\n                        <h3> Dr.Belaid islem<\/h3>\r\n                        <span>Membre<\/span>\r\n                    <\/div>                        \r\n                <\/div>                    \r\n            <\/div>\r\n                    <\/div>\r\n\r\n            \t\t\t\t<\/div>\n\t\t\t\t<\/div>\n\t\t\t\t<div class=\"elementor-element elementor-element-60f4a83 elementor-widget elementor-widget-spacer\" data-id=\"60f4a83\" data-element_type=\"widget\" data-widget_type=\"spacer.default\">\n\t\t\t\t<div class=\"elementor-widget-container\">\n\t\t\t\t\t\t\t<div class=\"elementor-spacer\">\n\t\t\t<div class=\"elementor-spacer-inner\"><\/div>\n\t\t<\/div>\n\t\t\t\t\t\t<\/div>\n\t\t\t\t<\/div>\n\t\t\t\t\t<\/div>\n\t\t\t\t<\/div>\n\t\t<div class=\"elementor-element elementor-element-dddbfb7 e-con-full e-flex e-con e-parent\" data-id=\"dddbfb7\" data-element_type=\"container\" data-settings=\"{&quot;background_background&quot;:&quot;gradient&quot;,&quot;_ha_eqh_enable&quot;:false}\">\n\t\t<div class=\"elementor-element elementor-element-2d18963 e-con-full e-flex e-con e-child\" data-id=\"2d18963\" data-element_type=\"container\" data-settings=\"{&quot;background_background&quot;:&quot;slideshow&quot;,&quot;background_slideshow_gallery&quot;:[],&quot;background_slideshow_loop&quot;:&quot;yes&quot;,&quot;background_slideshow_slide_duration&quot;:5000,&quot;background_slideshow_slide_transition&quot;:&quot;fade&quot;,&quot;background_slideshow_transition_duration&quot;:500,&quot;_ha_eqh_enable&quot;:false}\">\n\t\t\t\t<div class=\"elementor-element elementor-element-3f71b8d elementor-widget elementor-widget-heading\" data-id=\"3f71b8d\" data-element_type=\"widget\" data-widget_type=\"heading.default\">\n\t\t\t\t<div class=\"elementor-widget-container\">\n\t\t\t\t\t<h1 class=\"elementor-heading-title elementor-size-default\">Nous construisons la Tunisie de nos propres mains,<br>\nNous investissons votre confiance dans le bien<\/h1>\t\t\t\t<\/div>\n\t\t\t\t<\/div>\n\t\t\t\t<div class=\"elementor-element elementor-element-0631a9b elementor-widget elementor-widget-heading\" data-id=\"0631a9b\" data-element_type=\"widget\" data-widget_type=\"heading.default\">\n\t\t\t\t<div class=\"elementor-widget-container\">\n\t\t\t\t\t<h1 class=\"elementor-heading-title elementor-size-default\">Change ta vie aujourd\u2019hui<\/h1>\t\t\t\t<\/div>\n\t\t\t\t<\/div>\n\t\t\t\t<div class=\"elementor-element elementor-element-66ecaa6 ha-dual-button--align-center elementor-widget__width-initial ha-dual-button--layout-queue ha-dual-button--tablet-layout-queue ha-dual-button--mobile-layout-queue elementor-widget elementor-widget-ha-dual-button happy-addon ha-dual-button\" data-id=\"66ecaa6\" data-element_type=\"widget\" data-widget_type=\"ha-dual-button.default\">\n\t\t\t\t<div class=\"elementor-widget-container\">\n\t\t\t\t\t        <div class=\"ha-dual-btn-wrapper\">\n            <a class=\"ha-dual-btn ha-dual-btn--left\" href=\"https:\/\/radros.org\/%d8%aa%d9%88%d8%a7%d8%b5%d9%84-%d9%85%d8%b9%d9%86%d8%a7\/%d8%aa%d8%a8%d8%b1%d8%b9\/\">\n                                                    <span >Faites un don maintenant<\/span>\n                                            <\/a>\n                    <\/div>\n        <div class=\"ha-dual-btn-wrapper\">\n            <a class=\"ha-dual-btn ha-dual-btn--right\" href=\"#elementor-action%3Aaction%3Dpopup%3Aopen%26settings%3DeyJpZCI6IjM1NDQiLCJ0b2dnbGUiOnRydWV9\">\n                                                    <span > Contactez-nous<\/span>\n                                            <\/a>\n        <\/div>\n        \t\t\t\t<\/div>\n\t\t\t\t<\/div>\n\t\t\t\t<\/div>\n\t\t\t\t<\/div>\n\t\t\t\t<\/div>\n\t\t","protected":false},"excerpt":{"rendered":"<p>Le r\u00e9seau des associations de d\u00e9veloppement &#8221;Rameau d&#8217;olive&#8221; \u00e0 Sfax Nous construisons la Tunisie de nos propres mains, Nous investissons votre confiance dans le bien Le comit\u00e9 directeur Ayadi Hatem Pr\u00e9sident du r\u00e9seau des associations de d\u00e9veloppement \u201dRameau d\u2019olive\u201d \u00e0 Sfax Dr.Ben amor rania Secr\u00e9taire g\u00e9n\u00e9ral Dr.Rouis souad Tr\u00e9sorier Dr.Hadrich salma Membre Dr.Belaid islem Membre [&hellip;]<\/p>\n","protected":false},"author":1,"featured_media":0,"parent":7371,"menu_order":0,"comment_status":"closed","ping_status":"closed","template":"elementor_header_footer","meta":{"_acf_changed":false,"give_campaign_id":0,"footnotes":""},"class_list":["post-7314","page","type-page","status-publish","hentry"],"acf":[],"campaignId":"","_links":{"self":[{"href":"https:\/\/radros.org\/fr\/wp-json\/wp\/v2\/pages\/7314","targetHints":{"allow":["GET"]}}],"collection":[{"href":"https:\/\/radros.org\/fr\/wp-json\/wp\/v2\/pages"}],"about":[{"href":"https:\/\/radros.org\/fr\/wp-json\/wp\/v2\/types\/page"}],"author":[{"embeddable":true,"href":"https:\/\/radros.org\/fr\/wp-json\/wp\/v2\/users\/1"}],"replies":[{"embeddable":true,"href":"https:\/\/radros.org\/fr\/wp-json\/wp\/v2\/comments?post=7314"}],"version-history":[{"count":51,"href":"https:\/\/radros.org\/fr\/wp-json\/wp\/v2\/pages\/7314\/revisions"}],"predecessor-version":[{"id":12487,"href":"https:\/\/radros.org\/fr\/wp-json\/wp\/v2\/pages\/7314\/revisions\/12487"}],"up":[{"embeddable":true,"href":"https:\/\/radros.org\/fr\/wp-json\/wp\/v2\/pages\/7371"}],"wp:attachment":[{"href":"https:\/\/radros.org\/fr\/wp-json\/wp\/v2\/media?parent=7314"}],"curies":[{"name":"wp","href":"https:\/\/api.w.org\/{rel}","templated":true}]}}