{"id":7343,"date":"2024-01-16T12:56:03","date_gmt":"2024-01-16T12:56:03","guid":{"rendered":"https:\/\/radros.org\/bureau-des-projets-de-developpement-et-de-construction\/"},"modified":"2025-06-16T13:01:01","modified_gmt":"2025-06-16T13:01:01","slug":"bureau-des-projets-de-developpement-et-de-construction","status":"publish","type":"page","link":"https:\/\/radros.org\/fr\/bureau-des-projets-de-developpement-et-de-construction\/","title":{"rendered":"Bureau des travaux de construction"},"content":{"rendered":"\t\t<div data-elementor-type=\"wp-page\" data-elementor-id=\"7343\" class=\"elementor elementor-7343 elementor-2566\" data-elementor-settings=\"{&quot;ha_cmc_init_switcher&quot;:&quot;no&quot;}\" data-elementor-post-type=\"page\">\n\t\t\t\t<div class=\"elementor-element elementor-element-7c76145 e-con-full e-flex e-con e-parent\" data-id=\"7c76145\" data-element_type=\"container\" data-settings=\"{&quot;_ha_eqh_enable&quot;:false}\">\n\t\t<div class=\"elementor-element elementor-element-53e4e50 e-con-full e-flex e-con e-child\" data-id=\"53e4e50\" data-element_type=\"container\" data-settings=\"{&quot;background_background&quot;:&quot;slideshow&quot;,&quot;background_slideshow_gallery&quot;:[{&quot;id&quot;:3159,&quot;url&quot;:&quot;https:\\\/\\\/radros.org\\\/wp-content\\\/uploads\\\/2024\\\/01\\\/Sans-titre-1-2.gif&quot;}],&quot;background_slideshow_loop&quot;:&quot;yes&quot;,&quot;background_slideshow_slide_duration&quot;:5000,&quot;background_slideshow_slide_transition&quot;:&quot;fade&quot;,&quot;background_slideshow_transition_duration&quot;:500,&quot;_ha_eqh_enable&quot;:false}\">\n\t\t\t\t<div class=\"elementor-element elementor-element-8389bab elementor-widget elementor-widget-spacer\" data-id=\"8389bab\" data-element_type=\"widget\" data-widget_type=\"spacer.default\">\n\t\t\t\t<div class=\"elementor-widget-container\">\n\t\t\t\t\t\t\t<div class=\"elementor-spacer\">\n\t\t\t<div class=\"elementor-spacer-inner\"><\/div>\n\t\t<\/div>\n\t\t\t\t\t\t<\/div>\n\t\t\t\t<\/div>\n\t\t\t\t<div class=\"elementor-element elementor-element-1ad2e40 elementor-widget elementor-widget-heading\" data-id=\"1ad2e40\" data-element_type=\"widget\" data-widget_type=\"heading.default\">\n\t\t\t\t<div class=\"elementor-widget-container\">\n\t\t\t\t\t<h1 class=\"elementor-heading-title elementor-size-default\">Le r\u00e9seau des associations de d\u00e9veloppement ''rameau d'olive''<\/h1>\t\t\t\t<\/div>\n\t\t\t\t<\/div>\n\t\t\t\t<div class=\"elementor-element elementor-element-4845c70 elementor-widget elementor-widget-heading\" data-id=\"4845c70\" data-element_type=\"widget\" data-widget_type=\"heading.default\">\n\t\t\t\t<div class=\"elementor-widget-container\">\n\t\t\t\t\t<h1 class=\"elementor-heading-title elementor-size-default\">Nous construisons la Tunisie de nos propres mains<br>\nNous investissons votre confiance dans le bien<\/h1>\t\t\t\t<\/div>\n\t\t\t\t<\/div>\n\t\t\t\t<\/div>\n\t\t\t\t<\/div>\n\t\t<div class=\"elementor-element elementor-element-750057c e-con-full e-flex e-con e-parent\" data-id=\"750057c\" data-element_type=\"container\" data-settings=\"{&quot;_ha_eqh_enable&quot;:false}\">\n\t\t<div class=\"elementor-element elementor-element-d63508f e-con-full e-flex e-con e-child\" data-id=\"d63508f\" data-element_type=\"container\" data-settings=\"{&quot;_ha_eqh_enable&quot;:false}\">\n\t\t\t\t<div class=\"elementor-element elementor-element-d4bf058 elementor-widget elementor-widget-spacer\" data-id=\"d4bf058\" data-element_type=\"widget\" data-widget_type=\"spacer.default\">\n\t\t\t\t<div class=\"elementor-widget-container\">\n\t\t\t\t\t\t\t<div class=\"elementor-spacer\">\n\t\t\t<div class=\"elementor-spacer-inner\"><\/div>\n\t\t<\/div>\n\t\t\t\t\t\t<\/div>\n\t\t\t\t<\/div>\n\t\t\t\t<\/div>\n\t\t\t\t<\/div>\n\t\t<div class=\"elementor-element elementor-element-bbaa226 e-flex e-con-boxed e-con e-parent\" data-id=\"bbaa226\" data-element_type=\"container\" data-settings=\"{&quot;_ha_eqh_enable&quot;:false}\">\n\t\t\t\t\t<div class=\"e-con-inner\">\n\t\t<div class=\"elementor-element elementor-element-0e3673c e-con-full e-flex e-con e-child\" data-id=\"0e3673c\" data-element_type=\"container\" data-settings=\"{&quot;_ha_eqh_enable&quot;:false}\">\n\t\t<div class=\"elementor-element elementor-element-e9f60af e-flex e-con-boxed e-con e-child\" data-id=\"e9f60af\" data-element_type=\"container\" data-settings=\"{&quot;_ha_eqh_enable&quot;:false}\">\n\t\t\t\t\t<div class=\"e-con-inner\">\n\t\t<div class=\"elementor-element elementor-element-5385d77 e-flex e-con-boxed e-con e-child\" data-id=\"5385d77\" data-element_type=\"container\" data-settings=\"{&quot;_ha_eqh_enable&quot;:false}\">\n\t\t\t\t\t<div class=\"e-con-inner\">\n\t\t<div class=\"elementor-element elementor-element-e5624cb e-con-full e-flex e-con e-child\" data-id=\"e5624cb\" data-element_type=\"container\" data-settings=\"{&quot;_ha_eqh_enable&quot;:false}\">\n\t\t\t\t<div class=\"elementor-element elementor-element-68019f7 elementor-widget-divider--view-line elementor-widget elementor-widget-divider\" data-id=\"68019f7\" data-element_type=\"widget\" data-widget_type=\"divider.default\">\n\t\t\t\t<div class=\"elementor-widget-container\">\n\t\t\t\t\t\t\t<div class=\"elementor-divider\">\n\t\t\t<span class=\"elementor-divider-separator\">\n\t\t\t\t\t\t<\/span>\n\t\t<\/div>\n\t\t\t\t\t\t<\/div>\n\t\t\t\t<\/div>\n\t\t\t\t<\/div>\n\t\t<div class=\"elementor-element elementor-element-f7b4692 e-con-full e-flex e-con e-child\" data-id=\"f7b4692\" data-element_type=\"container\" data-settings=\"{&quot;_ha_eqh_enable&quot;:false}\">\n\t\t\t\t<div class=\"elementor-element elementor-element-4db0e50 elementor-widget__width-initial elementor-widget elementor-widget-heading\" data-id=\"4db0e50\" data-element_type=\"widget\" data-widget_type=\"heading.default\">\n\t\t\t\t<div class=\"elementor-widget-container\">\n\t\t\t\t\t<h2 class=\"elementor-heading-title elementor-size-small\">Bureau des travaux de construction<\/h2>\t\t\t\t<\/div>\n\t\t\t\t<\/div>\n\t\t\t\t<\/div>\n\t\t<div class=\"elementor-element elementor-element-41e2a73 e-con-full e-flex e-con e-child\" data-id=\"41e2a73\" data-element_type=\"container\" data-settings=\"{&quot;_ha_eqh_enable&quot;:false}\">\n\t\t\t\t<div class=\"elementor-element elementor-element-5e4df20 elementor-widget-divider--view-line elementor-widget elementor-widget-divider\" data-id=\"5e4df20\" data-element_type=\"widget\" data-widget_type=\"divider.default\">\n\t\t\t\t<div class=\"elementor-widget-container\">\n\t\t\t\t\t\t\t<div class=\"elementor-divider\">\n\t\t\t<span class=\"elementor-divider-separator\">\n\t\t\t\t\t\t<\/span>\n\t\t<\/div>\n\t\t\t\t\t\t<\/div>\n\t\t\t\t<\/div>\n\t\t\t\t<\/div>\n\t\t\t\t\t<\/div>\n\t\t\t\t<\/div>\n\t\t\t\t\t<\/div>\n\t\t\t\t<\/div>\n\t\t\t\t<\/div>\n\t\t\t\t\t<\/div>\n\t\t\t\t<\/div>\n\t\t<div class=\"elementor-element elementor-element-db21732 e-con-full e-flex e-con e-parent\" data-id=\"db21732\" data-element_type=\"container\" data-settings=\"{&quot;_ha_eqh_enable&quot;:false}\">\n\t\t<div class=\"elementor-element elementor-element-8d08b62 e-flex e-con-boxed e-con e-child\" data-id=\"8d08b62\" data-element_type=\"container\" data-settings=\"{&quot;_ha_eqh_enable&quot;:false}\">\n\t\t\t\t\t<div class=\"e-con-inner\">\n\t\t\t\t<div class=\"elementor-element elementor-element-65e2424 elementor-widget elementor-widget-heading\" data-id=\"65e2424\" data-element_type=\"widget\" data-widget_type=\"heading.default\">\n\t\t\t\t<div class=\"elementor-widget-container\">\n\t\t\t\t\t<h1 class=\"elementor-heading-title elementor-size-default\">Pr\u00e9sentation :<\/h1>\t\t\t\t<\/div>\n\t\t\t\t<\/div>\n\t\t\t\t<div class=\"elementor-element elementor-element-a4faec5 elementor-widget elementor-widget-heading\" data-id=\"a4faec5\" data-element_type=\"widget\" data-widget_type=\"heading.default\">\n\t\t\t\t<div class=\"elementor-widget-container\">\n\t\t\t\t\t<h2 class=\"elementor-heading-title elementor-size-default\">Dans le cadre du soutien aux efforts de l\u2019\u00c9tat, et sous la supervision de M. le d\u00e9l\u00e9gu\u00e9 de Hassi El Frid, Amen Ben Ali, ainsi que de la D\u00e9l\u00e9gation R\u00e9gionale des Affaires Sociales de Kasserine et de toutes les autorit\u00e9s r\u00e9gionales et locales de Kasserine, des cabanes ont r\u00e9cemment \u00e9t\u00e9 d\u00e9molies et de nouveaux logements ont \u00e9t\u00e9 construits pour des familles d\u00e9munies dans la r\u00e9gion.\n\nLe 25 septembre 2024, le R\u00e9seau Ghossn Ez\u2011Zeitoun des associations de d\u00e9veloppement \u00e0 Sfax a eu l\u2019honneur d\u2019inaugurer une nouvelle maison d\u00e9cente offrant une vie digne \u00e0 une famille en situation de pr\u00e9carit\u00e9 dans la d\u00e9l\u00e9gation de Hassi El Frid, dans le gouvernorat de Kasserine.\n\nCe projet fait partie des initiatives habituelles de d\u00e9veloppement et humanitaires du r\u00e9seau, et correspond \u00e0 sa nouvelle d\u00e9marche visant \u00e0 remplacer les cabanes par des habitations neuves et pr\u00eates \u00e0 habiter pour les familles dans le besoin. Par cette action solidaire, le r\u00e9seau a s\u00e9ch\u00e9 des larmes, suscit\u00e9 la joie et r\u00e9alis\u00e9 le r\u00eave d\u2019une famille pauvre, en lui offrant les conditions minimales d\u2019une vie digne.\n\nCe fut une journ\u00e9e m\u00e9morable, marqu\u00e9e par l\u2019immense bonheur visible sur les visages des membres de cette famille b\u00e9n\u00e9ficiaire, gr\u00e2ce \u00e0 leur nouvelle maison pr\u00eate \u00e0 habiter.\n\nCe projet humanitaire noble est financ\u00e9 et soutenu par la Maison de la Zak\u00e2t du Kowe\u00eft, et supervis\u00e9 et mis en \u0153uvre par le R\u00e9seau Ghossn Ez\u2011Zeitoun des associations de d\u00e9veloppement \u00e0 Sfax. Le r\u00e9seau tient \u00e0 exprimer sa profonde gratitude \u00e0 tous ceux qui ont contribu\u00e9 au succ\u00e8s de cette action remarquable.<\/h2>\t\t\t\t<\/div>\n\t\t\t\t<\/div>\n\t\t\t\t<div class=\"elementor-element elementor-element-77639cb elementor-widget elementor-widget-spacer\" data-id=\"77639cb\" data-element_type=\"widget\" data-widget_type=\"spacer.default\">\n\t\t\t\t<div class=\"elementor-widget-container\">\n\t\t\t\t\t\t\t<div class=\"elementor-spacer\">\n\t\t\t<div class=\"elementor-spacer-inner\"><\/div>\n\t\t<\/div>\n\t\t\t\t\t\t<\/div>\n\t\t\t\t<\/div>\n\t\t\t\t<div class=\"elementor-element elementor-element-d582dd7 elementor-widget elementor-widget-heading\" data-id=\"d582dd7\" data-element_type=\"widget\" data-widget_type=\"heading.default\">\n\t\t\t\t<div class=\"elementor-widget-container\">\n\t\t\t\t\t<h1 class=\"elementor-heading-title elementor-size-default\">Nos projets de construction<\/h1>\t\t\t\t<\/div>\n\t\t\t\t<\/div>\n\t\t\t\t\t<\/div>\n\t\t\t\t<\/div>\n\t\t\t\t<\/div>\n\t\t<div class=\"elementor-element elementor-element-668c17e e-flex e-con-boxed e-con e-parent\" data-id=\"668c17e\" data-element_type=\"container\" data-settings=\"{&quot;_ha_eqh_enable&quot;:false}\">\n\t\t\t\t\t<div class=\"e-con-inner\">\n\t\t<div class=\"elementor-element elementor-element-7a4fb8f e-flex e-con-boxed e-con e-child\" data-id=\"7a4fb8f\" data-element_type=\"container\" data-settings=\"{&quot;_ha_eqh_enable&quot;:false}\">\n\t\t\t\t\t<div class=\"e-con-inner\">\n\t\t\t\t<div class=\"elementor-element elementor-element-5782c27 elementor-grid-3 elementor-grid-tablet-2 elementor-grid-mobile-1 elementor-posts--thumbnail-top elementor-widget elementor-widget-posts\" data-id=\"5782c27\" data-element_type=\"widget\" data-settings=\"{&quot;pagination_type&quot;:&quot;numbers&quot;,&quot;classic_columns&quot;:&quot;3&quot;,&quot;classic_columns_tablet&quot;:&quot;2&quot;,&quot;classic_columns_mobile&quot;:&quot;1&quot;,&quot;classic_row_gap&quot;:{&quot;unit&quot;:&quot;px&quot;,&quot;size&quot;:35,&quot;sizes&quot;:[]},&quot;classic_row_gap_tablet&quot;:{&quot;unit&quot;:&quot;px&quot;,&quot;size&quot;:&quot;&quot;,&quot;sizes&quot;:[]},&quot;classic_row_gap_mobile&quot;:{&quot;unit&quot;:&quot;px&quot;,&quot;size&quot;:&quot;&quot;,&quot;sizes&quot;:[]}}\" data-widget_type=\"posts.classic\">\n\t\t\t\t<div class=\"elementor-widget-container\">\n\t\t\t\t\t\t\t<div class=\"elementor-posts-container elementor-posts elementor-posts--skin-classic elementor-grid\">\n\t\t\t\t<article class=\"elementor-post elementor-grid-item post-8337 post type-post status-publish format-standard has-post-thumbnail hentry category-actualites-du-reseau category-bureau-des-travaux-de-constructions category-60 category-65\">\n\t\t\t\t<a class=\"elementor-post__thumbnail__link\" href=\"https:\/\/radros.org\/fr\/2025\/05\/22\/le-reseau-signe-une-convention-de-partenariat-avec-la-direction-regionale-de-la-sante-a-kasserine-pour-renforcer-la-cooperation-dans-le-domaine-de-la-sante\/\" tabindex=\"-1\" target=&quot;_blank&quot;>\n\t\t\t<div class=\"elementor-post__thumbnail\"><img fetchpriority=\"high\" decoding=\"async\" width=\"300\" height=\"200\" src=\"https:\/\/radros.org\/wp-content\/uploads\/2025\/05\/WhatsApp-Image-2025-05-21-a-21.58.04_236c8ff7-300x200.jpg\" class=\"attachment-medium size-medium wp-image-8144\" alt=\"\" srcset=\"https:\/\/radros.org\/wp-content\/uploads\/2025\/05\/WhatsApp-Image-2025-05-21-a-21.58.04_236c8ff7-300x200.jpg 300w, https:\/\/radros.org\/wp-content\/uploads\/2025\/05\/WhatsApp-Image-2025-05-21-a-21.58.04_236c8ff7-1024x682.jpg 1024w, https:\/\/radros.org\/wp-content\/uploads\/2025\/05\/WhatsApp-Image-2025-05-21-a-21.58.04_236c8ff7-768x512.jpg 768w, https:\/\/radros.org\/wp-content\/uploads\/2025\/05\/WhatsApp-Image-2025-05-21-a-21.58.04_236c8ff7-1536x1023.jpg 1536w, https:\/\/radros.org\/wp-content\/uploads\/2025\/05\/WhatsApp-Image-2025-05-21-a-21.58.04_236c8ff7.jpg 1600w\" sizes=\"(max-width: 300px) 100vw, 300px\" \/><\/div>\n\t\t<\/a>\n\t\t\t\t<div class=\"elementor-post__text\">\n\t\t\t\t<h2 class=\"elementor-post__title\">\n\t\t\t<a href=\"https:\/\/radros.org\/fr\/2025\/05\/22\/le-reseau-signe-une-convention-de-partenariat-avec-la-direction-regionale-de-la-sante-a-kasserine-pour-renforcer-la-cooperation-dans-le-domaine-de-la-sante\/\" target=&quot;_blank&quot;>\n\t\t\t\tR.A.D.R.O.S signe une convention de partenariat avec la direction r\u00e9gionale de la sant\u00e9 \u00e0 KASSERINE, pour renforcer la coop\u00e9ration dans le domaine de la sant\u00e9\t\t\t<\/a>\n\t\t<\/h2>\n\t\t\n\t\t<a class=\"elementor-post__read-more\" href=\"https:\/\/radros.org\/fr\/2025\/05\/22\/le-reseau-signe-une-convention-de-partenariat-avec-la-direction-regionale-de-la-sante-a-kasserine-pour-renforcer-la-cooperation-dans-le-domaine-de-la-sante\/\" aria-label=\"Read more about R.A.D.R.O.S signe une convention de partenariat avec la direction r\u00e9gionale de la sant\u00e9 \u00e0 KASSERINE, pour renforcer la coop\u00e9ration dans le domaine de la sant\u00e9\" tabindex=\"-1\" target=\"_blank\">\n\t\t\tLire la suite &gt;&gt;\t\t<\/a>\n\n\t\t\t\t<\/div>\n\t\t\t\t<\/article>\n\t\t\t\t<article class=\"elementor-post elementor-grid-item post-8363 post type-post status-publish format-standard has-post-thumbnail hentry category-bureau-des-travaux-de-constructions category-60\">\n\t\t\t\t<a class=\"elementor-post__thumbnail__link\" href=\"https:\/\/radros.org\/fr\/2025\/05\/09\/remise-par-le-reseau-dune-nouvelle-structure-de-sante-a-letat\/\" tabindex=\"-1\" target=&quot;_blank&quot;>\n\t\t\t<div class=\"elementor-post__thumbnail\"><img decoding=\"async\" width=\"300\" height=\"194\" src=\"https:\/\/radros.org\/wp-content\/uploads\/2025\/05\/WhatsApp-Image-2025-05-09-a-07.30.57_95222858-300x194.jpg\" class=\"attachment-medium size-medium wp-image-7243\" alt=\"\" srcset=\"https:\/\/radros.org\/wp-content\/uploads\/2025\/05\/WhatsApp-Image-2025-05-09-a-07.30.57_95222858-300x194.jpg 300w, https:\/\/radros.org\/wp-content\/uploads\/2025\/05\/WhatsApp-Image-2025-05-09-a-07.30.57_95222858-1024x664.jpg 1024w, https:\/\/radros.org\/wp-content\/uploads\/2025\/05\/WhatsApp-Image-2025-05-09-a-07.30.57_95222858-768x498.jpg 768w, https:\/\/radros.org\/wp-content\/uploads\/2025\/05\/WhatsApp-Image-2025-05-09-a-07.30.57_95222858.jpg 1080w\" sizes=\"(max-width: 300px) 100vw, 300px\" \/><\/div>\n\t\t<\/a>\n\t\t\t\t<div class=\"elementor-post__text\">\n\t\t\t\t<h2 class=\"elementor-post__title\">\n\t\t\t<a href=\"https:\/\/radros.org\/fr\/2025\/05\/09\/remise-par-le-reseau-dune-nouvelle-structure-de-sante-a-letat\/\" target=&quot;_blank&quot;>\n\t\t\t\tRemise par le R\u00e9seau d\u2019une nouvelle structure de sant\u00e9 \u00e0 l\u2019\u00c9tat\t\t\t<\/a>\n\t\t<\/h2>\n\t\t\n\t\t<a class=\"elementor-post__read-more\" href=\"https:\/\/radros.org\/fr\/2025\/05\/09\/remise-par-le-reseau-dune-nouvelle-structure-de-sante-a-letat\/\" aria-label=\"Read more about Remise par le R\u00e9seau d\u2019une nouvelle structure de sant\u00e9 \u00e0 l\u2019\u00c9tat\" tabindex=\"-1\" target=\"_blank\">\n\t\t\tLire la suite &gt;&gt;\t\t<\/a>\n\n\t\t\t\t<\/div>\n\t\t\t\t<\/article>\n\t\t\t\t<article class=\"elementor-post elementor-grid-item post-8381 post type-post status-publish format-standard has-post-thumbnail hentry category-bureau-des-travaux-de-constructions category-60\">\n\t\t\t\t<a class=\"elementor-post__thumbnail__link\" href=\"https:\/\/radros.org\/fr\/2025\/01\/04\/lancement-des-travaux-du-projet-de-construction-dun-centre-de-soins-de-sante-de-base-categorie-4-a-sidi-souheil-tala\/\" tabindex=\"-1\" target=&quot;_blank&quot;>\n\t\t\t<div class=\"elementor-post__thumbnail\"><img decoding=\"async\" width=\"300\" height=\"225\" src=\"https:\/\/radros.org\/wp-content\/uploads\/2025\/01\/470233240_1007692681390280_8285878675729544634_n-1-300x225.jpg\" class=\"attachment-medium size-medium wp-image-6816\" alt=\"\" srcset=\"https:\/\/radros.org\/wp-content\/uploads\/2025\/01\/470233240_1007692681390280_8285878675729544634_n-1-300x225.jpg 300w, https:\/\/radros.org\/wp-content\/uploads\/2025\/01\/470233240_1007692681390280_8285878675729544634_n-1-1024x768.jpg 1024w, https:\/\/radros.org\/wp-content\/uploads\/2025\/01\/470233240_1007692681390280_8285878675729544634_n-1-768x576.jpg 768w, https:\/\/radros.org\/wp-content\/uploads\/2025\/01\/470233240_1007692681390280_8285878675729544634_n-1.jpg 1280w\" sizes=\"(max-width: 300px) 100vw, 300px\" \/><\/div>\n\t\t<\/a>\n\t\t\t\t<div class=\"elementor-post__text\">\n\t\t\t\t<h2 class=\"elementor-post__title\">\n\t\t\t<a href=\"https:\/\/radros.org\/fr\/2025\/01\/04\/lancement-des-travaux-du-projet-de-construction-dun-centre-de-soins-de-sante-de-base-categorie-4-a-sidi-souheil-tala\/\" target=&quot;_blank&quot;>\n\t\t\t\tLancement des travaux du projet de construction d\u2019un centre de soins de sant\u00e9 de base, cat\u00e9gorie 4, \u00e0 SIDI SHIL, TALA:\t\t\t<\/a>\n\t\t<\/h2>\n\t\t\n\t\t<a class=\"elementor-post__read-more\" href=\"https:\/\/radros.org\/fr\/2025\/01\/04\/lancement-des-travaux-du-projet-de-construction-dun-centre-de-soins-de-sante-de-base-categorie-4-a-sidi-souheil-tala\/\" aria-label=\"Read more about Lancement des travaux du projet de construction d\u2019un centre de soins de sant\u00e9 de base, cat\u00e9gorie 4, \u00e0 SIDI SHIL, TALA:\" tabindex=\"-1\" target=\"_blank\">\n\t\t\tLire la suite &gt;&gt;\t\t<\/a>\n\n\t\t\t\t<\/div>\n\t\t\t\t<\/article>\n\t\t\t\t<\/div>\n\t\t\n\t\t\t\t<div class=\"e-load-more-anchor\" data-page=\"1\" data-max-page=\"3\" data-next-page=\"https:\/\/radros.org\/fr\/wp-json\/wp\/v2\/pages\/7343\/page\/2\/\"><\/div>\n\t\t\t\t<nav class=\"elementor-pagination\" aria-label=\"Pagination\">\n\t\t\t<span aria-current=\"page\" class=\"page-numbers current\"><span class=\"elementor-screen-only\">Page<\/span>1<\/span>\n<a class=\"page-numbers\" href=\"https:\/\/radros.org\/fr\/wp-json\/wp\/v2\/pages\/7343\/page\/2\/\"><span class=\"elementor-screen-only\">Page<\/span>2<\/a>\n<a class=\"page-numbers\" href=\"https:\/\/radros.org\/fr\/wp-json\/wp\/v2\/pages\/7343\/page\/3\/\"><span class=\"elementor-screen-only\">Page<\/span>3<\/a>\t\t<\/nav>\n\t\t\t\t\t\t<\/div>\n\t\t\t\t<\/div>\n\t\t\t\t<div class=\"elementor-element elementor-element-5a8c30d elementor-widget elementor-widget-spacer\" data-id=\"5a8c30d\" data-element_type=\"widget\" data-widget_type=\"spacer.default\">\n\t\t\t\t<div class=\"elementor-widget-container\">\n\t\t\t\t\t\t\t<div class=\"elementor-spacer\">\n\t\t\t<div class=\"elementor-spacer-inner\"><\/div>\n\t\t<\/div>\n\t\t\t\t\t\t<\/div>\n\t\t\t\t<\/div>\n\t\t\t\t\t<\/div>\n\t\t\t\t<\/div>\n\t\t\t\t\t<\/div>\n\t\t\t\t<\/div>\n\t\t<div class=\"elementor-element elementor-element-5cb868b e-con-full e-flex e-con e-parent\" data-id=\"5cb868b\" data-element_type=\"container\" data-settings=\"{&quot;background_background&quot;:&quot;slideshow&quot;,&quot;background_slideshow_gallery&quot;:[{&quot;id&quot;:2705,&quot;url&quot;:&quot;https:\\\/\\\/radros.org\\\/wp-content\\\/uploads\\\/2024\\\/01\\\/IMG_0863-1.gif&quot;}],&quot;background_slideshow_loop&quot;:&quot;yes&quot;,&quot;background_slideshow_slide_duration&quot;:5000,&quot;background_slideshow_slide_transition&quot;:&quot;fade&quot;,&quot;background_slideshow_transition_duration&quot;:500,&quot;_ha_eqh_enable&quot;:false}\">\n\t\t<div class=\"elementor-element elementor-element-f41d926 e-con-full e-flex e-con e-child\" data-id=\"f41d926\" data-element_type=\"container\" data-settings=\"{&quot;background_background&quot;:&quot;slideshow&quot;,&quot;background_slideshow_gallery&quot;:[],&quot;background_slideshow_loop&quot;:&quot;yes&quot;,&quot;background_slideshow_slide_duration&quot;:5000,&quot;background_slideshow_slide_transition&quot;:&quot;fade&quot;,&quot;background_slideshow_transition_duration&quot;:500,&quot;_ha_eqh_enable&quot;:false}\">\n\t\t<div class=\"elementor-element elementor-element-1dcd6c4 e-con-full e-flex e-con e-child\" data-id=\"1dcd6c4\" data-element_type=\"container\" data-settings=\"{&quot;background_background&quot;:&quot;slideshow&quot;,&quot;background_slideshow_gallery&quot;:[],&quot;background_slideshow_loop&quot;:&quot;yes&quot;,&quot;background_slideshow_slide_duration&quot;:5000,&quot;background_slideshow_slide_transition&quot;:&quot;fade&quot;,&quot;background_slideshow_transition_duration&quot;:500,&quot;_ha_eqh_enable&quot;:false}\">\n\t\t\t\t<div class=\"elementor-element elementor-element-6bfa5da elementor-widget elementor-widget-heading\" data-id=\"6bfa5da\" data-element_type=\"widget\" data-widget_type=\"heading.default\">\n\t\t\t\t<div class=\"elementor-widget-container\">\n\t\t\t\t\t<h1 class=\"elementor-heading-title elementor-size-default\">Nous construisons la Tunisie de nos propres mains<br>\nNous investissons votre confiance dans le bien<\/h1>\t\t\t\t<\/div>\n\t\t\t\t<\/div>\n\t\t\t\t<div class=\"elementor-element elementor-element-15acb0b elementor-widget elementor-widget-heading\" data-id=\"15acb0b\" data-element_type=\"widget\" data-widget_type=\"heading.default\">\n\t\t\t\t<div class=\"elementor-widget-container\">\n\t\t\t\t\t<h1 class=\"elementor-heading-title elementor-size-default\">Change ta vie aujourd\u2019hui<\/h1>\t\t\t\t<\/div>\n\t\t\t\t<\/div>\n\t\t\t\t<div class=\"elementor-element elementor-element-bef9ff2 ha-dual-button--align-center elementor-widget__width-initial ha-dual-button--layout-queue ha-dual-button--tablet-layout-queue ha-dual-button--mobile-layout-queue elementor-widget elementor-widget-ha-dual-button happy-addon ha-dual-button\" data-id=\"bef9ff2\" data-element_type=\"widget\" data-widget_type=\"ha-dual-button.default\">\n\t\t\t\t<div class=\"elementor-widget-container\">\n\t\t\t\t\t        <div class=\"ha-dual-btn-wrapper\">\n            <a class=\"ha-dual-btn ha-dual-btn--left\" href=\"https:\/\/radros.org\/%d8%aa%d9%88%d8%a7%d8%b5%d9%84-%d9%85%d8%b9%d9%86%d8%a7\/%d8%aa%d8%a8%d8%b1%d8%b9\/\">\n                                                    <span >Faites un don maintenant <\/span>\n                                            <\/a>\n                    <\/div>\n        <div class=\"ha-dual-btn-wrapper\">\n            <a class=\"ha-dual-btn ha-dual-btn--right\" href=\"#elementor-action%3Aaction%3Dpopup%3Aopen%26settings%3DeyJpZCI6IjM1NDQiLCJ0b2dnbGUiOnRydWV9\">\n                                                    <span > Contactez-nous<\/span>\n                                            <\/a>\n        <\/div>\n        \t\t\t\t<\/div>\n\t\t\t\t<\/div>\n\t\t\t\t<\/div>\n\t\t\t\t<\/div>\n\t\t\t\t<\/div>\n\t\t<div class=\"elementor-element elementor-element-730cc6f e-flex e-con-boxed e-con e-parent\" data-id=\"730cc6f\" data-element_type=\"container\" data-settings=\"{&quot;_ha_eqh_enable&quot;:false}\">\n\t\t\t\t\t<div class=\"e-con-inner\">\n\t\t\t\t<div class=\"elementor-element elementor-element-4773d28 elementor-widget elementor-widget-text-editor\" data-id=\"4773d28\" data-element_type=\"widget\" data-widget_type=\"text-editor.default\">\n\t\t\t\t<div class=\"elementor-widget-container\">\n\t\t\t\t\t\t\t\t\t<p>Lorem ipsum dolor sit amet, consectetur adipiscing elit. Ut elit tellus, luctus nec ullamcorper mattis, pulvinar dapibus leo.<\/p>\t\t\t\t\t\t\t\t<\/div>\n\t\t\t\t<\/div>\n\t\t\t\t\t<\/div>\n\t\t\t\t<\/div>\n\t\t\t\t<\/div>\n\t\t","protected":false},"excerpt":{"rendered":"<p>Le r\u00e9seau des associations de d\u00e9veloppement &#8221;rameau d&#8217;olive&#8221; Nous construisons la Tunisie de nos propres mains Nous investissons votre confiance dans le bien Bureau des<\/p>\n","protected":false},"author":1,"featured_media":0,"parent":0,"menu_order":0,"comment_status":"closed","ping_status":"closed","template":"elementor_header_footer","meta":{"_acf_changed":false,"give_campaign_id":0,"footnotes":""},"class_list":["post-7343","page","type-page","status-publish","hentry"],"acf":[],"campaignId":"","_links":{"self":[{"href":"https:\/\/radros.org\/fr\/wp-json\/wp\/v2\/pages\/7343","targetHints":{"allow":["GET"]}}],"collection":[{"href":"https:\/\/radros.org\/fr\/wp-json\/wp\/v2\/pages"}],"about":[{"href":"https:\/\/radros.org\/fr\/wp-json\/wp\/v2\/types\/page"}],"author":[{"embeddable":true,"href":"https:\/\/radros.org\/fr\/wp-json\/wp\/v2\/users\/1"}],"replies":[{"embeddable":true,"href":"https:\/\/radros.org\/fr\/wp-json\/wp\/v2\/comments?post=7343"}],"version-history":[{"count":49,"href":"https:\/\/radros.org\/fr\/wp-json\/wp\/v2\/pages\/7343\/revisions"}],"predecessor-version":[{"id":10578,"href":"https:\/\/radros.org\/fr\/wp-json\/wp\/v2\/pages\/7343\/revisions\/10578"}],"wp:attachment":[{"href":"https:\/\/radros.org\/fr\/wp-json\/wp\/v2\/media?parent=7343"}],"curies":[{"name":"wp","href":"https:\/\/api.w.org\/{rel}","templated":true}]}}