{"id":7441,"date":"2024-01-18T17:15:32","date_gmt":"2024-01-18T17:15:32","guid":{"rendered":"https:\/\/radros.org\/presentation-de-reseau\/rapport-moral\/"},"modified":"2026-02-28T11:37:14","modified_gmt":"2026-02-28T11:37:14","slug":"rapport-moral","status":"publish","type":"page","link":"https:\/\/radros.org\/fr\/presentation-de-reseau\/rapport-moral\/","title":{"rendered":"Rapport moral"},"content":{"rendered":"\t\t<div data-elementor-type=\"wp-page\" data-elementor-id=\"7441\" class=\"elementor elementor-7441 elementor-3355\" data-elementor-settings=\"{&quot;ha_cmc_init_switcher&quot;:&quot;no&quot;}\" data-elementor-post-type=\"page\">\n\t\t\t\t<div class=\"elementor-element elementor-element-af50fad e-con-full e-flex e-con e-parent\" data-id=\"af50fad\" data-element_type=\"container\" data-settings=\"{&quot;background_background&quot;:&quot;gradient&quot;,&quot;_ha_eqh_enable&quot;:false}\">\n\t\t\t\t<div class=\"elementor-element elementor-element-97125ce elementor-widget elementor-widget-spacer\" data-id=\"97125ce\" data-element_type=\"widget\" data-widget_type=\"spacer.default\">\n\t\t\t\t<div class=\"elementor-widget-container\">\n\t\t\t\t\t\t\t<div class=\"elementor-spacer\">\n\t\t\t<div class=\"elementor-spacer-inner\"><\/div>\n\t\t<\/div>\n\t\t\t\t\t\t<\/div>\n\t\t\t\t<\/div>\n\t\t\t\t<div class=\"elementor-element elementor-element-2c48f40 elementor-widget elementor-widget-spacer\" data-id=\"2c48f40\" data-element_type=\"widget\" data-widget_type=\"spacer.default\">\n\t\t\t\t<div class=\"elementor-widget-container\">\n\t\t\t\t\t\t\t<div class=\"elementor-spacer\">\n\t\t\t<div class=\"elementor-spacer-inner\"><\/div>\n\t\t<\/div>\n\t\t\t\t\t\t<\/div>\n\t\t\t\t<\/div>\n\t\t\t\t<div class=\"elementor-element elementor-element-a12dff2 elementor-widget elementor-widget-heading\" data-id=\"a12dff2\" data-element_type=\"widget\" data-widget_type=\"heading.default\">\n\t\t\t\t<div class=\"elementor-widget-container\">\n\t\t\t\t\t<h1 class=\"elementor-heading-title elementor-size-default\">Le r\u00e9seau des associations de d\u00e9veloppement ''Rameau d'olive'' \u00e0 Sfax<\/h1>\t\t\t\t<\/div>\n\t\t\t\t<\/div>\n\t\t\t\t<div class=\"elementor-element elementor-element-74a7583 elementor-widget elementor-widget-heading\" data-id=\"74a7583\" data-element_type=\"widget\" data-widget_type=\"heading.default\">\n\t\t\t\t<div class=\"elementor-widget-container\">\n\t\t\t\t\t<h1 class=\"elementor-heading-title elementor-size-default\">Nous construisons la Tunisie de nos propres mains,<br>\nNous investissons votre confiance dans le bien<\/h1>\t\t\t\t<\/div>\n\t\t\t\t<\/div>\n\t\t\t\t<\/div>\n\t\t<div class=\"elementor-element elementor-element-7769d9f e-flex e-con-boxed e-con e-parent\" data-id=\"7769d9f\" data-element_type=\"container\" data-settings=\"{&quot;_ha_eqh_enable&quot;:false}\">\n\t\t\t\t\t<div class=\"e-con-inner\">\n\t\t\t\t<div class=\"elementor-element elementor-element-8fd832b elementor-widget elementor-widget-spacer\" data-id=\"8fd832b\" data-element_type=\"widget\" data-widget_type=\"spacer.default\">\n\t\t\t\t<div class=\"elementor-widget-container\">\n\t\t\t\t\t\t\t<div class=\"elementor-spacer\">\n\t\t\t<div class=\"elementor-spacer-inner\"><\/div>\n\t\t<\/div>\n\t\t\t\t\t\t<\/div>\n\t\t\t\t<\/div>\n\t\t\t\t\t<\/div>\n\t\t\t\t<\/div>\n\t\t<div class=\"elementor-element elementor-element-b60c6ca e-flex e-con-boxed e-con e-parent\" data-id=\"b60c6ca\" data-element_type=\"container\" data-settings=\"{&quot;_ha_eqh_enable&quot;:false}\">\n\t\t\t\t\t<div class=\"e-con-inner\">\n\t\t<div class=\"elementor-element elementor-element-e33e46a e-flex e-con-boxed e-con e-child\" data-id=\"e33e46a\" data-element_type=\"container\" data-settings=\"{&quot;_ha_eqh_enable&quot;:false}\">\n\t\t\t\t\t<div class=\"e-con-inner\">\n\t\t<div class=\"elementor-element elementor-element-d77ee73 e-con-full e-flex e-con e-child\" data-id=\"d77ee73\" data-element_type=\"container\" data-settings=\"{&quot;_ha_eqh_enable&quot;:false}\">\n\t\t\t\t<div class=\"elementor-element elementor-element-a3598ce elementor-widget-divider--view-line elementor-widget elementor-widget-divider\" data-id=\"a3598ce\" data-element_type=\"widget\" data-widget_type=\"divider.default\">\n\t\t\t\t<div class=\"elementor-widget-container\">\n\t\t\t\t\t\t\t<div class=\"elementor-divider\">\n\t\t\t<span class=\"elementor-divider-separator\">\n\t\t\t\t\t\t<\/span>\n\t\t<\/div>\n\t\t\t\t\t\t<\/div>\n\t\t\t\t<\/div>\n\t\t\t\t<\/div>\n\t\t<div class=\"elementor-element elementor-element-28c9325 e-con-full e-flex e-con e-child\" data-id=\"28c9325\" data-element_type=\"container\" data-settings=\"{&quot;_ha_eqh_enable&quot;:false}\">\n\t\t\t\t<div class=\"elementor-element elementor-element-f75a505 elementor-widget elementor-widget-heading\" data-id=\"f75a505\" data-element_type=\"widget\" data-widget_type=\"heading.default\">\n\t\t\t\t<div class=\"elementor-widget-container\">\n\t\t\t\t\t<h2 class=\"elementor-heading-title elementor-size-default\">Rapport moral du r\u00e9seau<\/h2>\t\t\t\t<\/div>\n\t\t\t\t<\/div>\n\t\t\t\t<\/div>\n\t\t<div class=\"elementor-element elementor-element-a69ba39 e-con-full e-flex e-con e-child\" data-id=\"a69ba39\" data-element_type=\"container\" data-settings=\"{&quot;_ha_eqh_enable&quot;:false}\">\n\t\t\t\t<div class=\"elementor-element elementor-element-4b80dca elementor-widget-divider--view-line elementor-widget elementor-widget-divider\" data-id=\"4b80dca\" data-element_type=\"widget\" data-widget_type=\"divider.default\">\n\t\t\t\t<div class=\"elementor-widget-container\">\n\t\t\t\t\t\t\t<div class=\"elementor-divider\">\n\t\t\t<span class=\"elementor-divider-separator\">\n\t\t\t\t\t\t<\/span>\n\t\t<\/div>\n\t\t\t\t\t\t<\/div>\n\t\t\t\t<\/div>\n\t\t\t\t<\/div>\n\t\t\t\t\t<\/div>\n\t\t\t\t<\/div>\n\t\t\t\t\t<\/div>\n\t\t\t\t<\/div>\n\t\t<div class=\"elementor-element elementor-element-eb16bf0 e-flex e-con-boxed e-con e-parent\" data-id=\"eb16bf0\" data-element_type=\"container\" data-settings=\"{&quot;_ha_eqh_enable&quot;:false}\">\n\t\t\t\t\t<div class=\"e-con-inner\">\n\t\t\t\t<div class=\"elementor-element elementor-element-ac7cba3 elementor-widget elementor-widget-text-editor\" data-id=\"ac7cba3\" data-element_type=\"widget\" data-widget_type=\"text-editor.default\">\n\t\t\t\t<div class=\"elementor-widget-container\">\n\t\t\t\t\t\t\t\t\t<h4>-Rapport moral 2016: <span style=\"color: #ff0000;\"><a style=\"color: #ff0000;\" href=\"https:\/\/radros.org\/wp-content\/uploads\/2024\/09\/%D8%AA%D9%82%D8%B1%D9%8A%D8%B1-%D8%A7%D8%AF%D8%A8%D9%8A-2016.pdf\"><span style=\"text-decoration: underline;\">le rapport<\/span><\/a><\/span><\/h4><h4>-Rapport moral 2017 : <span style=\"color: #ff0000;\"><a style=\"color: #ff0000;\" href=\"https:\/\/radros.org\/wp-content\/uploads\/2024\/09\/%D8%AA%D9%82%D8%B1%D9%8A%D8%B1-%D8%A7%D8%AF%D8%A8%D9%8A-2017-2.pdf\"><span style=\"text-decoration: underline;\">le rapport<\/span><\/a><\/span><\/h4><h4>-Rapport moral 2018 : <span style=\"color: #ff0000;\"><a style=\"color: #ff0000;\" href=\"https:\/\/radros.org\/wp-content\/uploads\/2024\/09\/%D8%AA%D9%82%D8%B1%D9%8A%D8%B1-%D8%A7%D8%AF%D8%A8%D9%8A-2019.pdf\"><span style=\"text-decoration: underline;\">le rapport<\/span><\/a><\/span><\/h4><h4>-Rapport moral 2019 : <span style=\"color: #ff0000;\"><a style=\"color: #ff0000;\" href=\"https:\/\/radros.org\/wp-content\/uploads\/2024\/09\/%D8%AA%D9%82%D8%B1%D9%8A%D8%B1-%D8%A7%D8%AF%D8%A8%D9%8A-2019.pdf\"><span style=\"text-decoration: underline;\">le rapport<\/span><\/a><\/span><\/h4><h4>-Rapport moral 2020: <span style=\"text-decoration: underline;\"><a href=\"https:\/\/radros.org\/wp-content\/uploads\/2024\/09\/%D8%AA%D9%82%D8%B1%D9%8A%D8%B1-%D8%A7%D8%AF%D8%A8%D9%8A-2020.pdf\"><span style=\"color: #ff0000; text-decoration: underline;\">le rapport<\/span><\/a><\/span><\/h4><h4>-Rapport moral 2021 :<a href=\"https:\/\/radros.org\/wp-content\/uploads\/2024\/09\/%D8%AA%D9%82%D8%B1%D9%8A%D8%B1-%D8%A7%D8%AF%D8%A8%D9%8A-2021.pdf\"><span style=\"text-decoration: underline;\"><span style=\"color: #ff0000; text-decoration: underline;\"> le rapport<\/span><\/span><\/a><\/h4><h4>-Rapport moral 2022 : <a href=\"https:\/\/radros.org\/wp-content\/uploads\/2024\/09\/%D8%AA%D9%82%D8%B1%D9%8A%D8%B1-%D8%A7%D8%AF%D8%A8%D9%8A-2022.pdf\"><span style=\"text-decoration: underline;\"><span style=\"color: #ff0000; text-decoration: underline;\">le rapport<\/span><\/span><\/a><\/h4><h4>-Rapport moral 2023: <a href=\"https:\/\/radros.org\/wp-content\/uploads\/2024\/09\/%D8%AA%D9%82%D8%B1%D9%8A%D8%B1-%D8%A7%D8%AF%D8%A8%D9%8A-2023.pdf\"><span style=\"text-decoration: underline;\"><span style=\"color: #ff0000; text-decoration: underline;\">le rapport<\/span><\/span><\/a><\/h4><div><h4>-Rapport moral 2024: <span style=\"text-decoration: underline; color: #ff0000;\"><a style=\"color: #ff0000; text-decoration: underline;\" href=\"https:\/\/radros.org\/wp-content\/uploads\/2026\/02\/\u0627\u0644\u062a\u0642\u0631\u064a\u0631-\u0627\u0644\u0627\u062f\u0628\u064a-2024-2.pdf\">le rapport<\/a><\/span><\/h4><\/div>\t\t\t\t\t\t\t\t<\/div>\n\t\t\t\t<\/div>\n\t\t\t\t<div class=\"elementor-element elementor-element-3064b4d elementor-widget elementor-widget-spacer\" data-id=\"3064b4d\" data-element_type=\"widget\" data-widget_type=\"spacer.default\">\n\t\t\t\t<div class=\"elementor-widget-container\">\n\t\t\t\t\t\t\t<div class=\"elementor-spacer\">\n\t\t\t<div class=\"elementor-spacer-inner\"><\/div>\n\t\t<\/div>\n\t\t\t\t\t\t<\/div>\n\t\t\t\t<\/div>\n\t\t\t\t\t<\/div>\n\t\t\t\t<\/div>\n\t\t<div class=\"elementor-element elementor-element-35292bb e-con-full e-flex e-con e-parent\" data-id=\"35292bb\" data-element_type=\"container\" data-settings=\"{&quot;background_background&quot;:&quot;gradient&quot;,&quot;_ha_eqh_enable&quot;:false}\">\n\t\t<div class=\"elementor-element elementor-element-df34546 e-con-full e-flex e-con e-child\" data-id=\"df34546\" data-element_type=\"container\" data-settings=\"{&quot;background_background&quot;:&quot;slideshow&quot;,&quot;background_slideshow_gallery&quot;:[],&quot;background_slideshow_loop&quot;:&quot;yes&quot;,&quot;background_slideshow_slide_duration&quot;:5000,&quot;background_slideshow_slide_transition&quot;:&quot;fade&quot;,&quot;background_slideshow_transition_duration&quot;:500,&quot;_ha_eqh_enable&quot;:false}\">\n\t\t\t\t<div class=\"elementor-element elementor-element-1008a3e elementor-widget elementor-widget-heading\" data-id=\"1008a3e\" data-element_type=\"widget\" data-widget_type=\"heading.default\">\n\t\t\t\t<div class=\"elementor-widget-container\">\n\t\t\t\t\t<h1 class=\"elementor-heading-title elementor-size-default\">Nous construisons la Tunisie de nos propres mains<br>\nNous investissons votre confiance dans le bien<\/h1>\t\t\t\t<\/div>\n\t\t\t\t<\/div>\n\t\t\t\t<div class=\"elementor-element elementor-element-4ab9ddf elementor-widget elementor-widget-heading\" data-id=\"4ab9ddf\" data-element_type=\"widget\" data-widget_type=\"heading.default\">\n\t\t\t\t<div class=\"elementor-widget-container\">\n\t\t\t\t\t<h1 class=\"elementor-heading-title elementor-size-default\">Change ta vie aujourd\u2019hui<\/h1>\t\t\t\t<\/div>\n\t\t\t\t<\/div>\n\t\t\t\t<div class=\"elementor-element elementor-element-21fe100 ha-dual-button--align-center elementor-widget__width-initial ha-dual-button--layout-queue ha-dual-button--tablet-layout-queue ha-dual-button--mobile-layout-queue elementor-widget elementor-widget-ha-dual-button happy-addon ha-dual-button\" data-id=\"21fe100\" data-element_type=\"widget\" data-widget_type=\"ha-dual-button.default\">\n\t\t\t\t<div class=\"elementor-widget-container\">\n\t\t\t\t\t        <div class=\"ha-dual-btn-wrapper\">\n            <a class=\"ha-dual-btn ha-dual-btn--left\" href=\"https:\/\/radros.org\/%d8%aa%d9%88%d8%a7%d8%b5%d9%84-%d9%85%d8%b9%d9%86%d8%a7\/%d8%aa%d8%a8%d8%b1%d8%b9\/\">\n                                                    <span >Faites un don maintenant <\/span>\n                                            <\/a>\n                    <\/div>\n        <div class=\"ha-dual-btn-wrapper\">\n            <a class=\"ha-dual-btn ha-dual-btn--right\" href=\"#elementor-action%3Aaction%3Dpopup%3Aopen%26settings%3DeyJpZCI6IjM1NDQiLCJ0b2dnbGUiOnRydWV9\">\n                                                    <span > Contactez-nous<\/span>\n                                            <\/a>\n        <\/div>\n        \t\t\t\t<\/div>\n\t\t\t\t<\/div>\n\t\t\t\t<\/div>\n\t\t\t\t<\/div>\n\t\t\t\t<\/div>\n\t\t","protected":false},"excerpt":{"rendered":"<p>Le r\u00e9seau des associations de d\u00e9veloppement &#8221;Rameau d&#8217;olive&#8221; \u00e0 Sfax Nous construisons la Tunisie de nos propres mains, Nous investissons votre confiance dans le bien Rapport moral du r\u00e9seau -Rapport moral 2016: le rapport -Rapport moral 2017 : le rapport -Rapport moral 2018 : le rapport -Rapport moral 2019 : le rapport -Rapport moral 2020: [&hellip;]<\/p>\n","protected":false},"author":1,"featured_media":0,"parent":7371,"menu_order":0,"comment_status":"closed","ping_status":"closed","template":"elementor_header_footer","meta":{"_acf_changed":false,"give_campaign_id":0,"footnotes":""},"class_list":["post-7441","page","type-page","status-publish","hentry"],"acf":[],"campaignId":"","_links":{"self":[{"href":"https:\/\/radros.org\/fr\/wp-json\/wp\/v2\/pages\/7441","targetHints":{"allow":["GET"]}}],"collection":[{"href":"https:\/\/radros.org\/fr\/wp-json\/wp\/v2\/pages"}],"about":[{"href":"https:\/\/radros.org\/fr\/wp-json\/wp\/v2\/types\/page"}],"author":[{"embeddable":true,"href":"https:\/\/radros.org\/fr\/wp-json\/wp\/v2\/users\/1"}],"replies":[{"embeddable":true,"href":"https:\/\/radros.org\/fr\/wp-json\/wp\/v2\/comments?post=7441"}],"version-history":[{"count":36,"href":"https:\/\/radros.org\/fr\/wp-json\/wp\/v2\/pages\/7441\/revisions"}],"predecessor-version":[{"id":12539,"href":"https:\/\/radros.org\/fr\/wp-json\/wp\/v2\/pages\/7441\/revisions\/12539"}],"up":[{"embeddable":true,"href":"https:\/\/radros.org\/fr\/wp-json\/wp\/v2\/pages\/7371"}],"wp:attachment":[{"href":"https:\/\/radros.org\/fr\/wp-json\/wp\/v2\/media?parent=7441"}],"curies":[{"name":"wp","href":"https:\/\/api.w.org\/{rel}","templated":true}]}}