{"id":8926,"date":"2025-05-27T09:14:10","date_gmt":"2025-05-27T09:14:10","guid":{"rendered":"https:\/\/radros.org\/bureau-du-travail-de-developpement\/"},"modified":"2025-06-16T11:55:43","modified_gmt":"2025-06-16T11:55:43","slug":"bureau-du-travail-de-developpement","status":"publish","type":"page","link":"https:\/\/radros.org\/fr\/bureau-du-travail-de-developpement\/","title":{"rendered":"Bureau du travail de d\u00e9veloppement"},"content":{"rendered":"\t\t<div data-elementor-type=\"wp-page\" data-elementor-id=\"8926\" class=\"elementor elementor-8926 elementor-8458\" data-elementor-settings=\"{&quot;ha_cmc_init_switcher&quot;:&quot;no&quot;}\" data-elementor-post-type=\"page\">\n\t\t\t\t<div class=\"elementor-element elementor-element-7c76145 e-con-full e-flex e-con e-parent\" data-id=\"7c76145\" data-element_type=\"container\" data-settings=\"{&quot;_ha_eqh_enable&quot;:false}\">\n\t\t<div class=\"elementor-element elementor-element-53e4e50 e-con-full e-flex e-con e-child\" data-id=\"53e4e50\" data-element_type=\"container\" data-settings=\"{&quot;background_background&quot;:&quot;slideshow&quot;,&quot;background_slideshow_gallery&quot;:[{&quot;id&quot;:6525,&quot;url&quot;:&quot;https:\\\/\\\/radros.org\\\/wp-content\\\/uploads\\\/2024\\\/11\\\/WhatsApp-Image-2024-11-16-a-21.14.51_0ad3a163.jpg&quot;}],&quot;background_slideshow_loop&quot;:&quot;yes&quot;,&quot;background_slideshow_slide_duration&quot;:5000,&quot;background_slideshow_slide_transition&quot;:&quot;fade&quot;,&quot;background_slideshow_transition_duration&quot;:500,&quot;_ha_eqh_enable&quot;:false}\">\n\t\t\t\t<div class=\"elementor-element elementor-element-0df5ee0 elementor-widget elementor-widget-spacer\" data-id=\"0df5ee0\" data-element_type=\"widget\" data-widget_type=\"spacer.default\">\n\t\t\t\t<div class=\"elementor-widget-container\">\n\t\t\t\t\t\t\t<div class=\"elementor-spacer\">\n\t\t\t<div class=\"elementor-spacer-inner\"><\/div>\n\t\t<\/div>\n\t\t\t\t\t\t<\/div>\n\t\t\t\t<\/div>\n\t\t\t\t<div class=\"elementor-element elementor-element-737f2e0 elementor-widget elementor-widget-spacer\" data-id=\"737f2e0\" data-element_type=\"widget\" data-widget_type=\"spacer.default\">\n\t\t\t\t<div class=\"elementor-widget-container\">\n\t\t\t\t\t\t\t<div class=\"elementor-spacer\">\n\t\t\t<div class=\"elementor-spacer-inner\"><\/div>\n\t\t<\/div>\n\t\t\t\t\t\t<\/div>\n\t\t\t\t<\/div>\n\t\t\t\t<div class=\"elementor-element elementor-element-0e7c971 elementor-widget elementor-widget-spacer\" data-id=\"0e7c971\" data-element_type=\"widget\" data-widget_type=\"spacer.default\">\n\t\t\t\t<div class=\"elementor-widget-container\">\n\t\t\t\t\t\t\t<div class=\"elementor-spacer\">\n\t\t\t<div class=\"elementor-spacer-inner\"><\/div>\n\t\t<\/div>\n\t\t\t\t\t\t<\/div>\n\t\t\t\t<\/div>\n\t\t\t\t<div class=\"elementor-element elementor-element-4624337 elementor-widget elementor-widget-spacer\" data-id=\"4624337\" data-element_type=\"widget\" data-widget_type=\"spacer.default\">\n\t\t\t\t<div class=\"elementor-widget-container\">\n\t\t\t\t\t\t\t<div class=\"elementor-spacer\">\n\t\t\t<div class=\"elementor-spacer-inner\"><\/div>\n\t\t<\/div>\n\t\t\t\t\t\t<\/div>\n\t\t\t\t<\/div>\n\t\t\t\t<div class=\"elementor-element elementor-element-255e783 elementor-widget elementor-widget-heading\" data-id=\"255e783\" data-element_type=\"widget\" data-widget_type=\"heading.default\">\n\t\t\t\t<div class=\"elementor-widget-container\">\n\t\t\t\t\t<h1 class=\"elementor-heading-title elementor-size-default\">Le r\u00e9seau des associations de d\u00e9veloppement \u201dRameau d\u2019olive\u201d \u00e0 Sfax\n<\/h1>\t\t\t\t<\/div>\n\t\t\t\t<\/div>\n\t\t\t\t<div class=\"elementor-element elementor-element-c162c84 elementor-widget elementor-widget-heading\" data-id=\"c162c84\" data-element_type=\"widget\" data-widget_type=\"heading.default\">\n\t\t\t\t<div class=\"elementor-widget-container\">\n\t\t\t\t\t<h2 class=\"elementor-heading-title elementor-size-default\">Nous construisons la Tunisie de nos propres mains,\nNous investissons votre confiance dans le bien\n\n<\/h2>\t\t\t\t<\/div>\n\t\t\t\t<\/div>\n\t\t\t\t<\/div>\n\t\t\t\t<\/div>\n\t\t<div class=\"elementor-element elementor-element-750057c e-con-full e-flex e-con e-parent\" data-id=\"750057c\" data-element_type=\"container\" data-settings=\"{&quot;_ha_eqh_enable&quot;:false}\">\n\t\t<div class=\"elementor-element elementor-element-d63508f e-con-full e-flex e-con e-child\" data-id=\"d63508f\" data-element_type=\"container\" data-settings=\"{&quot;_ha_eqh_enable&quot;:false}\">\n\t\t\t\t<div class=\"elementor-element elementor-element-d4bf058 elementor-widget elementor-widget-spacer\" data-id=\"d4bf058\" data-element_type=\"widget\" data-widget_type=\"spacer.default\">\n\t\t\t\t<div class=\"elementor-widget-container\">\n\t\t\t\t\t\t\t<div class=\"elementor-spacer\">\n\t\t\t<div class=\"elementor-spacer-inner\"><\/div>\n\t\t<\/div>\n\t\t\t\t\t\t<\/div>\n\t\t\t\t<\/div>\n\t\t\t\t<\/div>\n\t\t\t\t<\/div>\n\t\t<div class=\"elementor-element elementor-element-bbaa226 e-flex e-con-boxed e-con e-parent\" data-id=\"bbaa226\" data-element_type=\"container\" data-settings=\"{&quot;_ha_eqh_enable&quot;:false}\">\n\t\t\t\t\t<div class=\"e-con-inner\">\n\t\t<div class=\"elementor-element elementor-element-0e3673c e-con-full e-flex e-con e-child\" data-id=\"0e3673c\" data-element_type=\"container\" data-settings=\"{&quot;_ha_eqh_enable&quot;:false}\">\n\t\t<div class=\"elementor-element elementor-element-e9f60af e-flex e-con-boxed e-con e-child\" data-id=\"e9f60af\" data-element_type=\"container\" data-settings=\"{&quot;_ha_eqh_enable&quot;:false}\">\n\t\t\t\t\t<div class=\"e-con-inner\">\n\t\t<div class=\"elementor-element elementor-element-5385d77 e-flex e-con-boxed e-con e-child\" data-id=\"5385d77\" data-element_type=\"container\" data-settings=\"{&quot;_ha_eqh_enable&quot;:false}\">\n\t\t\t\t\t<div class=\"e-con-inner\">\n\t\t<div class=\"elementor-element elementor-element-e5624cb e-con-full e-flex e-con e-child\" data-id=\"e5624cb\" data-element_type=\"container\" data-settings=\"{&quot;_ha_eqh_enable&quot;:false}\">\n\t\t\t\t<div class=\"elementor-element elementor-element-68019f7 elementor-widget-divider--view-line elementor-widget elementor-widget-divider\" data-id=\"68019f7\" data-element_type=\"widget\" data-widget_type=\"divider.default\">\n\t\t\t\t<div class=\"elementor-widget-container\">\n\t\t\t\t\t\t\t<div class=\"elementor-divider\">\n\t\t\t<span class=\"elementor-divider-separator\">\n\t\t\t\t\t\t<\/span>\n\t\t<\/div>\n\t\t\t\t\t\t<\/div>\n\t\t\t\t<\/div>\n\t\t\t\t<\/div>\n\t\t<div class=\"elementor-element elementor-element-f7b4692 e-con-full e-flex e-con e-child\" data-id=\"f7b4692\" data-element_type=\"container\" data-settings=\"{&quot;_ha_eqh_enable&quot;:false}\">\n\t\t\t\t<div class=\"elementor-element elementor-element-4db0e50 elementor-widget__width-initial elementor-widget elementor-widget-heading\" data-id=\"4db0e50\" data-element_type=\"widget\" data-widget_type=\"heading.default\">\n\t\t\t\t<div class=\"elementor-widget-container\">\n\t\t\t\t\t<h2 class=\"elementor-heading-title elementor-size-small\">Bureau du travail de d\u00e9veloppement<\/h2>\t\t\t\t<\/div>\n\t\t\t\t<\/div>\n\t\t\t\t<div class=\"elementor-element elementor-element-8aa5b79 elementor-widget elementor-widget-spacer\" data-id=\"8aa5b79\" data-element_type=\"widget\" data-widget_type=\"spacer.default\">\n\t\t\t\t<div class=\"elementor-widget-container\">\n\t\t\t\t\t\t\t<div class=\"elementor-spacer\">\n\t\t\t<div class=\"elementor-spacer-inner\"><\/div>\n\t\t<\/div>\n\t\t\t\t\t\t<\/div>\n\t\t\t\t<\/div>\n\t\t\t\t<\/div>\n\t\t<div class=\"elementor-element elementor-element-41e2a73 e-con-full e-flex e-con e-child\" data-id=\"41e2a73\" data-element_type=\"container\" data-settings=\"{&quot;_ha_eqh_enable&quot;:false}\">\n\t\t\t\t<div class=\"elementor-element elementor-element-5e4df20 elementor-widget-divider--view-line elementor-widget elementor-widget-divider\" data-id=\"5e4df20\" data-element_type=\"widget\" data-widget_type=\"divider.default\">\n\t\t\t\t<div class=\"elementor-widget-container\">\n\t\t\t\t\t\t\t<div class=\"elementor-divider\">\n\t\t\t<span class=\"elementor-divider-separator\">\n\t\t\t\t\t\t<\/span>\n\t\t<\/div>\n\t\t\t\t\t\t<\/div>\n\t\t\t\t<\/div>\n\t\t\t\t<\/div>\n\t\t\t\t\t<\/div>\n\t\t\t\t<\/div>\n\t\t\t\t\t<\/div>\n\t\t\t\t<\/div>\n\t\t\t\t<\/div>\n\t\t\t\t\t<\/div>\n\t\t\t\t<\/div>\n\t\t<div class=\"elementor-element elementor-element-db21732 e-con-full e-flex e-con e-parent\" data-id=\"db21732\" data-element_type=\"container\" data-settings=\"{&quot;_ha_eqh_enable&quot;:false}\">\n\t\t<div class=\"elementor-element elementor-element-8d08b62 e-flex e-con-boxed e-con e-child\" data-id=\"8d08b62\" data-element_type=\"container\" data-settings=\"{&quot;_ha_eqh_enable&quot;:false}\">\n\t\t\t\t\t<div class=\"e-con-inner\">\n\t\t\t\t<div class=\"elementor-element elementor-element-57088b6 elementor-widget elementor-widget-heading\" data-id=\"57088b6\" data-element_type=\"widget\" data-widget_type=\"heading.default\">\n\t\t\t\t<div class=\"elementor-widget-container\">\n\t\t\t\t\t<h1 class=\"elementor-heading-title elementor-size-default\">Pr\u00e9sentation :<\/h1>\t\t\t\t<\/div>\n\t\t\t\t<\/div>\n\t\t\t\t<div class=\"elementor-element elementor-element-a4faec5 elementor-widget elementor-widget-heading\" data-id=\"a4faec5\" data-element_type=\"widget\" data-widget_type=\"heading.default\">\n\t\t\t\t<div class=\"elementor-widget-container\">\n\t\t\t\t\t<h2 class=\"elementor-heading-title elementor-size-default\">Le bureau du travail de d\u00e9veloppement est l\u2019un des d\u00e9partements principaux du Le r\u00e9seau des associations de d\u00e9veloppement \u201dRameau d\u2019olive\u201d \u00e0 Sfax.<br>Il vise \u00e0 promouvoir le d\u00e9veloppement durable et \u00e0 am\u00e9liorer les conditions de vie des individus et des communaut\u00e9s d\u00e9favoris\u00e9es. Le bureau se concentre sur la mise en \u0153uvre de projets de d\u00e9veloppement visant \u00e0 cr\u00e9er des sources de revenus stables pour les personnes et les groupes, tels que des projets d\u2019\u00e9levage, d\u2019artisanat traditionnel et d\u2019\u00e9quipements de p\u00eache maritime, afin de permettre aux familles d\u00e9munies et aux veuves d\u2019atteindre l\u2019autonomie \u00e9conomique.     <br>\nLe bureau travaille en collaboration avec les autorit\u00e9s locales et r\u00e9gionales, et avec le soutien de partenaires internationaux et nationaux, pour garantir la r\u00e9alisation de ses objectifs de construction d\u2019une soci\u00e9t\u00e9 plus solidaire et coh\u00e9sive.  <\/h2>\t\t\t\t<\/div>\n\t\t\t\t<\/div>\n\t\t\t\t<div class=\"elementor-element elementor-element-77639cb elementor-widget elementor-widget-spacer\" data-id=\"77639cb\" data-element_type=\"widget\" data-widget_type=\"spacer.default\">\n\t\t\t\t<div class=\"elementor-widget-container\">\n\t\t\t\t\t\t\t<div class=\"elementor-spacer\">\n\t\t\t<div class=\"elementor-spacer-inner\"><\/div>\n\t\t<\/div>\n\t\t\t\t\t\t<\/div>\n\t\t\t\t<\/div>\n\t\t\t\t<div class=\"elementor-element elementor-element-d582dd7 elementor-widget elementor-widget-heading\" data-id=\"d582dd7\" data-element_type=\"widget\" data-widget_type=\"heading.default\">\n\t\t\t\t<div class=\"elementor-widget-container\">\n\t\t\t\t\t<h1 class=\"elementor-heading-title elementor-size-default\">Nos projets de d\u00e9veloppement<\/h1>\t\t\t\t<\/div>\n\t\t\t\t<\/div>\n\t\t\t\t\t<\/div>\n\t\t\t\t<\/div>\n\t\t\t\t<\/div>\n\t\t<div class=\"elementor-element elementor-element-668c17e e-flex e-con-boxed e-con e-parent\" data-id=\"668c17e\" data-element_type=\"container\" data-settings=\"{&quot;_ha_eqh_enable&quot;:false}\">\n\t\t\t\t\t<div class=\"e-con-inner\">\n\t\t<div class=\"elementor-element elementor-element-7a4fb8f e-flex e-con-boxed e-con e-child\" data-id=\"7a4fb8f\" data-element_type=\"container\" data-settings=\"{&quot;_ha_eqh_enable&quot;:false}\">\n\t\t\t\t\t<div class=\"e-con-inner\">\n\t\t\t\t<div class=\"elementor-element elementor-element-5782c27 elementor-grid-3 elementor-grid-tablet-2 elementor-grid-mobile-1 elementor-posts--thumbnail-top elementor-widget elementor-widget-posts\" data-id=\"5782c27\" data-element_type=\"widget\" data-settings=\"{&quot;pagination_type&quot;:&quot;numbers&quot;,&quot;classic_columns&quot;:&quot;3&quot;,&quot;classic_columns_tablet&quot;:&quot;2&quot;,&quot;classic_columns_mobile&quot;:&quot;1&quot;,&quot;classic_row_gap&quot;:{&quot;unit&quot;:&quot;px&quot;,&quot;size&quot;:35,&quot;sizes&quot;:[]},&quot;classic_row_gap_tablet&quot;:{&quot;unit&quot;:&quot;px&quot;,&quot;size&quot;:&quot;&quot;,&quot;sizes&quot;:[]},&quot;classic_row_gap_mobile&quot;:{&quot;unit&quot;:&quot;px&quot;,&quot;size&quot;:&quot;&quot;,&quot;sizes&quot;:[]}}\" data-widget_type=\"posts.classic\">\n\t\t\t\t<div class=\"elementor-widget-container\">\n\t\t\t\t\t\t\t<div class=\"elementor-posts-container elementor-posts elementor-posts--skin-classic elementor-grid\">\n\t\t\t\t<article class=\"elementor-post elementor-grid-item post-8345 post type-post status-publish format-standard has-post-thumbnail hentry category-actualites-du-reseau category-bureau-du-travail-de-developpement\">\n\t\t\t\t<a class=\"elementor-post__thumbnail__link\" href=\"https:\/\/radros.org\/fr\/2025\/05\/19\/lancement-de-09-projets-delevage-de-chevres-pour-des-familles-demunies-dans-la-region-de-sfax\/\" tabindex=\"-1\" target=&quot;_blank&quot;>\n\t\t\t<div class=\"elementor-post__thumbnail\"><img fetchpriority=\"high\" decoding=\"async\" width=\"225\" height=\"300\" src=\"https:\/\/radros.org\/wp-content\/uploads\/2025\/05\/WhatsApp-Image-2025-05-18-a-13.05.44_8c1c36ba-225x300.jpg\" class=\"attachment-medium size-medium wp-image-7491\" alt=\"\" srcset=\"https:\/\/radros.org\/wp-content\/uploads\/2025\/05\/WhatsApp-Image-2025-05-18-a-13.05.44_8c1c36ba-225x300.jpg 225w, https:\/\/radros.org\/wp-content\/uploads\/2025\/05\/WhatsApp-Image-2025-05-18-a-13.05.44_8c1c36ba-768x1024.jpg 768w, https:\/\/radros.org\/wp-content\/uploads\/2025\/05\/WhatsApp-Image-2025-05-18-a-13.05.44_8c1c36ba.jpg 960w\" sizes=\"(max-width: 225px) 100vw, 225px\" \/><\/div>\n\t\t<\/a>\n\t\t\t\t<div class=\"elementor-post__text\">\n\t\t\t\t<h2 class=\"elementor-post__title\">\n\t\t\t<a href=\"https:\/\/radros.org\/fr\/2025\/05\/19\/lancement-de-09-projets-delevage-de-chevres-pour-des-familles-demunies-dans-la-region-de-sfax\/\" target=&quot;_blank&quot;>\n\t\t\t\tLancement de 09 projets d\u2019\u00e9levage de ch\u00e8vres pour des familles d\u00e9munies dans la r\u00e9gion de SFAX:\t\t\t<\/a>\n\t\t<\/h2>\n\t\t\n\t\t<a class=\"elementor-post__read-more\" href=\"https:\/\/radros.org\/fr\/2025\/05\/19\/lancement-de-09-projets-delevage-de-chevres-pour-des-familles-demunies-dans-la-region-de-sfax\/\" aria-label=\"Read more about Lancement de 09 projets d\u2019\u00e9levage de ch\u00e8vres pour des familles d\u00e9munies dans la r\u00e9gion de SFAX:\" tabindex=\"-1\" target=\"_blank\">\n\t\t\tLire la suite &gt;&gt;\t\t<\/a>\n\n\t\t\t\t<\/div>\n\t\t\t\t<\/article>\n\t\t\t\t<article class=\"elementor-post elementor-grid-item post-8392 post type-post status-publish format-standard has-post-thumbnail hentry category-actualites-du-reseau category-bureau-du-travail-de-developpement\">\n\t\t\t\t<a class=\"elementor-post__thumbnail__link\" href=\"https:\/\/radros.org\/fr\/2024\/11\/27\/remise-par-le-reseau-de-sept-nouvelles-sources-de-revenus-au-profit-des-petits-pecheurs-de-la-region-de-sfax\/\" tabindex=\"-1\" target=&quot;_blank&quot;>\n\t\t\t<div class=\"elementor-post__thumbnail\"><img decoding=\"async\" width=\"300\" height=\"200\" src=\"https:\/\/radros.org\/wp-content\/uploads\/2024\/11\/DJI_0536-1-300x200.jpg\" class=\"attachment-medium size-medium wp-image-6646\" alt=\"\" srcset=\"https:\/\/radros.org\/wp-content\/uploads\/2024\/11\/DJI_0536-1-300x200.jpg 300w, https:\/\/radros.org\/wp-content\/uploads\/2024\/11\/DJI_0536-1-1024x683.jpg 1024w, https:\/\/radros.org\/wp-content\/uploads\/2024\/11\/DJI_0536-1-768x512.jpg 768w, https:\/\/radros.org\/wp-content\/uploads\/2024\/11\/DJI_0536-1-1536x1024.jpg 1536w, https:\/\/radros.org\/wp-content\/uploads\/2024\/11\/DJI_0536-1-2048x1365.jpg 2048w\" sizes=\"(max-width: 300px) 100vw, 300px\" \/><\/div>\n\t\t<\/a>\n\t\t\t\t<div class=\"elementor-post__text\">\n\t\t\t\t<h2 class=\"elementor-post__title\">\n\t\t\t<a href=\"https:\/\/radros.org\/fr\/2024\/11\/27\/remise-par-le-reseau-de-sept-nouvelles-sources-de-revenus-au-profit-des-petits-pecheurs-de-la-region-de-sfax\/\" target=&quot;_blank&quot;>\n\t\t\t\tRemise par R.A.D.R.O.S de sept nouveaux moyens de subsistance au profit des &#8220;petits p\u00eacheurs&#8221; dans la r\u00e9gion de Sfax.\t\t\t<\/a>\n\t\t<\/h2>\n\t\t\n\t\t<a class=\"elementor-post__read-more\" href=\"https:\/\/radros.org\/fr\/2024\/11\/27\/remise-par-le-reseau-de-sept-nouvelles-sources-de-revenus-au-profit-des-petits-pecheurs-de-la-region-de-sfax\/\" aria-label=\"Read more about Remise par R.A.D.R.O.S de sept nouveaux moyens de subsistance au profit des &#8220;petits p\u00eacheurs&#8221; dans la r\u00e9gion de Sfax.\" tabindex=\"-1\" target=\"_blank\">\n\t\t\tLire la suite &gt;&gt;\t\t<\/a>\n\n\t\t\t\t<\/div>\n\t\t\t\t<\/article>\n\t\t\t\t<article class=\"elementor-post elementor-grid-item post-8396 post type-post status-publish format-standard has-post-thumbnail hentry category-actualites-du-reseau category-bureau-du-travail-de-developpement\">\n\t\t\t\t<a class=\"elementor-post__thumbnail__link\" href=\"https:\/\/radros.org\/fr\/2024\/11\/19\/creation-de-nouvelles-sources-de-revenus-stables-au-profit-du-groupement-de-developpement-agricole-pour-les-femmes-rurales-de-la-region-de-kasserine\/\" tabindex=\"-1\" target=&quot;_blank&quot;>\n\t\t\t<div class=\"elementor-post__thumbnail\"><img decoding=\"async\" width=\"300\" height=\"225\" src=\"https:\/\/radros.org\/wp-content\/uploads\/2024\/11\/WhatsApp-Image-2024-11-16-a-21.14.53_c2ffaf2c-300x225.jpg\" class=\"attachment-medium size-medium wp-image-6515\" alt=\"\" srcset=\"https:\/\/radros.org\/wp-content\/uploads\/2024\/11\/WhatsApp-Image-2024-11-16-a-21.14.53_c2ffaf2c-300x225.jpg 300w, https:\/\/radros.org\/wp-content\/uploads\/2024\/11\/WhatsApp-Image-2024-11-16-a-21.14.53_c2ffaf2c-1024x768.jpg 1024w, https:\/\/radros.org\/wp-content\/uploads\/2024\/11\/WhatsApp-Image-2024-11-16-a-21.14.53_c2ffaf2c-768x576.jpg 768w, https:\/\/radros.org\/wp-content\/uploads\/2024\/11\/WhatsApp-Image-2024-11-16-a-21.14.53_c2ffaf2c.jpg 1280w\" sizes=\"(max-width: 300px) 100vw, 300px\" \/><\/div>\n\t\t<\/a>\n\t\t\t\t<div class=\"elementor-post__text\">\n\t\t\t\t<h2 class=\"elementor-post__title\">\n\t\t\t<a href=\"https:\/\/radros.org\/fr\/2024\/11\/19\/creation-de-nouvelles-sources-de-revenus-stables-au-profit-du-groupement-de-developpement-agricole-pour-les-femmes-rurales-de-la-region-de-kasserine\/\" target=&quot;_blank&quot;>\n\t\t\t\tCr\u00e9ation de nouvelles sources de revenus stables au profit du groupement de d\u00e9veloppement agricole pour les femmes rurales de la r\u00e9gion de KASSERINE:\t\t\t<\/a>\n\t\t<\/h2>\n\t\t\n\t\t<a class=\"elementor-post__read-more\" href=\"https:\/\/radros.org\/fr\/2024\/11\/19\/creation-de-nouvelles-sources-de-revenus-stables-au-profit-du-groupement-de-developpement-agricole-pour-les-femmes-rurales-de-la-region-de-kasserine\/\" aria-label=\"Read more about Cr\u00e9ation de nouvelles sources de revenus stables au profit du groupement de d\u00e9veloppement agricole pour les femmes rurales de la r\u00e9gion de KASSERINE:\" tabindex=\"-1\" target=\"_blank\">\n\t\t\tLire la suite &gt;&gt;\t\t<\/a>\n\n\t\t\t\t<\/div>\n\t\t\t\t<\/article>\n\t\t\t\t<\/div>\n\t\t\n\t\t\t\t<div class=\"e-load-more-anchor\" data-page=\"1\" data-max-page=\"3\" data-next-page=\"https:\/\/radros.org\/fr\/wp-json\/wp\/v2\/pages\/8926\/page\/2\/\"><\/div>\n\t\t\t\t<nav class=\"elementor-pagination\" aria-label=\"Pagination\">\n\t\t\t<span aria-current=\"page\" class=\"page-numbers current\"><span class=\"elementor-screen-only\">Page<\/span>1<\/span>\n<a class=\"page-numbers\" href=\"https:\/\/radros.org\/fr\/wp-json\/wp\/v2\/pages\/8926\/page\/2\/\"><span class=\"elementor-screen-only\">Page<\/span>2<\/a>\n<a class=\"page-numbers\" href=\"https:\/\/radros.org\/fr\/wp-json\/wp\/v2\/pages\/8926\/page\/3\/\"><span class=\"elementor-screen-only\">Page<\/span>3<\/a>\t\t<\/nav>\n\t\t\t\t\t\t<\/div>\n\t\t\t\t<\/div>\n\t\t\t\t<div class=\"elementor-element elementor-element-5a8c30d elementor-widget elementor-widget-spacer\" data-id=\"5a8c30d\" data-element_type=\"widget\" data-widget_type=\"spacer.default\">\n\t\t\t\t<div class=\"elementor-widget-container\">\n\t\t\t\t\t\t\t<div class=\"elementor-spacer\">\n\t\t\t<div class=\"elementor-spacer-inner\"><\/div>\n\t\t<\/div>\n\t\t\t\t\t\t<\/div>\n\t\t\t\t<\/div>\n\t\t\t\t\t<\/div>\n\t\t\t\t<\/div>\n\t\t\t\t\t<\/div>\n\t\t\t\t<\/div>\n\t\t<div class=\"elementor-element elementor-element-5cb868b e-con-full e-flex e-con e-parent\" data-id=\"5cb868b\" data-element_type=\"container\" data-settings=\"{&quot;background_background&quot;:&quot;slideshow&quot;,&quot;background_slideshow_gallery&quot;:[{&quot;id&quot;:2705,&quot;url&quot;:&quot;https:\\\/\\\/radros.org\\\/wp-content\\\/uploads\\\/2024\\\/01\\\/IMG_0863-1.gif&quot;}],&quot;background_slideshow_loop&quot;:&quot;yes&quot;,&quot;background_slideshow_slide_duration&quot;:5000,&quot;background_slideshow_slide_transition&quot;:&quot;fade&quot;,&quot;background_slideshow_transition_duration&quot;:500,&quot;_ha_eqh_enable&quot;:false}\">\n\t\t<div class=\"elementor-element elementor-element-f41d926 e-con-full e-flex e-con e-child\" data-id=\"f41d926\" data-element_type=\"container\" data-settings=\"{&quot;background_background&quot;:&quot;slideshow&quot;,&quot;background_slideshow_gallery&quot;:[],&quot;background_slideshow_loop&quot;:&quot;yes&quot;,&quot;background_slideshow_slide_duration&quot;:5000,&quot;background_slideshow_slide_transition&quot;:&quot;fade&quot;,&quot;background_slideshow_transition_duration&quot;:500,&quot;_ha_eqh_enable&quot;:false}\">\n\t\t<div class=\"elementor-element elementor-element-1dcd6c4 e-con-full e-flex e-con e-child\" data-id=\"1dcd6c4\" data-element_type=\"container\" data-settings=\"{&quot;background_background&quot;:&quot;slideshow&quot;,&quot;background_slideshow_gallery&quot;:[],&quot;background_slideshow_loop&quot;:&quot;yes&quot;,&quot;background_slideshow_slide_duration&quot;:5000,&quot;background_slideshow_slide_transition&quot;:&quot;fade&quot;,&quot;background_slideshow_transition_duration&quot;:500,&quot;_ha_eqh_enable&quot;:false}\">\n\t\t\t\t<div class=\"elementor-element elementor-element-805fa78 elementor-widget elementor-widget-heading\" data-id=\"805fa78\" data-element_type=\"widget\" data-widget_type=\"heading.default\">\n\t\t\t\t<div class=\"elementor-widget-container\">\n\t\t\t\t\t<h1 class=\"elementor-heading-title elementor-size-default\">\u062a\u0648\u0646\u0633 \u0646\u0628\u0646\u06cc\u0648\u06be\u0627 \u0628\u06cc\u062f\u06cc\u0646\u0627<br> \n<span style=\"color: rgb(241, 236, 236); letter-spacing: 0.1px;\">\u0646\u0633\u062a\u062b\u0645\u0631 \u062b\u0642\u062a\u0643\u0645 \u0641\u064a \u0641\u0639\u0644 \u0627\u0644\u062e\u064a\u0631<\/span><\/h1>\t\t\t\t<\/div>\n\t\t\t\t<\/div>\n\t\t\t\t<div class=\"elementor-element elementor-element-5c8b186 elementor-widget elementor-widget-heading\" data-id=\"5c8b186\" data-element_type=\"widget\" data-widget_type=\"heading.default\">\n\t\t\t\t<div class=\"elementor-widget-container\">\n\t\t\t\t\t<h2 class=\"elementor-heading-title elementor-size-default\">\u063a\u064a\u0631 \u062d\u064a\u0627\u062a\u0643 \u0627\u0644\u064a\u0648\u0645<\/h2>\t\t\t\t<\/div>\n\t\t\t\t<\/div>\n\t\t\t\t<div class=\"elementor-element elementor-element-e66ce8b ha-dual-button--align-center elementor-widget__width-initial ha-dual-button--layout-queue ha-dual-button--tablet-layout-queue ha-dual-button--mobile-layout-queue elementor-widget elementor-widget-ha-dual-button happy-addon ha-dual-button\" data-id=\"e66ce8b\" data-element_type=\"widget\" data-widget_type=\"ha-dual-button.default\">\n\t\t\t\t<div class=\"elementor-widget-container\">\n\t\t\t\t\t        <div class=\"ha-dual-btn-wrapper\">\n            <a class=\"ha-dual-btn ha-dual-btn--left\" href=\"https:\/\/radros.org\/%d8%aa%d9%88%d8%a7%d8%b5%d9%84-%d9%85%d8%b9%d9%86%d8%a7\/%d8%aa%d8%a8%d8%b1%d8%b9\/\">\n                                                    <span >Faites un don maintenant <\/span>\n                                            <\/a>\n                    <\/div>\n        <div class=\"ha-dual-btn-wrapper\">\n            <a class=\"ha-dual-btn ha-dual-btn--right\" href=\"#elementor-action%3Aaction%3Dpopup%3Aopen%26settings%3DeyJpZCI6IjM1NDQiLCJ0b2dnbGUiOnRydWV9\">\n                                                    <span > Contactez-nous<\/span>\n                                            <\/a>\n        <\/div>\n        \t\t\t\t<\/div>\n\t\t\t\t<\/div>\n\t\t\t\t<\/div>\n\t\t\t\t<\/div>\n\t\t\t\t<\/div>\n\t\t<div class=\"elementor-element elementor-element-730cc6f e-flex e-con-boxed e-con e-parent\" data-id=\"730cc6f\" data-element_type=\"container\" data-settings=\"{&quot;_ha_eqh_enable&quot;:false}\">\n\t\t\t\t\t<div class=\"e-con-inner\">\n\t\t\t\t\t<\/div>\n\t\t\t\t<\/div>\n\t\t\t\t<\/div>\n\t\t","protected":false},"excerpt":{"rendered":"<p>Le r\u00e9seau des associations de d\u00e9veloppement \u201dRameau d\u2019olive\u201d \u00e0 Sfax Nous construisons la Tunisie de nos propres mains, Nous investissons votre confiance dans le bien<\/p>\n","protected":false},"author":1,"featured_media":0,"parent":0,"menu_order":0,"comment_status":"closed","ping_status":"closed","template":"elementor_header_footer","meta":{"_acf_changed":false,"give_campaign_id":0,"footnotes":""},"class_list":["post-8926","page","type-page","status-publish","hentry"],"acf":[],"campaignId":"","_links":{"self":[{"href":"https:\/\/radros.org\/fr\/wp-json\/wp\/v2\/pages\/8926","targetHints":{"allow":["GET"]}}],"collection":[{"href":"https:\/\/radros.org\/fr\/wp-json\/wp\/v2\/pages"}],"about":[{"href":"https:\/\/radros.org\/fr\/wp-json\/wp\/v2\/types\/page"}],"author":[{"embeddable":true,"href":"https:\/\/radros.org\/fr\/wp-json\/wp\/v2\/users\/1"}],"replies":[{"embeddable":true,"href":"https:\/\/radros.org\/fr\/wp-json\/wp\/v2\/comments?post=8926"}],"version-history":[{"count":20,"href":"https:\/\/radros.org\/fr\/wp-json\/wp\/v2\/pages\/8926\/revisions"}],"predecessor-version":[{"id":10553,"href":"https:\/\/radros.org\/fr\/wp-json\/wp\/v2\/pages\/8926\/revisions\/10553"}],"wp:attachment":[{"href":"https:\/\/radros.org\/fr\/wp-json\/wp\/v2\/media?parent=8926"}],"curies":[{"name":"wp","href":"https:\/\/api.w.org\/{rel}","templated":true}]}}