{"id":8950,"date":"2025-05-27T10:18:59","date_gmt":"2025-05-27T10:18:59","guid":{"rendered":"https:\/\/radros.org\/departement-des-campagnes-saisonnieres\/"},"modified":"2025-06-16T14:35:41","modified_gmt":"2025-06-16T14:35:41","slug":"departement-des-campagnes-saisonnieres","status":"publish","type":"page","link":"https:\/\/radros.org\/fr\/departement-des-campagnes-saisonnieres\/","title":{"rendered":"D\u00e9partement des campagnes saisonni\u00e8res"},"content":{"rendered":"\t\t<div data-elementor-type=\"wp-page\" data-elementor-id=\"8950\" class=\"elementor elementor-8950 elementor-8479\" data-elementor-settings=\"{&quot;ha_cmc_init_switcher&quot;:&quot;no&quot;}\" data-elementor-post-type=\"page\">\n\t\t\t\t<div class=\"elementor-element elementor-element-355a3c9 e-con-full e-flex e-con e-parent\" data-id=\"355a3c9\" data-element_type=\"container\" data-settings=\"{&quot;background_background&quot;:&quot;slideshow&quot;,&quot;background_slideshow_gallery&quot;:[{&quot;id&quot;:2739,&quot;url&quot;:&quot;https:\\\/\\\/radros.org\\\/wp-content\\\/uploads\\\/2024\\\/01\\\/IMG_0862-5.gif&quot;}],&quot;background_slideshow_loop&quot;:&quot;yes&quot;,&quot;background_slideshow_slide_duration&quot;:5000,&quot;background_slideshow_slide_transition&quot;:&quot;fade&quot;,&quot;background_slideshow_transition_duration&quot;:500,&quot;_ha_eqh_enable&quot;:false}\">\n\t\t\t\t<div class=\"elementor-element elementor-element-6cd9282 elementor-widget elementor-widget-spacer\" data-id=\"6cd9282\" data-element_type=\"widget\" data-widget_type=\"spacer.default\">\n\t\t\t\t<div class=\"elementor-widget-container\">\n\t\t\t\t\t\t\t<div class=\"elementor-spacer\">\n\t\t\t<div class=\"elementor-spacer-inner\"><\/div>\n\t\t<\/div>\n\t\t\t\t\t\t<\/div>\n\t\t\t\t<\/div>\n\t\t\t\t<div class=\"elementor-element elementor-element-f68c038 elementor-widget elementor-widget-heading\" data-id=\"f68c038\" data-element_type=\"widget\" data-widget_type=\"heading.default\">\n\t\t\t\t<div class=\"elementor-widget-container\">\n\t\t\t\t\t<h1 class=\"elementor-heading-title elementor-size-default\">Le r\u00e9seau des associations de d\u00e9veloppement ''rameau d'olive''<\/h1>\t\t\t\t<\/div>\n\t\t\t\t<\/div>\n\t\t\t\t<div class=\"elementor-element elementor-element-1e7333d elementor-widget elementor-widget-heading\" data-id=\"1e7333d\" data-element_type=\"widget\" data-widget_type=\"heading.default\">\n\t\t\t\t<div class=\"elementor-widget-container\">\n\t\t\t\t\t<h1 class=\"elementor-heading-title elementor-size-default\">Nous construisons la Tunisie de nos propres mains<br>\nNous investissons votre confiance dans le bien<\/h1>\t\t\t\t<\/div>\n\t\t\t\t<\/div>\n\t\t\t\t<\/div>\n\t\t<div class=\"elementor-element elementor-element-cf898b1 e-con-full e-flex e-con e-parent\" data-id=\"cf898b1\" data-element_type=\"container\" data-settings=\"{&quot;_ha_eqh_enable&quot;:false}\">\n\t\t<div class=\"elementor-element elementor-element-869c721 e-con-full e-flex e-con e-child\" data-id=\"869c721\" data-element_type=\"container\" data-settings=\"{&quot;_ha_eqh_enable&quot;:false}\">\n\t\t<div class=\"elementor-element elementor-element-28b04cd e-con-full e-flex e-con e-child\" data-id=\"28b04cd\" data-element_type=\"container\" data-settings=\"{&quot;_ha_eqh_enable&quot;:false}\">\n\t\t\t\t<div class=\"elementor-element elementor-element-d19c32b elementor-widget elementor-widget-spacer\" data-id=\"d19c32b\" data-element_type=\"widget\" data-widget_type=\"spacer.default\">\n\t\t\t\t<div class=\"elementor-widget-container\">\n\t\t\t\t\t\t\t<div class=\"elementor-spacer\">\n\t\t\t<div class=\"elementor-spacer-inner\"><\/div>\n\t\t<\/div>\n\t\t\t\t\t\t<\/div>\n\t\t\t\t<\/div>\n\t\t\t\t<\/div>\n\t\t\t\t<\/div>\n\t\t\t\t<\/div>\n\t\t<div class=\"elementor-element elementor-element-1f39885 e-flex e-con-boxed e-con e-parent\" data-id=\"1f39885\" data-element_type=\"container\" data-settings=\"{&quot;_ha_eqh_enable&quot;:false}\">\n\t\t\t\t\t<div class=\"e-con-inner\">\n\t\t<div class=\"elementor-element elementor-element-d7721da e-flex e-con-boxed e-con e-child\" data-id=\"d7721da\" data-element_type=\"container\" data-settings=\"{&quot;_ha_eqh_enable&quot;:false}\">\n\t\t\t\t\t<div class=\"e-con-inner\">\n\t\t<div class=\"elementor-element elementor-element-4d6d710 e-flex e-con-boxed e-con e-child\" data-id=\"4d6d710\" data-element_type=\"container\" data-settings=\"{&quot;_ha_eqh_enable&quot;:false}\">\n\t\t\t\t\t<div class=\"e-con-inner\">\n\t\t<div class=\"elementor-element elementor-element-86d320f e-con-full e-flex e-con e-child\" data-id=\"86d320f\" data-element_type=\"container\" data-settings=\"{&quot;_ha_eqh_enable&quot;:false}\">\n\t\t\t\t<div class=\"elementor-element elementor-element-a28b8a4 elementor-widget-divider--view-line elementor-widget elementor-widget-divider\" data-id=\"a28b8a4\" data-element_type=\"widget\" data-widget_type=\"divider.default\">\n\t\t\t\t<div class=\"elementor-widget-container\">\n\t\t\t\t\t\t\t<div class=\"elementor-divider\">\n\t\t\t<span class=\"elementor-divider-separator\">\n\t\t\t\t\t\t<\/span>\n\t\t<\/div>\n\t\t\t\t\t\t<\/div>\n\t\t\t\t<\/div>\n\t\t\t\t<\/div>\n\t\t<div class=\"elementor-element elementor-element-a36c4c6 e-con-full e-flex e-con e-child\" data-id=\"a36c4c6\" data-element_type=\"container\" data-settings=\"{&quot;_ha_eqh_enable&quot;:false}\">\n\t\t\t\t<div class=\"elementor-element elementor-element-26d6d0e elementor-widget__width-initial elementor-widget elementor-widget-heading\" data-id=\"26d6d0e\" data-element_type=\"widget\" data-widget_type=\"heading.default\">\n\t\t\t\t<div class=\"elementor-widget-container\">\n\t\t\t\t\t<h2 class=\"elementor-heading-title elementor-size-small\">D\u00e9partement des campagnes saisonni\u00e8res<\/h2>\t\t\t\t<\/div>\n\t\t\t\t<\/div>\n\t\t\t\t<\/div>\n\t\t<div class=\"elementor-element elementor-element-56edcd6 e-con-full e-flex e-con e-child\" data-id=\"56edcd6\" data-element_type=\"container\" data-settings=\"{&quot;_ha_eqh_enable&quot;:false}\">\n\t\t\t\t<div class=\"elementor-element elementor-element-a4203fb elementor-widget-divider--view-line elementor-widget elementor-widget-divider\" data-id=\"a4203fb\" data-element_type=\"widget\" data-widget_type=\"divider.default\">\n\t\t\t\t<div class=\"elementor-widget-container\">\n\t\t\t\t\t\t\t<div class=\"elementor-divider\">\n\t\t\t<span class=\"elementor-divider-separator\">\n\t\t\t\t\t\t<\/span>\n\t\t<\/div>\n\t\t\t\t\t\t<\/div>\n\t\t\t\t<\/div>\n\t\t\t\t<\/div>\n\t\t\t\t\t<\/div>\n\t\t\t\t<\/div>\n\t\t\t\t<div class=\"elementor-element elementor-element-245a9ed elementor-widget elementor-widget-heading\" data-id=\"245a9ed\" data-element_type=\"widget\" data-widget_type=\"heading.default\">\n\t\t\t\t<div class=\"elementor-widget-container\">\n\t\t\t\t\t<h1 class=\"elementor-heading-title elementor-size-default\">Pr\u00e9sentation :<\/h1>\t\t\t\t<\/div>\n\t\t\t\t<\/div>\n\t\t\t\t\t<\/div>\n\t\t\t\t<\/div>\n\t\t<div class=\"elementor-element elementor-element-3cfdb81 e-flex e-con-boxed e-con e-child\" data-id=\"3cfdb81\" data-element_type=\"container\" data-settings=\"{&quot;_ha_eqh_enable&quot;:false}\">\n\t\t\t\t\t<div class=\"e-con-inner\">\n\t\t\t\t<div class=\"elementor-element elementor-element-214f3bd elementor-widget elementor-widget-heading\" data-id=\"214f3bd\" data-element_type=\"widget\" data-widget_type=\"heading.default\">\n\t\t\t\t<div class=\"elementor-widget-container\">\n\t\t\t\t\t<h2 class=\"elementor-heading-title elementor-size-default\">Le D\u00e9partement des Campagnes Saisonni\u00e8res supervise l\u2019organisation et la mise en \u0153uvre d\u2019un ensemble d\u2019initiatives caritatives visant \u00e0 apporter de la joie aux personnes dans le besoin et \u00e0 r\u00e9pondre \u00e0 leurs besoins lors des diff\u00e9rentes occasions.\nCes campagnes incluent la \u00ab Campagne de la rentr\u00e9e scolaire \u00bb, qui vise \u00e0 fournir les fournitures scolaires aux enfants issus de familles d\u00e9munies, la \u00ab Campagne des sacrifices de l\u2019A\u00efd \u00bb, consacr\u00e9e \u00e0 la distribution de viande aux familles pauvres, ainsi que la \u00ab Campagne de Ramadan \u00bb, qui consiste \u00e0 distribuer des paniers alimentaires et des repas de rupture du je\u00fbne, et enfin la \u00ab Campagne des v\u00eatements de l\u2019A\u00efd \u00bb, destin\u00e9e \u00e0 dessiner un sourire sur les visages des orphelins en leur offrant de nouveaux habits.\nCes campagnes ont pour objectif de renforcer l\u2019esprit de solidarit\u00e9 et de coh\u00e9sion sociale, et d\u2019affirmer le r\u00f4le actif de la soci\u00e9t\u00e9 civile dans le soutien aux groupes vuln\u00e9rables \u00e0 l\u2019occasion des f\u00eates religieuses et \u00e9v\u00e9nements sociaux<\/h2>\t\t\t\t<\/div>\n\t\t\t\t<\/div>\n\t\t\t\t<div class=\"elementor-element elementor-element-6ed3505 elementor-widget elementor-widget-spacer\" data-id=\"6ed3505\" data-element_type=\"widget\" data-widget_type=\"spacer.default\">\n\t\t\t\t<div class=\"elementor-widget-container\">\n\t\t\t\t\t\t\t<div class=\"elementor-spacer\">\n\t\t\t<div class=\"elementor-spacer-inner\"><\/div>\n\t\t<\/div>\n\t\t\t\t\t\t<\/div>\n\t\t\t\t<\/div>\n\t\t\t\t\t<\/div>\n\t\t\t\t<\/div>\n\t\t\t\t\t<\/div>\n\t\t\t\t<\/div>\n\t\t<div class=\"elementor-element elementor-element-67414be e-flex e-con-boxed e-con e-parent\" data-id=\"67414be\" data-element_type=\"container\" data-settings=\"{&quot;_ha_eqh_enable&quot;:false}\">\n\t\t\t\t\t<div class=\"e-con-inner\">\n\t\t\t\t<div class=\"elementor-element elementor-element-bc81de9 elementor-widget elementor-widget-heading\" data-id=\"bc81de9\" data-element_type=\"widget\" data-widget_type=\"heading.default\">\n\t\t\t\t<div class=\"elementor-widget-container\">\n\t\t\t\t\t<h2 class=\"elementor-heading-title elementor-size-default\">Parmi nos activit\u00e9s\n<\/h2>\t\t\t\t<\/div>\n\t\t\t\t<\/div>\n\t\t\t\t\t<\/div>\n\t\t\t\t<\/div>\n\t\t<div class=\"elementor-element elementor-element-8ed0bda e-flex e-con-boxed e-con e-parent\" data-id=\"8ed0bda\" data-element_type=\"container\" data-settings=\"{&quot;_ha_eqh_enable&quot;:false}\">\n\t\t\t\t\t<div class=\"e-con-inner\">\n\t\t\t\t<div class=\"elementor-element elementor-element-8d0ff96 elementor-grid-3 elementor-grid-tablet-2 elementor-grid-mobile-1 elementor-posts--thumbnail-top elementor-widget elementor-widget-posts\" data-id=\"8d0ff96\" data-element_type=\"widget\" data-settings=\"{&quot;pagination_type&quot;:&quot;numbers&quot;,&quot;classic_columns&quot;:&quot;3&quot;,&quot;classic_columns_tablet&quot;:&quot;2&quot;,&quot;classic_columns_mobile&quot;:&quot;1&quot;,&quot;classic_row_gap&quot;:{&quot;unit&quot;:&quot;px&quot;,&quot;size&quot;:35,&quot;sizes&quot;:[]},&quot;classic_row_gap_tablet&quot;:{&quot;unit&quot;:&quot;px&quot;,&quot;size&quot;:&quot;&quot;,&quot;sizes&quot;:[]},&quot;classic_row_gap_mobile&quot;:{&quot;unit&quot;:&quot;px&quot;,&quot;size&quot;:&quot;&quot;,&quot;sizes&quot;:[]}}\" data-widget_type=\"posts.classic\">\n\t\t\t\t<div class=\"elementor-widget-container\">\n\t\t\t\t\t\t\t<div class=\"elementor-posts-container elementor-posts elementor-posts--skin-classic elementor-grid\">\n\t\t\t\t<article class=\"elementor-post elementor-grid-item post-8370 post type-post status-publish format-standard has-post-thumbnail hentry category-actualites-du-reseau category-departement-des-campagnes-saisonnieres\">\n\t\t\t\t<a class=\"elementor-post__thumbnail__link\" href=\"https:\/\/radros.org\/fr\/2025\/01\/18\/dans-le-cadre-de-la-campagne-hiver-chaleureux-40-familles-beneficiaires-dans-la-region-du-kef-vivent-un-hiver-au-chaud\/\" tabindex=\"-1\" target=&quot;_blank&quot;>\n\t\t\t<div class=\"elementor-post__thumbnail\"><img fetchpriority=\"high\" decoding=\"async\" width=\"300\" height=\"225\" src=\"https:\/\/radros.org\/wp-content\/uploads\/2025\/01\/WhatsApp-Image-2025-01-18-a-09.17.43_6c352134-300x225.jpg\" class=\"attachment-medium size-medium wp-image-6935\" alt=\"\" srcset=\"https:\/\/radros.org\/wp-content\/uploads\/2025\/01\/WhatsApp-Image-2025-01-18-a-09.17.43_6c352134-300x225.jpg 300w, https:\/\/radros.org\/wp-content\/uploads\/2025\/01\/WhatsApp-Image-2025-01-18-a-09.17.43_6c352134-1024x768.jpg 1024w, https:\/\/radros.org\/wp-content\/uploads\/2025\/01\/WhatsApp-Image-2025-01-18-a-09.17.43_6c352134-768x576.jpg 768w, https:\/\/radros.org\/wp-content\/uploads\/2025\/01\/WhatsApp-Image-2025-01-18-a-09.17.43_6c352134.jpg 1280w\" sizes=\"(max-width: 300px) 100vw, 300px\" \/><\/div>\n\t\t<\/a>\n\t\t\t\t<div class=\"elementor-post__text\">\n\t\t\t\t<h2 class=\"elementor-post__title\">\n\t\t\t<a href=\"https:\/\/radros.org\/fr\/2025\/01\/18\/dans-le-cadre-de-la-campagne-hiver-chaleureux-40-familles-beneficiaires-dans-la-region-du-kef-vivent-un-hiver-au-chaud\/\" target=&quot;_blank&quot;>\n\t\t\t\tDans le cadre de la campagne &#8220;Hiver chaleureux&#8221;, 40 familles b\u00e9n\u00e9ficiaires dans la r\u00e9gion du KEF vivent un hiver au chaud.\t\t\t<\/a>\n\t\t<\/h2>\n\t\t\n\t\t<a class=\"elementor-post__read-more\" href=\"https:\/\/radros.org\/fr\/2025\/01\/18\/dans-le-cadre-de-la-campagne-hiver-chaleureux-40-familles-beneficiaires-dans-la-region-du-kef-vivent-un-hiver-au-chaud\/\" aria-label=\"Read more about Dans le cadre de la campagne &#8220;Hiver chaleureux&#8221;, 40 familles b\u00e9n\u00e9ficiaires dans la r\u00e9gion du KEF vivent un hiver au chaud.\" tabindex=\"-1\" target=\"_blank\">\n\t\t\tLire la suite &gt;&gt;\t\t<\/a>\n\n\t\t\t\t<\/div>\n\t\t\t\t<\/article>\n\t\t\t\t<article class=\"elementor-post elementor-grid-item post-8374 post type-post status-publish format-standard has-post-thumbnail hentry category-actualites-du-reseau category-departement-des-campagnes-saisonnieres\">\n\t\t\t\t<a class=\"elementor-post__thumbnail__link\" href=\"https:\/\/radros.org\/fr\/2025\/01\/15\/le-reseau-met-en-oeuvre-le-projet-de-la-campagne-hiver-chaleureux-dans-la-region-de-kasserine\/\" tabindex=\"-1\" target=&quot;_blank&quot;>\n\t\t\t<div class=\"elementor-post__thumbnail\"><img decoding=\"async\" width=\"300\" height=\"225\" src=\"https:\/\/radros.org\/wp-content\/uploads\/2025\/01\/WhatsApp-Image-2025-01-15-a-15.29.50_8ce4a493-300x225.jpg\" class=\"attachment-medium size-medium wp-image-6970\" alt=\"\" srcset=\"https:\/\/radros.org\/wp-content\/uploads\/2025\/01\/WhatsApp-Image-2025-01-15-a-15.29.50_8ce4a493-300x225.jpg 300w, https:\/\/radros.org\/wp-content\/uploads\/2025\/01\/WhatsApp-Image-2025-01-15-a-15.29.50_8ce4a493-1024x768.jpg 1024w, https:\/\/radros.org\/wp-content\/uploads\/2025\/01\/WhatsApp-Image-2025-01-15-a-15.29.50_8ce4a493-768x576.jpg 768w, https:\/\/radros.org\/wp-content\/uploads\/2025\/01\/WhatsApp-Image-2025-01-15-a-15.29.50_8ce4a493.jpg 1280w\" sizes=\"(max-width: 300px) 100vw, 300px\" \/><\/div>\n\t\t<\/a>\n\t\t\t\t<div class=\"elementor-post__text\">\n\t\t\t\t<h2 class=\"elementor-post__title\">\n\t\t\t<a href=\"https:\/\/radros.org\/fr\/2025\/01\/15\/le-reseau-met-en-oeuvre-le-projet-de-la-campagne-hiver-chaleureux-dans-la-region-de-kasserine\/\" target=&quot;_blank&quot;>\n\t\t\t\tR.A.D.R.O.S met en \u0153uvre le projet de la campagne &#8220;Hiver chaleureux&#8221; dans la r\u00e9gion de KASSERINE:\t\t\t<\/a>\n\t\t<\/h2>\n\t\t\n\t\t<a class=\"elementor-post__read-more\" href=\"https:\/\/radros.org\/fr\/2025\/01\/15\/le-reseau-met-en-oeuvre-le-projet-de-la-campagne-hiver-chaleureux-dans-la-region-de-kasserine\/\" aria-label=\"Read more about R.A.D.R.O.S met en \u0153uvre le projet de la campagne &#8220;Hiver chaleureux&#8221; dans la r\u00e9gion de KASSERINE:\" tabindex=\"-1\" target=\"_blank\">\n\t\t\tLire la suite &gt;&gt;\t\t<\/a>\n\n\t\t\t\t<\/div>\n\t\t\t\t<\/article>\n\t\t\t\t<article class=\"elementor-post elementor-grid-item post-8412 post type-post status-publish format-standard has-post-thumbnail hentry category-actualites-du-reseau category-departement-des-campagnes-saisonnieres\">\n\t\t\t\t<a class=\"elementor-post__thumbnail__link\" href=\"https:\/\/radros.org\/fr\/2024\/10\/14\/achevement-par-le-reseau-de-la-campagne-de-rentree-scolaire\/\" tabindex=\"-1\" target=&quot;_blank&quot;>\n\t\t\t<div class=\"elementor-post__thumbnail\"><img decoding=\"async\" width=\"300\" height=\"200\" src=\"https:\/\/radros.org\/wp-content\/uploads\/2024\/10\/DSC05463-300x200.jpg\" class=\"attachment-medium size-medium wp-image-6174\" alt=\"\" srcset=\"https:\/\/radros.org\/wp-content\/uploads\/2024\/10\/DSC05463-300x200.jpg 300w, https:\/\/radros.org\/wp-content\/uploads\/2024\/10\/DSC05463-1024x683.jpg 1024w, https:\/\/radros.org\/wp-content\/uploads\/2024\/10\/DSC05463-768x512.jpg 768w, https:\/\/radros.org\/wp-content\/uploads\/2024\/10\/DSC05463-1536x1024.jpg 1536w, https:\/\/radros.org\/wp-content\/uploads\/2024\/10\/DSC05463-2048x1365.jpg 2048w\" sizes=\"(max-width: 300px) 100vw, 300px\" \/><\/div>\n\t\t<\/a>\n\t\t\t\t<div class=\"elementor-post__text\">\n\t\t\t\t<h2 class=\"elementor-post__title\">\n\t\t\t<a href=\"https:\/\/radros.org\/fr\/2024\/10\/14\/achevement-par-le-reseau-de-la-campagne-de-rentree-scolaire\/\" target=&quot;_blank&quot;>\n\t\t\t\tAch\u00e8vement par le r\u00e9seau de la campagne de rentr\u00e9e scolaire :\t\t\t<\/a>\n\t\t<\/h2>\n\t\t\n\t\t<a class=\"elementor-post__read-more\" href=\"https:\/\/radros.org\/fr\/2024\/10\/14\/achevement-par-le-reseau-de-la-campagne-de-rentree-scolaire\/\" aria-label=\"Read more about Ach\u00e8vement par le r\u00e9seau de la campagne de rentr\u00e9e scolaire :\" tabindex=\"-1\" target=\"_blank\">\n\t\t\tLire la suite &gt;&gt;\t\t<\/a>\n\n\t\t\t\t<\/div>\n\t\t\t\t<\/article>\n\t\t\t\t<\/div>\n\t\t\n\t\t\t\t<div class=\"e-load-more-anchor\" data-page=\"1\" data-max-page=\"2\" data-next-page=\"https:\/\/radros.org\/fr\/wp-json\/wp\/v2\/pages\/8950\/page\/2\/\"><\/div>\n\t\t\t\t<nav class=\"elementor-pagination\" aria-label=\"Pagination\">\n\t\t\t<span aria-current=\"page\" class=\"page-numbers current\"><span class=\"elementor-screen-only\">Page<\/span>1<\/span>\n<a class=\"page-numbers\" href=\"https:\/\/radros.org\/fr\/wp-json\/wp\/v2\/pages\/8950\/page\/2\/\"><span class=\"elementor-screen-only\">Page<\/span>2<\/a>\t\t<\/nav>\n\t\t\t\t\t\t<\/div>\n\t\t\t\t<\/div>\n\t\t\t\t<div class=\"elementor-element elementor-element-143b2a7 elementor-widget elementor-widget-spacer\" data-id=\"143b2a7\" data-element_type=\"widget\" data-widget_type=\"spacer.default\">\n\t\t\t\t<div class=\"elementor-widget-container\">\n\t\t\t\t\t\t\t<div class=\"elementor-spacer\">\n\t\t\t<div class=\"elementor-spacer-inner\"><\/div>\n\t\t<\/div>\n\t\t\t\t\t\t<\/div>\n\t\t\t\t<\/div>\n\t\t\t\t\t<\/div>\n\t\t\t\t<\/div>\n\t\t<div class=\"elementor-element elementor-element-2870648 e-flex e-con-boxed e-con e-parent\" data-id=\"2870648\" data-element_type=\"container\" data-settings=\"{&quot;_ha_eqh_enable&quot;:false}\">\n\t\t\t\t\t<div class=\"e-con-inner\">\n\t\t\t\t\t<\/div>\n\t\t\t\t<\/div>\n\t\t<div class=\"elementor-element elementor-element-124a871 e-con-full e-flex e-con e-parent\" data-id=\"124a871\" data-element_type=\"container\" data-settings=\"{&quot;background_background&quot;:&quot;slideshow&quot;,&quot;background_slideshow_gallery&quot;:[{&quot;id&quot;:2705,&quot;url&quot;:&quot;https:\\\/\\\/radros.org\\\/wp-content\\\/uploads\\\/2024\\\/01\\\/IMG_0863-1.gif&quot;}],&quot;background_slideshow_loop&quot;:&quot;yes&quot;,&quot;background_slideshow_slide_duration&quot;:5000,&quot;background_slideshow_slide_transition&quot;:&quot;fade&quot;,&quot;background_slideshow_transition_duration&quot;:500,&quot;_ha_eqh_enable&quot;:false}\">\n\t\t<div class=\"elementor-element elementor-element-61e7ddc e-con-full e-flex e-con e-child\" data-id=\"61e7ddc\" data-element_type=\"container\" data-settings=\"{&quot;background_background&quot;:&quot;slideshow&quot;,&quot;background_slideshow_gallery&quot;:[],&quot;background_slideshow_loop&quot;:&quot;yes&quot;,&quot;background_slideshow_slide_duration&quot;:5000,&quot;background_slideshow_slide_transition&quot;:&quot;fade&quot;,&quot;background_slideshow_transition_duration&quot;:500,&quot;_ha_eqh_enable&quot;:false}\">\n\t\t\t\t<div class=\"elementor-element elementor-element-4f864f2 elementor-widget elementor-widget-heading\" data-id=\"4f864f2\" data-element_type=\"widget\" data-widget_type=\"heading.default\">\n\t\t\t\t<div class=\"elementor-widget-container\">\n\t\t\t\t\t<h1 class=\"elementor-heading-title elementor-size-default\">Nous construisons la Tunisie de nos propres mains<br>\nNous investissons votre confiance dans le bien<\/h1>\t\t\t\t<\/div>\n\t\t\t\t<\/div>\n\t\t\t\t<div class=\"elementor-element elementor-element-f4eeda3 elementor-widget elementor-widget-heading\" data-id=\"f4eeda3\" data-element_type=\"widget\" data-widget_type=\"heading.default\">\n\t\t\t\t<div class=\"elementor-widget-container\">\n\t\t\t\t\t<h1 class=\"elementor-heading-title elementor-size-default\">Change ta vie aujourd\u2019hui<\/h1>\t\t\t\t<\/div>\n\t\t\t\t<\/div>\n\t\t\t\t<div class=\"elementor-element elementor-element-7b717f7 ha-dual-button--align-center elementor-widget__width-initial ha-dual-button--layout-queue ha-dual-button--tablet-layout-queue ha-dual-button--mobile-layout-queue elementor-widget elementor-widget-ha-dual-button happy-addon ha-dual-button\" data-id=\"7b717f7\" data-element_type=\"widget\" data-widget_type=\"ha-dual-button.default\">\n\t\t\t\t<div class=\"elementor-widget-container\">\n\t\t\t\t\t        <div class=\"ha-dual-btn-wrapper\">\n            <a class=\"ha-dual-btn ha-dual-btn--left\" href=\"https:\/\/radros.org\/%d8%aa%d9%88%d8%a7%d8%b5%d9%84-%d9%85%d8%b9%d9%86%d8%a7\/%d8%aa%d8%a8%d8%b1%d8%b9\/\">\n                                                    <span >Faites un don maintenant <\/span>\n                                            <\/a>\n                    <\/div>\n        <div class=\"ha-dual-btn-wrapper\">\n            <a class=\"ha-dual-btn ha-dual-btn--right\" href=\"#elementor-action%3Aaction%3Dpopup%3Aopen%26settings%3DeyJpZCI6IjM1NDQiLCJ0b2dnbGUiOnRydWV9\">\n                                                    <span > Contactez-nous<\/span>\n                                            <\/a>\n        <\/div>\n        \t\t\t\t<\/div>\n\t\t\t\t<\/div>\n\t\t\t\t<\/div>\n\t\t\t\t<\/div>\n\t\t\t\t<\/div>\n\t\t","protected":false},"excerpt":{"rendered":"<p>Le r\u00e9seau des associations de d\u00e9veloppement &#8221;rameau d&#8217;olive&#8221; Nous construisons la Tunisie de nos propres mains Nous investissons votre confiance dans le bien D\u00e9partement des<\/p>\n","protected":false},"author":1,"featured_media":0,"parent":0,"menu_order":0,"comment_status":"closed","ping_status":"closed","template":"elementor_header_footer","meta":{"_acf_changed":false,"give_campaign_id":0,"footnotes":""},"class_list":["post-8950","page","type-page","status-publish","hentry"],"acf":[],"campaignId":"","_links":{"self":[{"href":"https:\/\/radros.org\/fr\/wp-json\/wp\/v2\/pages\/8950","targetHints":{"allow":["GET"]}}],"collection":[{"href":"https:\/\/radros.org\/fr\/wp-json\/wp\/v2\/pages"}],"about":[{"href":"https:\/\/radros.org\/fr\/wp-json\/wp\/v2\/types\/page"}],"author":[{"embeddable":true,"href":"https:\/\/radros.org\/fr\/wp-json\/wp\/v2\/users\/1"}],"replies":[{"embeddable":true,"href":"https:\/\/radros.org\/fr\/wp-json\/wp\/v2\/comments?post=8950"}],"version-history":[{"count":12,"href":"https:\/\/radros.org\/fr\/wp-json\/wp\/v2\/pages\/8950\/revisions"}],"predecessor-version":[{"id":10594,"href":"https:\/\/radros.org\/fr\/wp-json\/wp\/v2\/pages\/8950\/revisions\/10594"}],"wp:attachment":[{"href":"https:\/\/radros.org\/fr\/wp-json\/wp\/v2\/media?parent=8950"}],"curies":[{"name":"wp","href":"https:\/\/api.w.org\/{rel}","templated":true}]}}