{"id":8983,"date":"2025-05-27T10:17:33","date_gmt":"2025-05-27T10:17:33","guid":{"rendered":"https:\/\/radros.org\/departement-des-parrainages\/"},"modified":"2025-06-09T15:02:00","modified_gmt":"2025-06-09T15:02:00","slug":"departement-des-parrainages","status":"publish","type":"page","link":"https:\/\/radros.org\/fr\/departement-des-parrainages\/","title":{"rendered":"D\u00e9partement des parrainages"},"content":{"rendered":"\t\t<div data-elementor-type=\"wp-page\" data-elementor-id=\"8983\" class=\"elementor elementor-8983 elementor-8477\" data-elementor-settings=\"{&quot;ha_cmc_init_switcher&quot;:&quot;no&quot;}\" data-elementor-post-type=\"page\">\n\t\t\t\t<div class=\"elementor-element elementor-element-355a3c9 e-con-full e-flex e-con e-parent\" data-id=\"355a3c9\" data-element_type=\"container\" data-settings=\"{&quot;background_background&quot;:&quot;slideshow&quot;,&quot;background_slideshow_gallery&quot;:[{&quot;id&quot;:2739,&quot;url&quot;:&quot;https:\\\/\\\/radros.org\\\/wp-content\\\/uploads\\\/2024\\\/01\\\/IMG_0862-5.gif&quot;}],&quot;background_slideshow_loop&quot;:&quot;yes&quot;,&quot;background_slideshow_slide_duration&quot;:5000,&quot;background_slideshow_slide_transition&quot;:&quot;fade&quot;,&quot;background_slideshow_transition_duration&quot;:500,&quot;_ha_eqh_enable&quot;:false}\">\n\t\t\t\t<div class=\"elementor-element elementor-element-6cd9282 elementor-widget elementor-widget-spacer\" data-id=\"6cd9282\" data-element_type=\"widget\" data-widget_type=\"spacer.default\">\n\t\t\t\t<div class=\"elementor-widget-container\">\n\t\t\t\t\t\t\t<div class=\"elementor-spacer\">\n\t\t\t<div class=\"elementor-spacer-inner\"><\/div>\n\t\t<\/div>\n\t\t\t\t\t\t<\/div>\n\t\t\t\t<\/div>\n\t\t\t\t<div class=\"elementor-element elementor-element-a49a015 elementor-widget elementor-widget-heading\" data-id=\"a49a015\" data-element_type=\"widget\" data-widget_type=\"heading.default\">\n\t\t\t\t<div class=\"elementor-widget-container\">\n\t\t\t\t\t<h1 class=\"elementor-heading-title elementor-size-default\">Le r\u00e9seau des associations de d\u00e9veloppement ''rameau d'olive''<\/h1>\t\t\t\t<\/div>\n\t\t\t\t<\/div>\n\t\t\t\t<div class=\"elementor-element elementor-element-c8ffc41 elementor-widget elementor-widget-heading\" data-id=\"c8ffc41\" data-element_type=\"widget\" data-widget_type=\"heading.default\">\n\t\t\t\t<div class=\"elementor-widget-container\">\n\t\t\t\t\t<h1 class=\"elementor-heading-title elementor-size-default\">Nous construisons la Tunisie de nos propres mains<br>\nNous investissons votre confiance dans le bien<\/h1>\t\t\t\t<\/div>\n\t\t\t\t<\/div>\n\t\t\t\t<\/div>\n\t\t<div class=\"elementor-element elementor-element-cf898b1 e-con-full e-flex e-con e-parent\" data-id=\"cf898b1\" data-element_type=\"container\" data-settings=\"{&quot;_ha_eqh_enable&quot;:false}\">\n\t\t<div class=\"elementor-element elementor-element-869c721 e-con-full e-flex e-con e-child\" data-id=\"869c721\" data-element_type=\"container\" data-settings=\"{&quot;_ha_eqh_enable&quot;:false}\">\n\t\t<div class=\"elementor-element elementor-element-28b04cd e-con-full e-flex e-con e-child\" data-id=\"28b04cd\" data-element_type=\"container\" data-settings=\"{&quot;_ha_eqh_enable&quot;:false}\">\n\t\t\t\t<div class=\"elementor-element elementor-element-d19c32b elementor-widget elementor-widget-spacer\" data-id=\"d19c32b\" data-element_type=\"widget\" data-widget_type=\"spacer.default\">\n\t\t\t\t<div class=\"elementor-widget-container\">\n\t\t\t\t\t\t\t<div class=\"elementor-spacer\">\n\t\t\t<div class=\"elementor-spacer-inner\"><\/div>\n\t\t<\/div>\n\t\t\t\t\t\t<\/div>\n\t\t\t\t<\/div>\n\t\t\t\t<\/div>\n\t\t\t\t<\/div>\n\t\t\t\t<\/div>\n\t\t<div class=\"elementor-element elementor-element-1f39885 e-flex e-con-boxed e-con e-parent\" data-id=\"1f39885\" data-element_type=\"container\" data-settings=\"{&quot;_ha_eqh_enable&quot;:false}\">\n\t\t\t\t\t<div class=\"e-con-inner\">\n\t\t<div class=\"elementor-element elementor-element-d7721da e-flex e-con-boxed e-con e-child\" data-id=\"d7721da\" data-element_type=\"container\" data-settings=\"{&quot;_ha_eqh_enable&quot;:false}\">\n\t\t\t\t\t<div class=\"e-con-inner\">\n\t\t<div class=\"elementor-element elementor-element-4d6d710 e-flex e-con-boxed e-con e-child\" data-id=\"4d6d710\" data-element_type=\"container\" data-settings=\"{&quot;_ha_eqh_enable&quot;:false}\">\n\t\t\t\t\t<div class=\"e-con-inner\">\n\t\t<div class=\"elementor-element elementor-element-86d320f e-con-full e-flex e-con e-child\" data-id=\"86d320f\" data-element_type=\"container\" data-settings=\"{&quot;_ha_eqh_enable&quot;:false}\">\n\t\t\t\t<div class=\"elementor-element elementor-element-a28b8a4 elementor-widget-divider--view-line elementor-widget elementor-widget-divider\" data-id=\"a28b8a4\" data-element_type=\"widget\" data-widget_type=\"divider.default\">\n\t\t\t\t<div class=\"elementor-widget-container\">\n\t\t\t\t\t\t\t<div class=\"elementor-divider\">\n\t\t\t<span class=\"elementor-divider-separator\">\n\t\t\t\t\t\t<\/span>\n\t\t<\/div>\n\t\t\t\t\t\t<\/div>\n\t\t\t\t<\/div>\n\t\t\t\t<\/div>\n\t\t<div class=\"elementor-element elementor-element-a36c4c6 e-con-full e-flex e-con e-child\" data-id=\"a36c4c6\" data-element_type=\"container\" data-settings=\"{&quot;_ha_eqh_enable&quot;:false}\">\n\t\t\t\t<div class=\"elementor-element elementor-element-26d6d0e elementor-widget__width-initial elementor-widget elementor-widget-heading\" data-id=\"26d6d0e\" data-element_type=\"widget\" data-widget_type=\"heading.default\">\n\t\t\t\t<div class=\"elementor-widget-container\">\n\t\t\t\t\t<h2 class=\"elementor-heading-title elementor-size-small\">D\u00e9partement des parrainages<\/h2>\t\t\t\t<\/div>\n\t\t\t\t<\/div>\n\t\t\t\t<\/div>\n\t\t<div class=\"elementor-element elementor-element-56edcd6 e-con-full e-flex e-con e-child\" data-id=\"56edcd6\" data-element_type=\"container\" data-settings=\"{&quot;_ha_eqh_enable&quot;:false}\">\n\t\t\t\t<div class=\"elementor-element elementor-element-a4203fb elementor-widget-divider--view-line elementor-widget elementor-widget-divider\" data-id=\"a4203fb\" data-element_type=\"widget\" data-widget_type=\"divider.default\">\n\t\t\t\t<div class=\"elementor-widget-container\">\n\t\t\t\t\t\t\t<div class=\"elementor-divider\">\n\t\t\t<span class=\"elementor-divider-separator\">\n\t\t\t\t\t\t<\/span>\n\t\t<\/div>\n\t\t\t\t\t\t<\/div>\n\t\t\t\t<\/div>\n\t\t\t\t<\/div>\n\t\t\t\t\t<\/div>\n\t\t\t\t<\/div>\n\t\t\t\t<div class=\"elementor-element elementor-element-245a9ed elementor-widget elementor-widget-heading\" data-id=\"245a9ed\" data-element_type=\"widget\" data-widget_type=\"heading.default\">\n\t\t\t\t<div class=\"elementor-widget-container\">\n\t\t\t\t\t<h1 class=\"elementor-heading-title elementor-size-default\">Pr\u00e9sentation :<\/h1>\t\t\t\t<\/div>\n\t\t\t\t<\/div>\n\t\t\t\t\t<\/div>\n\t\t\t\t<\/div>\n\t\t<div class=\"elementor-element elementor-element-3cfdb81 e-flex e-con-boxed e-con e-child\" data-id=\"3cfdb81\" data-element_type=\"container\" data-settings=\"{&quot;_ha_eqh_enable&quot;:false}\">\n\t\t\t\t\t<div class=\"e-con-inner\">\n\t\t\t\t<div class=\"elementor-element elementor-element-214f3bd elementor-widget elementor-widget-heading\" data-id=\"214f3bd\" data-element_type=\"widget\" data-widget_type=\"heading.default\">\n\t\t\t\t<div class=\"elementor-widget-container\">\n\t\t\t\t\t<h2 class=\"elementor-heading-title elementor-size-default\">Le d\u00e9partement des parrainages supervise toutes les actions caritatives qui r\u00e9pondent aux besoins des groupes vuln\u00e9rables. Ces aides visent \u00e0 r\u00e9aliser l\u2019\u00e9galit\u00e9 sociale et \u00e0 renforcer les valeurs de coop\u00e9ration et de solidarit\u00e9 entre les membres de la nation.\nLe bureau de l'action humanitaire incluent des aides financi\u00e8res, qu\u2019elles soient ponctuelles ou permanentes, destin\u00e9es \u00e0 diff\u00e9rentes couches sociales telles que les familles d\u00e9munies, les veuves, les orphelins, les \u00e9tudiants issus de familles pauvres, les personnes handicap\u00e9es et divers cas m\u00e9dicaux. Ils englobent \u00e9galement les interventions saisonni\u00e8res li\u00e9es aux p\u00e9riodes des f\u00eates, du Ramadan et de la rentr\u00e9e scolaire, ainsi que des interventions exceptionnelles visant \u00e0 apporter une assistance aux cat\u00e9gories affect\u00e9es par les crises sanitaires, les catastrophes naturelles ou d\u2019autres circonstances d\u2019urgence \n\n\n\n\n<\/h2>\t\t\t\t<\/div>\n\t\t\t\t<\/div>\n\t\t\t\t<div class=\"elementor-element elementor-element-8ae8278 elementor-widget elementor-widget-spacer\" data-id=\"8ae8278\" data-element_type=\"widget\" data-widget_type=\"spacer.default\">\n\t\t\t\t<div class=\"elementor-widget-container\">\n\t\t\t\t\t\t\t<div class=\"elementor-spacer\">\n\t\t\t<div class=\"elementor-spacer-inner\"><\/div>\n\t\t<\/div>\n\t\t\t\t\t\t<\/div>\n\t\t\t\t<\/div>\n\t\t\t\t\t<\/div>\n\t\t\t\t<\/div>\n\t\t\t\t\t<\/div>\n\t\t\t\t<\/div>\n\t\t<div class=\"elementor-element elementor-element-67414be e-flex e-con-boxed e-con e-parent\" data-id=\"67414be\" data-element_type=\"container\" data-settings=\"{&quot;_ha_eqh_enable&quot;:false}\">\n\t\t\t\t\t<div class=\"e-con-inner\">\n\t\t\t\t<div class=\"elementor-element elementor-element-bc81de9 elementor-widget elementor-widget-heading\" data-id=\"bc81de9\" data-element_type=\"widget\" data-widget_type=\"heading.default\">\n\t\t\t\t<div class=\"elementor-widget-container\">\n\t\t\t\t\t<h2 class=\"elementor-heading-title elementor-size-default\">Parmi nos activit\u00e9s <\/h2>\t\t\t\t<\/div>\n\t\t\t\t<\/div>\n\t\t\t\t\t<\/div>\n\t\t\t\t<\/div>\n\t\t<div class=\"elementor-element elementor-element-8ed0bda e-flex e-con-boxed e-con e-parent\" data-id=\"8ed0bda\" data-element_type=\"container\" data-settings=\"{&quot;_ha_eqh_enable&quot;:false}\">\n\t\t\t\t\t<div class=\"e-con-inner\">\n\t\t\t\t<div class=\"elementor-element elementor-element-143b2a7 elementor-widget elementor-widget-spacer\" data-id=\"143b2a7\" data-element_type=\"widget\" data-widget_type=\"spacer.default\">\n\t\t\t\t<div class=\"elementor-widget-container\">\n\t\t\t\t\t\t\t<div class=\"elementor-spacer\">\n\t\t\t<div class=\"elementor-spacer-inner\"><\/div>\n\t\t<\/div>\n\t\t\t\t\t\t<\/div>\n\t\t\t\t<\/div>\n\t\t\t\t\t<\/div>\n\t\t\t\t<\/div>\n\t\t<div class=\"elementor-element elementor-element-2870648 e-flex e-con-boxed e-con e-parent\" data-id=\"2870648\" data-element_type=\"container\" data-settings=\"{&quot;_ha_eqh_enable&quot;:false}\">\n\t\t\t\t\t<div class=\"e-con-inner\">\n\t\t\t\t\t<\/div>\n\t\t\t\t<\/div>\n\t\t<div class=\"elementor-element elementor-element-124a871 e-con-full e-flex e-con e-parent\" data-id=\"124a871\" data-element_type=\"container\" data-settings=\"{&quot;background_background&quot;:&quot;slideshow&quot;,&quot;background_slideshow_gallery&quot;:[{&quot;id&quot;:2705,&quot;url&quot;:&quot;https:\\\/\\\/radros.org\\\/wp-content\\\/uploads\\\/2024\\\/01\\\/IMG_0863-1.gif&quot;}],&quot;background_slideshow_loop&quot;:&quot;yes&quot;,&quot;background_slideshow_slide_duration&quot;:5000,&quot;background_slideshow_slide_transition&quot;:&quot;fade&quot;,&quot;background_slideshow_transition_duration&quot;:500,&quot;_ha_eqh_enable&quot;:false}\">\n\t\t<div class=\"elementor-element elementor-element-61e7ddc e-con-full e-flex e-con e-child\" data-id=\"61e7ddc\" data-element_type=\"container\" data-settings=\"{&quot;background_background&quot;:&quot;slideshow&quot;,&quot;background_slideshow_gallery&quot;:[],&quot;background_slideshow_loop&quot;:&quot;yes&quot;,&quot;background_slideshow_slide_duration&quot;:5000,&quot;background_slideshow_slide_transition&quot;:&quot;fade&quot;,&quot;background_slideshow_transition_duration&quot;:500,&quot;_ha_eqh_enable&quot;:false}\">\n\t\t\t\t<div class=\"elementor-element elementor-element-22b554f elementor-widget elementor-widget-heading\" data-id=\"22b554f\" data-element_type=\"widget\" data-widget_type=\"heading.default\">\n\t\t\t\t<div class=\"elementor-widget-container\">\n\t\t\t\t\t<h1 class=\"elementor-heading-title elementor-size-default\">Nous construisons la Tunisie de nos propres mains<br>\nNous investissons votre confiance dans le bien<\/h1>\t\t\t\t<\/div>\n\t\t\t\t<\/div>\n\t\t\t\t<div class=\"elementor-element elementor-element-4c4866e elementor-widget elementor-widget-heading\" data-id=\"4c4866e\" data-element_type=\"widget\" data-widget_type=\"heading.default\">\n\t\t\t\t<div class=\"elementor-widget-container\">\n\t\t\t\t\t<h1 class=\"elementor-heading-title elementor-size-default\">Change ta vie aujourd\u2019hui<\/h1>\t\t\t\t<\/div>\n\t\t\t\t<\/div>\n\t\t\t\t<div class=\"elementor-element elementor-element-f71e0ed ha-dual-button--align-center elementor-widget__width-initial ha-dual-button--layout-queue ha-dual-button--tablet-layout-queue ha-dual-button--mobile-layout-queue elementor-widget elementor-widget-ha-dual-button happy-addon ha-dual-button\" data-id=\"f71e0ed\" data-element_type=\"widget\" data-widget_type=\"ha-dual-button.default\">\n\t\t\t\t<div class=\"elementor-widget-container\">\n\t\t\t\t\t        <div class=\"ha-dual-btn-wrapper\">\n            <a class=\"ha-dual-btn ha-dual-btn--left\" href=\"https:\/\/radros.org\/%d8%aa%d9%88%d8%a7%d8%b5%d9%84-%d9%85%d8%b9%d9%86%d8%a7\/%d8%aa%d8%a8%d8%b1%d8%b9\/\">\n                                                    <span >Faites un don maintenant <\/span>\n                                            <\/a>\n                    <\/div>\n        <div class=\"ha-dual-btn-wrapper\">\n            <a class=\"ha-dual-btn ha-dual-btn--right\" href=\"#elementor-action%3Aaction%3Dpopup%3Aopen%26settings%3DeyJpZCI6IjM1NDQiLCJ0b2dnbGUiOnRydWV9\">\n                                                    <span > Contactez-nous<\/span>\n                                            <\/a>\n        <\/div>\n        \t\t\t\t<\/div>\n\t\t\t\t<\/div>\n\t\t\t\t<\/div>\n\t\t\t\t<\/div>\n\t\t\t\t<\/div>\n\t\t","protected":false},"excerpt":{"rendered":"<p>Le r\u00e9seau des associations de d\u00e9veloppement &#8221;rameau d&#8217;olive&#8221; Nous construisons la Tunisie de nos propres mains Nous investissons votre confiance dans le bien D\u00e9partement des parrainages Pr\u00e9sentation : Le d\u00e9partement des parrainages supervise toutes les actions caritatives qui r\u00e9pondent aux besoins des groupes vuln\u00e9rables. Ces aides visent \u00e0 r\u00e9aliser l\u2019\u00e9galit\u00e9 sociale et \u00e0 renforcer les [&hellip;]<\/p>\n","protected":false},"author":1,"featured_media":0,"parent":0,"menu_order":0,"comment_status":"closed","ping_status":"closed","template":"elementor_header_footer","meta":{"_acf_changed":false,"give_campaign_id":0,"footnotes":""},"class_list":["post-8983","page","type-page","status-publish","hentry"],"acf":[],"campaignId":"","_links":{"self":[{"href":"https:\/\/radros.org\/fr\/wp-json\/wp\/v2\/pages\/8983","targetHints":{"allow":["GET"]}}],"collection":[{"href":"https:\/\/radros.org\/fr\/wp-json\/wp\/v2\/pages"}],"about":[{"href":"https:\/\/radros.org\/fr\/wp-json\/wp\/v2\/types\/page"}],"author":[{"embeddable":true,"href":"https:\/\/radros.org\/fr\/wp-json\/wp\/v2\/users\/1"}],"replies":[{"embeddable":true,"href":"https:\/\/radros.org\/fr\/wp-json\/wp\/v2\/comments?post=8983"}],"version-history":[{"count":10,"href":"https:\/\/radros.org\/fr\/wp-json\/wp\/v2\/pages\/8983\/revisions"}],"predecessor-version":[{"id":9880,"href":"https:\/\/radros.org\/fr\/wp-json\/wp\/v2\/pages\/8983\/revisions\/9880"}],"wp:attachment":[{"href":"https:\/\/radros.org\/fr\/wp-json\/wp\/v2\/media?parent=8983"}],"curies":[{"name":"wp","href":"https:\/\/api.w.org\/{rel}","templated":true}]}}